{"id":1000,"date":"2017-04-06T17:32:19","date_gmt":"2017-04-06T17:32:19","guid":{"rendered":"https:\/\/demo2.transvelo.in\/techmarket\/?page_id=1000"},"modified":"2023-06-09T13:07:33","modified_gmt":"2023-06-09T11:07:33","slug":"contact","status":"publish","type":"page","link":"https:\/\/fiberoptics24.eu\/et\/contact\/","title":{"rendered":"Kontakt"},"content":{"rendered":"<style type=\"text\/css\"><\/style>\n<section class=\"kc-elm kc-css-2667982 kc_row\">\n<div class=\"kc-row-container  kc-container\">\n<div class=\"kc-wrap-columns\">\n<div class=\"kc-elm kc-css-2262094 kc_col-sm-12 kc_column kc_col-sm-12\">\n<div class=\"kc-col-container\">\n<div class=\"kc-elm kc-css-2354148 kc_text_block\">\n<p>\n<span style=\"color: #23282d; font-size: 1.3em; font-weight: 600; font-style: inherit;\">J\u00e4tke meile teade<\/span><\/p>\n<section class=\"kc-elm kc-css-2194172 kc_row\">\n<div class=\"kc-row-container kc-container\">\n<div class=\"kc-wrap-columns\">\n<div class=\"kc-elm kc-css-760738 kc_col-sm-12 kc_column kc_col-sm-12\">\n<div class=\"kc-col-container\">\n<div id=\" \" class=\"kc-elm kc-css-2874499 kc_row kc_row_inner\">\n<div class=\"kc-elm kc-css-3982433 kc_col-sm-6 kc_column_inner kc_col-sm-6 contact-form\">\n<div class=\"kc_wrapper kc-col-inner-container\">\n<div class=\"kc-elm kc-css-866441 kc_text_block\">\n<p>K\u00fcsimuste korral v\u00f5tge meiega \u00fchendust.<\/p>\n<\/div>\n<div class=\"kc-elm kc-css-1269826 kc_text_block\">\n<div class=\"kc-contact-form7 kc-elm kc-css-524430\">\n<div id=\"wpcf7-f4411-o3\" class=\"wpcf7\" dir=\"ltr\" lang=\"en-US\" role=\"form\">\n<div class=\"screen-reader-response\"><\/div>\n<div><\/div>\n<p><label> Nimi (n\u00f5utav)<br \/><span class=\"wpcf7-form-control-wrap your-message\"><textarea class=\"wpcf7-form-control wpcf7-textarea\" cols=\"40\" name=\"your-message\" rows=\"1\"><\/textarea><\/span> <\/label><br \/><label>E-post (n\u00f5utav)<br \/><span class=\"wpcf7-form-control-wrap your-message\"><textarea class=\"wpcf7-form-control wpcf7-textarea\" cols=\"40\" name=\"your-message\" rows=\"1\"><\/textarea><\/span> <\/label><br \/><label>Teema<br \/><span class=\"wpcf7-form-control-wrap your-message\"><textarea class=\"wpcf7-form-control wpcf7-textarea\" cols=\"40\" name=\"your-message\" rows=\"1\"><\/textarea><\/span> <\/label><\/p>\n<p><label> S\u00f5num<br \/><span class=\"wpcf7-form-control-wrap your-message\"><textarea class=\"wpcf7-form-control wpcf7-textarea\" cols=\"40\" name=\"your-message\" rows=\"10\"><\/textarea><\/span><\/label><\/p>\n<p><label><span class=\"wpcf7-form-control-wrap your-message\"><span style=\"color: #1d2327; font-weight: 600; font-style: inherit;\">Meie Aadress<\/span><\/span><\/label><\/p>\n<\/div>\n<\/div>\n<\/div>\n<\/div>\n<\/div>\n<div class=\"kc-elm kc-css-380605 kc_col-sm-6 kc_column_inner kc_col-sm-6 store-info store-info-v2\">\n<div class=\"kc_wrapper kc-col-inner-container\">\n<div class=\"kc-elm kc-css-1007713 kc_text_block\">\n<p><strong>Veerenni 52, <\/strong><br \/><strong>Tallinn 11313 <\/strong><br \/><strong>Eesti<br \/><\/strong><br \/>Tel:\u00a0<a href=\"tel:699%206760\" target=\"_blank\" rel=\"noopener noreferrer\">+372 6996 760<\/a><br \/>E-post <a href=\"mailto:info@fiberoptics24-eu.vserver.zonevs.eu\">info.ee@hexatronic.com<\/a><\/p>\n<h3>Lahtiolekuajad<\/h3>\n<p class=\"operation-hours\">Esmasp\u00e4ev - Reede: 8:00 - 16:30<\/p>\n<\/div>\n<\/div>\n<\/div>\n<\/div>\n<\/div>\n<\/div>\n<\/div>\n<\/div>\n<\/section>\n<\/div>\n<div class=\"kc-elm kc-css-121324 kc_text_block\">\n<p>\n<iframe loading=\"lazy\" style=\"border: 0;\" src=\"https:\/\/www.google.com\/maps\/embed?pb=!1m18!1m12!1m3!1d1808.6614823596954!2d24.75711046517633!3d59.41382630122311!2m3!1f0!2f0!3f0!3m2!1i1024!2i768!4f13.1!3m3!1m2!1s0x0%3A0xda3ad8e8aae61156!2sBaltronic+O%C3%9C!5e0!3m2!1set!2see!4v1549437393257\" width=\"600\" height=\"450\" frameborder=\"0\" allowfullscreen=\"allowfullscreen\"><\/iframe><\/p>\n<\/div>\n<\/div>\n<\/div>\n<\/div>\n<\/div>\n<\/section>","protected":false},"excerpt":{"rendered":"<p>Leave us a Message Contact us if you have any questions about products or your order. Your Name (required) Your Email (required) Subject Your Message Our Address Veerenni 52, Tallinn<\/p>","protected":false},"author":1,"featured_media":0,"parent":0,"menu_order":0,"comment_status":"closed","ping_status":"closed","template":"","meta":{"jetpack_post_was_ever_published":false,"footnotes":""},"yst_prominent_words":[345,881,882],"class_list":["post-1000","page","type-page","status-publish","hentry"],"jetpack_sharing_enabled":true,"jetpack_shortlink":"https:\/\/wp.me\/P9CSwH-g8","_links":{"self":[{"href":"https:\/\/fiberoptics24.eu\/et\/wp-json\/wp\/v2\/pages\/1000","targetHints":{"allow":["GET"]}}],"collection":[{"href":"https:\/\/fiberoptics24.eu\/et\/wp-json\/wp\/v2\/pages"}],"about":[{"href":"https:\/\/fiberoptics24.eu\/et\/wp-json\/wp\/v2\/types\/page"}],"author":[{"embeddable":true,"href":"https:\/\/fiberoptics24.eu\/et\/wp-json\/wp\/v2\/users\/1"}],"replies":[{"embeddable":true,"href":"https:\/\/fiberoptics24.eu\/et\/wp-json\/wp\/v2\/comments?post=1000"}],"version-history":[{"count":0,"href":"https:\/\/fiberoptics24.eu\/et\/wp-json\/wp\/v2\/pages\/1000\/revisions"}],"wp:attachment":[{"href":"https:\/\/fiberoptics24.eu\/et\/wp-json\/wp\/v2\/media?parent=1000"}],"wp:term":[{"taxonomy":"yst_prominent_words","embeddable":true,"href":"https:\/\/fiberoptics24.eu\/et\/wp-json\/wp\/v2\/yst_prominent_words?post=1000"}],"curies":[{"name":"wp","href":"https:\/\/api.w.org\/{rel}","templated":true}]}}