{"id":4531,"date":"2018-02-04T12:01:30","date_gmt":"2018-02-04T12:01:30","guid":{"rendered":"https:\/\/fiberoptics24-eu.vserver.zonevs.eu\/?page_id=4531"},"modified":"2023-06-09T12:56:06","modified_gmt":"2023-06-09T10:56:06","slug":"privacy-policy","status":"publish","type":"page","link":"https:\/\/fiberoptics24.eu\/et\/tingimused\/privaatsus\/","title":{"rendered":"Privaatsustingimused"},"content":{"rendered":"<style type=\"text\/css\"><\/style>\n<section class=\"kc-elm kc-css-3553214 kc_row\">\n<div class=\"kc-row-container  kc-container\">\n<div class=\"kc-wrap-columns\">\n<div class=\"kc-elm kc-css-871936 kc_column kc_col-sm-12\">\n<div class=\"kc-col-container\">\n<div class=\"kc-elm kc-css-244332 kc_text_block\">\n<section class=\"section terms-conditions\">\n<p><strong>Hexatronic O\u00dc<\/strong> on v\u00f5tnud endale kohustuse kaitsta klientide ja kasutajate privaatsust. Sellest l\u00e4htuvalt oleme koostanud k\u00e4esolevad privaatsuspoliitika p\u00f5him\u00f5tted, mis k\u00e4sitlevad kliendi andmete kogumist, kasutamist, avaldamist ja talletamist. Meie tegevus internetis on koosk\u00f5las k\u00f5igi asjakohaste tegevuste ning vastavate Euroopa Liidu ja Eesti Vabariigi \u00f5igusaktidega.<\/p>\n<h2>Isikuandmete t\u00f6\u00f6tlemine<\/h2>\n<p>Veebipoe Fiberoptics24.eu (edaspidi Veebipood) isikuandmete vastutav t\u00f6\u00f6tleja on Hexatronic O\u00dc, registrikood 10729558, asukohaga Veerenni 52, 11313 Tallinn, Eesti, tel +372 699 6790 ja e-post\u00a0<span style=\"font-size:11.0pt;font-family:\" calibri\",sans-serif;=\"\" mso-fareast-font-family:calibri;mso-fareast-theme-font:minor-latin;mso-ligatures:=\"\" standardcontextual;mso-ansi-language:et;mso-fareast-language:en-us;mso-bidi-language:=\"\" ar-sa\"=\"\"><a href=\"mailto:hexatronic.ee@hexatronic.com\">hexatronic.ee@hexatronic.com.<\/a><\/span>Hexatronic O\u00dc edastab maksete sooritamiseks vajalikke isikuandmeid Maksekeskus AS-ile.<\/p>\n<h2>Milliseid isikuandmeid t\u00f6\u00f6deldakse<\/h2>\n<p><p><\/p><\/p>\n<ul>\n<li>Kliendi nimi, telefoninumber ja e-posti aadress;<\/li>\n<li>kauba kohaletoimetamise aadress;<\/li>\n<li>kaupade ja teenuste maksumus ja maksetega seotud andmed (ostuajalugu);<\/li>\n<li>klienditoe andmed.<\/li>\n<\/ul>\n<h2>Muude andmete kogumine<\/h2>\n<p class=\"translation-block\">Kogume ka isikustamata andmeid \u2013 andmeid, mida ei saa otseselt \u00fche kindla isikuga siduda (n\u00e4iteks keele eelistus ja asukoht). V\u00f5ime koguda ka andmeid klienditegevuste kohta meie veebisaidil. Need andmed koondatakse ja neid kasutatakse selleks, et saaksime klientidele edastada kasulikumat teavet ja saaksime teada, millised veebisaidi, toodete ja teenuste osad on k\u00f5ige huvipakkuvamad. Koondandmeid k\u00e4sitletakse selles privaatsuspoliitikas isikustamata andmetena.<\/p>\n<h2>Mis eesm\u00e4rgil isikuandmeid t\u00f6\u00f6deldakse<\/h2>\n<p>Isikuandmeid kasutatakse kliendi tellimuste haldamiseks ja kauba kohaletoimetamiseks.<br \/>Ostuajaloo andmeid (ostu kuup\u00e4ev, kaup, kogus, kliendi andmed) kasutatakse ostetud kaupade ja teenuste \u00fclevaate koostamiseks ning kliendieelistuste anal\u00fc\u00fcsimiseks.<br \/>Isikuandmeid nagu e-post, telefoni nr, kliendi nimi, t\u00f6\u00f6deldakse selleks, et lahendada kaupade ja teenuste osutamise seonduvaid k\u00fcsimusi (klienditugi).<br \/>Veebipoe kasutaja IP-aadressi v\u00f5i teisi v\u00f5rguidentifikaatoreid t\u00f6\u00f6deldakse Veebipoe kui info\u00fchiskonna teenuse osutamiseks ning veebikasutusstatistika tegemiseks.<\/p>\n<h2>\u00d5iguslik alus<\/h2>\n<p class=\"translation-block\">Isikuandmete t\u00f6\u00f6tlemine toimub kliendiga s\u00f5lmitud lepingu t\u00e4itmise eesm\u00e4rgil. Isikuandmete t\u00f6\u00f6tlemine toimub juriidiliste kohustuste t\u00e4itmiseks (nt raamatupidamine ja tarbijavaidluste lahendamine).<\/p>\n<h2>Vastuv\u00f5tjad, kellele isikuandmed edastatakse<\/h2>\n<p class=\"translation-block\">Isikuandmed edastatakse Veebipoe klienditoele ostude ja ostuajaloo haldamiseks ja kliendiprobleemide lahendamiseks. Nimi, telefoninumber ja e-posti aadress edastatakse kliendi poolt valitud transporditeenuse pakkujale. Kui tegemist on kulleriga kohale toimetatava kaubaga, siis edastatakse lisaks kontaktandmetele ka kliendi aadress.<\/p>\n<p class=\"translation-block\">Kui Veebipoe raamatupidamine toimub teenusepakkuja poolt, siis edastatakse isikuandmed teenusepakkujale raamatupidamistoimingute tegemiseks. Isikuandmeid v\u00f5idakse edastada infotehnoloogia teenuste pakkujatele, kui see on vajalik Veebipoe funktsionaalsuse v\u00f5i andmemajutuse tagamiseks.<\/p>\n<h2>Turvalisus ja andmetele ligip\u00e4\u00e4s<\/h2>\n<p class=\"translation-block\">Isikuandmeid hoitakse serverites, mis asuvad Euroopa Liidu liikmesriigi v\u00f5i Euroopa Liidu majanduspiirkonnaga liitunud riikide territooriumil. Andmeid v\u00f5idakse edastada riikidesse, mille andmekaitse taset on Euroopa Komisjon hinnanud piisavaks ning USA ettev\u00f5tetele, kes on liitund andmekaitse kilbi (Privacy Shield) raamistikuga.\nJuurdep\u00e4\u00e4s isikuandmetele on Veebipoe t\u00f6\u00f6tajatel, kes saavad isikuandmetega tutvuda selleks, et lahendada Veebipoe kasutamisega seonduvaid tehnilisi k\u00fcsimusi ning osutada klienditoe teenust. Veebipood rakendab asjakohaseid f\u00fc\u00fcsilisi, organisatsioonilisi ja infotehnilisi turvameetmeid, et kaitsta isikuandmeid juhusliku v\u00f5i ebaseadusliku h\u00e4vitamise, kaotsimineku, muutmise v\u00f5i loata juurdep\u00e4\u00e4su ja avalikustamise eest. Isikuandmete edastamine Veebipoe volitatud t\u00f6\u00f6tlejatele (nt transporditeenuse pakkuja ja andmemajutus) toimub Veebipoe ja volitatud t\u00f6\u00f6tlejatega s\u00f5lmitud lepingute alusel. Volitatud t\u00f6\u00f6tlejaid on kohustatud tagama isikuandmete t\u00f6\u00f6tlemisel asjakohased kaitsemeetmed.<\/p>\n<h2>Isikuandmetega tutvumine ja parandamine<\/h2>\n<p>Isikuandmetega saab tutvuda ja teha parandusi Veebipoe kasutajaprofiilis. Kui ost on sooritatud ilma kasutajakontota, siis saab tutvuda isikuandmetega klienditoe e-posti info.ee@hexatronic.com vahendusel.<\/p>\n<h2>N\u00f5usoleku tagasiv\u00f5tmine<\/h2>\n<p>Kui isikundmete t\u00f6\u00f6tlemine toimub kliendi n\u00f5usoleku alusel, siis on kliendil \u00f5igus n\u00f5usolek tagasi v\u00f5tta teavitades sellest Veebipoe kliendituge e-posti info.ee@hexatronic.com.<\/p>\n<h2>S\u00e4ilitamine<\/h2>\n<p class=\"translation-block\">Veebipoe kliendikonto sulgemisel kustutatakse isikuandmed, va juhul, kui selliseid andmeid on vaja s\u00e4ilitada raamatupidamise jaoks v\u00f5i tarbijavaidluste lahendamiseks.\nKui Veebipoes on ost sooritatud ilma kliendikontota, siis s\u00e4ilitatakse ostuajalugu 3 aastat. Maksetega ja tarbijavaidlustega seotud vaidluste korral s\u00e4ilitatakse isikuandmed kuni n\u00f5ude t\u00e4itmiseni v\u00f5i aegumist\u00e4htaja l\u00f5puni. Raamatupidamise jaoks vajalikud isikuandmed s\u00e4ilitatakse 7 aastat.<\/p>\n<h2>Kustutamine<\/h2>\n<p>Isikuandmete kustutamiseks tuleb v\u00f5tta \u00fchendust Veebipoe klienditoega e-posti info.ee@hexatronic.com teel. Kustutamistaotlusele vastatakse mitte hiljem kui 1 kuu jooksul ning t\u00e4psustakse andmete kustutamise periood.<\/p>\n<h2>\u00dclekandmine<\/h2>\n<p>E-posti teel esitatud isikuandmete \u00fclekandmise taotlusele vastatakse hiljemalt 1 kuu jooksul. Klienditugi tuvastab isikusamasuse ja teavitab isikuandmetest, mis kuuluvad \u00fclekandmisele.<\/p>\n<h2>Otseturustusteated<\/h2>\n<p class=\"translation-block\">E-posti aadressi ja telefoninumbrit kasutatakse otseturundusteadete saatmiseks, kui klient on andnud vastava n\u00f5usoleku. Kui klient ei soovi saada otseturustusteateid, siis tuleb valida e-kirja jaluses vastav viide v\u00f5i v\u00f5tta \u00fchendust Veebipoe klienditoega.\nKui isikuandmeid t\u00f6\u00f6deldakse otseturunduse eesm\u00e4rgil (profileerimine), on kliendil \u00f5igus oma isikuandmete nii algse kui ka edasise t\u00f6\u00f6tlemise, sealhulgas otseturundusega seotud profiilianal\u00fc\u00fcsi tegemise suhtes igal ajal vastuv\u00e4iteid esitada teavitades sellest Veebipoe kliendituge e-posti teel.<\/p>\n<h2>Vaidluste lahendamine<\/h2>\n<p>Isikuandmete t\u00f6\u00f6tlemisega seotud vaidluste lahendamine toimub klienditoe e-posti info.ee@hexatronic.com vahendusel. J\u00e4relevalveasutus on Eesti Andmekaitse Inspektsioon (kontakt e-post info@aki.ee).<\/p>\n<\/section>\n<\/div>\n<\/div>\n<\/div>\n<\/div>\n<\/div>\n<\/section>","protected":false},"excerpt":{"rendered":"<p>Hexatronic O\u00dc is committed to protecting the privacy of its customers and users. Accordingly, we have prepared the principles of this Privacy Policy, which deal with collecting, using, publishing and<\/p>","protected":false},"author":1,"featured_media":0,"parent":463,"menu_order":0,"comment_status":"closed","ping_status":"closed","template":"","meta":{"jetpack_post_was_ever_published":false,"footnotes":""},"yst_prominent_words":[835,852,863,860,856,861,862,853,865,859,844,832,866,858,854,857,867],"class_list":["post-4531","page","type-page","status-publish","hentry"],"jetpack_sharing_enabled":true,"jetpack_shortlink":"https:\/\/wp.me\/P9CSwH-1b5","_links":{"self":[{"href":"https:\/\/fiberoptics24.eu\/et\/wp-json\/wp\/v2\/pages\/4531","targetHints":{"allow":["GET"]}}],"collection":[{"href":"https:\/\/fiberoptics24.eu\/et\/wp-json\/wp\/v2\/pages"}],"about":[{"href":"https:\/\/fiberoptics24.eu\/et\/wp-json\/wp\/v2\/types\/page"}],"author":[{"embeddable":true,"href":"https:\/\/fiberoptics24.eu\/et\/wp-json\/wp\/v2\/users\/1"}],"replies":[{"embeddable":true,"href":"https:\/\/fiberoptics24.eu\/et\/wp-json\/wp\/v2\/comments?post=4531"}],"version-history":[{"count":0,"href":"https:\/\/fiberoptics24.eu\/et\/wp-json\/wp\/v2\/pages\/4531\/revisions"}],"up":[{"embeddable":true,"href":"https:\/\/fiberoptics24.eu\/et\/wp-json\/wp\/v2\/pages\/463"}],"wp:attachment":[{"href":"https:\/\/fiberoptics24.eu\/et\/wp-json\/wp\/v2\/media?parent=4531"}],"wp:term":[{"taxonomy":"yst_prominent_words","embeddable":true,"href":"https:\/\/fiberoptics24.eu\/et\/wp-json\/wp\/v2\/yst_prominent_words?post=4531"}],"curies":[{"name":"wp","href":"https:\/\/api.w.org\/{rel}","templated":true}]}}