{"id":4536,"date":"2018-02-04T12:04:51","date_gmt":"2018-02-04T12:04:51","guid":{"rendered":"https:\/\/fiberoptics24-eu.vserver.zonevs.eu\/?page_id=4536"},"modified":"2023-06-09T12:58:13","modified_gmt":"2023-06-09T10:58:13","slug":"retur-policy","status":"publish","type":"page","link":"https:\/\/fiberoptics24.eu\/et\/retur-policy\/","title":{"rendered":"Tagastamisreeglid"},"content":{"rendered":"<style type=\"text\/css\">body.kc-css-system .kc-css-3593041{display: block;}<\/style>\n<section class=\"kc-elm kc-css-3134185 kc_row\">\n<div class=\"kc-row-container  kc-container\">\n<div class=\"kc-wrap-columns\">\n<div class=\"kc-elm kc-css-4042425 kc_column kc_col-sm-12\">\n<div class=\"kc-col-container\">\n<div class=\"kc-elm kc-css-3593041 kc_text_block\">\n<p><strong>Tarbija taganemis\u00f5igus<\/strong><\/p>\n<p class=\"translation-block\">P\u00e4rast tellimuse k\u00e4ttesaamist on Tarbijal \u00f5igus Veebipoes s\u00f5lmitud m\u00fc\u00fcgilepingust taganeda 14 p\u00e4eva jooksul. Tulenevalt <strong><a href=\"https:\/\/www.riigiteataja.ee\/akt\/961235?leiaKehtiv\" target=\"_self\"><span class=\"s3\">v\u00f5la\u00f5igusseaduse \u00a7 53 lg-s 4,<\/span><\/a><\/strong>loetletud tingimustest ei ole \u00f5igus Tarbijal taganeda lepingust 14 p\u00e4eva jooksul muuhulgas, kui tarbijale on spetsiaalselt valmistatud eri n\u00f5uetest ja tingimustest tulenevaid tooteid. N\u00e4iteks optilise kaablid, mis on valmistatud spetsiaalselt Kliendi n\u00f5utud m\u00f5\u00f5dule v\u00f5i muul Kliendi n\u00f5utud viisil v\u00f5i tingimustel.<\/p>\n<p>14-p\u00e4evase tagastamis\u00f5iguse kasutamiseks ei tohi Klient tellitud kaupa kasutada muul viisil, kui on vajalik kauba olemuses, omadustes ja toimimises veendumiseks viisil nagu see on lubatud kauba testimiseks f\u00fc\u00fcsilises poes.<\/p>\n<p>Kui kaupa on kasutatud muuks otstarbeks kui on vajalik kauba olemuses, omadustes ja toimimises veendumiseks v\u00f5i sellel on kasutamise v\u00f5i kulumise m\u00e4rke, on M\u00fc\u00fcjal \u00f5igus alandada tagastatavat tasu vastavalt kauba v\u00e4\u00e4rtuse v\u00e4henemisele.<\/p>\n<p>Kauba tagastamiseks tuleb Kliendil esitada ostust taganemise avaldus, kasutades vormi, mille leiate siit <a href=\"https:\/\/fiberoptics24-eu.vserver.zonevs.eu\/wp-content\/uploads\/2019\/02\/DECLARATION-OF-WITHDRAWAL-EXAMPLE-FORM.docx\"><u><a href=\"https:\/\/fiberoptics24-eu.vserver.zonevs.eu\/wp-content\/uploads\/2019\/02\/DECLARATION-OF-WITHDRAWAL-EXAMPLE-FORM.docx\"><u>Taganemise avaldus<\/u><\/a><\/u><\/a>; ja saatke avaldus e-posti aadressile <font color=\"#2271b1\"><b><u>info.ee@hexatronic.com<\/u><\/b><\/font>&nbsp;14 p\u00e4eva jooksul peale kauba k\u00e4ttesaamist.<\/p>\n<p>Kauba tagastamise kulud kannab Klient, v\u00e4lja arvatud juhul, kui tagastamise p\u00f5hjus seisneb asjaolus, et tagastamisele kuuluv kaup ei vasta tellitule (nt vale v\u00f5i defektiga kaup).<\/p>\n<p>Tarbija peab kauba tagastama avalduse esitamisele j\u00e4rgneva 14 p\u00e4eva jooksul v\u00f5i esitama M\u00fc\u00fcjale t\u00f5endi, et ta on eelnimetatud perioodi jooksul kauba \u00fcle andnud kauba vedajale edastamaks see M\u00fc\u00fcjale.<\/p>\n<p>M\u00fc\u00fcja tagastab tagastatava kauba k\u00e4ttesaamisel Kliendile viivitamata, kuid mitte hiljem kui 14 p\u00e4eva m\u00f6\u00f6dumisel arvates taganemisavalduse saamisest, k\u00f5ik Kliendilt lepingu alusel saadud tasud.<\/p>\n<p>M\u00fc\u00fcja v\u00f5ib keelduda tagasimaksete tegemisest seni, kuni on m\u00fc\u00fcgilepingu esemeks oleva kauba tagasi saanud v\u00f5i kuni Klient on esitanud t\u00f5endid, et on kauba tagasi saatnud, s\u00f5ltuvalt sellest, kumb toimub varem.<\/p>\n<p>Kui Klient on s\u00f5naselgelt valinud Veebipoe pakutud k\u00f5ige odavamast tavap\u00e4rasest asja k\u00e4ttetoimetamise viisist erineva k\u00e4ttetoimetamise viisi, ei pea M\u00fc\u00fcja Kliendile tagastama kulu, mis \u00fcletab tavap\u00e4rase k\u00e4ttetoimetamise viisiga seotud kulu.<\/p>\n<p>M\u00fc\u00fcjal on \u00f5igus taganeda m\u00fc\u00fcgilepingust ning n\u00f5uda Kliendilt tagasi kaup, kui kauba hind Veebipoes on eksituse t\u00f5ttu m\u00e4rgitud oluliselt alla kauba turuhinna.<\/p>\n<p><strong>Pretensiooni esitamise \u00f5igus<\/strong><\/p>\n<p>M\u00fc\u00fcja vastutab Kliendile m\u00fc\u00fcdud kauba lepingutingimustele mittevastavuse v\u00f5i puuduse eest, mis oli olemas juba kauba \u00fcleandmise hetkel ning mis ilmneb kuni 2 aasta jooksul, alates kauba \u00fcleandmisest Kliendile.<\/p>\n<p>Kliendil on \u00f5igus puuduse ilmnemisel p\u00f6\u00f6rduda konkreetse kauba garantiiperioodi jooksul M\u00fc\u00fcja poole, saates e-kirja aadressile&nbsp;<font color=\"#2271b1\"><b><u>info.ee@hexatronic.com<\/u><\/b><\/font><b>.<\/b><\/p>\n<p>Veebipood vastab Kliendile esitatud kaebusele kirjalikult v\u00f5i kirjalikku taasesitamist v\u00f5imaldavas vormis hiljemalt 15 p\u00e4eva jooksul.<\/p>\n<p>M\u00fc\u00fcja ei vastuta puuduste eest, mis on tekkinud p\u00e4rast kauba \u00fcleandmist Kliendile.<\/p>\n<p>Veebipood vastab Kliendile esitatud kaebusele kirjalikult v\u00f5i kirjalikku taasesitamist v\u00f5imaldavas vormis hiljemalt 15 p\u00e4eva jooksul.<\/p>\n<\/div>\n<\/div>\n<\/div>\n<\/div>\n<\/div>\n<\/section>\n<section class=\"kc-elm kc-css-2335819 kc_row\">\n<div class=\"kc-row-container  kc-container\">\n<div class=\"kc-wrap-columns\">\n<div class=\"kc-elm kc-css-3654953 kc_column kc_col-sm-12\">\n<div class=\"kc-col-container\"><\/div>\n<\/div>\n<\/div>\n<\/div>\n<\/section>","protected":false},"excerpt":{"rendered":"<p>The Consumer\u2019s right to withdraw from the order After receiving the goods, the Customer may withdraw from the sales contract entered into at the Online Store within 14 days. Pursuant<\/p>","protected":false},"author":1,"featured_media":0,"parent":0,"menu_order":0,"comment_status":"closed","ping_status":"closed","template":"","meta":{"jetpack_post_was_ever_published":false,"footnotes":""},"yst_prominent_words":[1018,835,891,884,890,892,846,888,893,832,886,889,883,885,1016,842,887,486,1017,1015],"class_list":["post-4536","page","type-page","status-publish","hentry"],"jetpack_sharing_enabled":true,"jetpack_shortlink":"https:\/\/wp.me\/P9CSwH-1ba","_links":{"self":[{"href":"https:\/\/fiberoptics24.eu\/et\/wp-json\/wp\/v2\/pages\/4536","targetHints":{"allow":["GET"]}}],"collection":[{"href":"https:\/\/fiberoptics24.eu\/et\/wp-json\/wp\/v2\/pages"}],"about":[{"href":"https:\/\/fiberoptics24.eu\/et\/wp-json\/wp\/v2\/types\/page"}],"author":[{"embeddable":true,"href":"https:\/\/fiberoptics24.eu\/et\/wp-json\/wp\/v2\/users\/1"}],"replies":[{"embeddable":true,"href":"https:\/\/fiberoptics24.eu\/et\/wp-json\/wp\/v2\/comments?post=4536"}],"version-history":[{"count":0,"href":"https:\/\/fiberoptics24.eu\/et\/wp-json\/wp\/v2\/pages\/4536\/revisions"}],"wp:attachment":[{"href":"https:\/\/fiberoptics24.eu\/et\/wp-json\/wp\/v2\/media?parent=4536"}],"wp:term":[{"taxonomy":"yst_prominent_words","embeddable":true,"href":"https:\/\/fiberoptics24.eu\/et\/wp-json\/wp\/v2\/yst_prominent_words?post=4536"}],"curies":[{"name":"wp","href":"https:\/\/api.w.org\/{rel}","templated":true}]}}