{"id":4540,"date":"2018-02-04T12:06:48","date_gmt":"2018-02-04T12:06:48","guid":{"rendered":"https:\/\/fiberoptics24-eu.vserver.zonevs.eu\/?page_id=4540"},"modified":"2019-02-15T12:57:24","modified_gmt":"2019-02-15T10:57:24","slug":"shipping","status":"publish","type":"page","link":"https:\/\/fiberoptics24.eu\/et\/shipping\/","title":{"rendered":"Transport"},"content":{"rendered":"<style type=\"text\/css\">@media only screen and (min-width: 1000px) and (max-width: 5000px){body.kc-css-system .kc-css-1216561{width: 50%;}body.kc-css-system .kc-css-646375{width: 50%;}}<\/style>\n<section class=\"kc-elm kc-css-1939336 kc_row\">\n<div class=\"kc-row-container  kc-container\">\n<div class=\"kc-wrap-columns\">\n<div class=\"kc-elm kc-css-1216561 kc_col-sm-6 kc_column kc_col-sm-6\">\n<div class=\"kc-col-container\">\n<div class=\"kc-elm kc-css-1296656 kc_text_block\">\n<p><img loading=\"lazy\" decoding=\"async\" class=\"alignleft\" src=\"https:\/\/fiberoptics24-eu.vserver.zonevs.eu\/wp-content\/uploads\/2019\/02\/itella-2.jpg\" alt=\"\" width=\"130\" height=\"200\" \/>Usaldusv\u00e4\u00e4rsed ja mugavad pakiautomaadid aastaringselt<\/p>\n<p><a href=\"https:\/\/uus.smartpost.ee\/en\/how-to-send-and-recieve\"><u><a href=\"https:\/\/uus.smartpost.ee\/pakkide-tellimine-smartposti\"><u>Paki tellimine SmartPOSTi<\/u><\/a><\/u><\/a><\/p>\n<p><a href=\"https:\/\/uus.smartpost.ee\/en\/parcel-terminal-locations\"><u><a href=\"https:\/\/uus.smartpost.ee\/pakiautomaatide-asukohad\"><u>SmartPOSTi terminalide asukohad<\/u><\/a><\/u><\/a><\/p>\n<h2 style=\"margin-top: 0px; font-family: Arial, Helvetica, sans-serif; font-weight: normal; line-height: 27.5px; color: #000000; text-rendering: optimizelegibility; font-size: 22px; padding: 0.5em 0px 0px;\">\u00a0<\/h2>\n<\/div>\n<div class=\"kc-elm kc-css-1914633 kc_text_block\">\n<p>&lt;p&gt;&lt;img class=&quot;&rdquo;alignleft&rdquo;&quot; src=&quot;&rdquo;https:\/\/fiberoptics24-eu.vserver.zonevs.eu\/wp-content\/uploads\/2019\/02\/dhl1.jpg&rdquo;&quot; alt=&quot;&rdquo;&rdquo;&quot; width=&quot;&rdquo;130&Prime;&quot; height=&quot;&rdquo;200&Prime;&quot; \/&gt;<\/p>\n<p><u><a href=\"https:\/\/www.dhl.ee\/en\/express.html\">Express courier &amp; international shipment<\/a><\/u><\/p>\n<\/div>\n<\/div>\n<\/div>\n<div class=\"kc-elm kc-css-646375 kc_col-sm-6 kc_column kc_col-sm-6\">\n<div class=\"kc-col-container\">\n<div class=\"kc-elm kc-css-4302483 kc_text_block\">\n<p>\nFiberOptics24 pakub enamikule online-tellimustele 1-2 p\u00e4evast  tellimuse k\u00e4itlusaega, mis t\u00e4hendab, et teie tellimus saadetakse 48 tunni jooksul alates selle k\u00e4ttesaamisest teele, v\u00e4lja arvatud n\u00e4dalavahetustel ja p\u00fchadel. Maksimaalne tarneaeg on 14 t\u00f6\u00f6p\u00e4eva.<\/p>\n<p>Kui esitate tellimuse varakult, t\u00f6\u00f6tleme teie tellimust varem ja teie kaubad saadetakse teele t\u00f5en\u00e4oliselt samal p\u00e4eval. Kui meil laos ei ole hetkel konkreetselt tellitud kaupa, siis tavaliselt v\u00f5tab tarne m\u00f5ned p\u00e4evad kauem aega. Tavaliselt tarnitakse teie tooted 2-3 p\u00e4eva jooksul.<\/p>\n<div class=\"wpb_text_column wpb_content_element\">\n<div class=\"wpb_wrapper\">\n<h3>Me tarnime kaupasid ka<\/h3>\n<ul>\n<li>EU maadesse<\/li>\n<\/ul>\n<\/div>\n<\/div>\n<\/div>\n<\/div>\n<\/div>\n<\/div>\n<\/div>\n<\/section>","protected":false},"excerpt":{"rendered":"<p>Reliable and convenient parcel services all year round! Receiving the parcel SmartPost parcel terminals locations &nbsp; &lt;p&gt;&lt;img class=&quot;&rdquo;alignleft&rdquo;&quot; src=&quot;&rdquo;https:\/\/fiberoptics24-eu.vserver.zonevs.eu\/wp-content\/uploads\/2019\/02\/dhl1.jpg&rdquo;&quot; alt=&quot;&rdquo;&rdquo;&quot; width=&quot;&rdquo;130&Prime;&quot; height=&quot;&rdquo;200&Prime;&quot; \/&gt; Express courier &amp; international shipment FiberOptics24 offers<\/p>","protected":false},"author":1,"featured_media":0,"parent":0,"menu_order":0,"comment_status":"closed","ping_status":"closed","template":"","meta":{"jetpack_post_was_ever_published":false,"footnotes":""},"yst_prominent_words":[463,1014,470,473,386],"class_list":["post-4540","page","type-page","status-publish","hentry"],"jetpack_sharing_enabled":true,"jetpack_shortlink":"https:\/\/wp.me\/P9CSwH-1be","_links":{"self":[{"href":"https:\/\/fiberoptics24.eu\/et\/wp-json\/wp\/v2\/pages\/4540","targetHints":{"allow":["GET"]}}],"collection":[{"href":"https:\/\/fiberoptics24.eu\/et\/wp-json\/wp\/v2\/pages"}],"about":[{"href":"https:\/\/fiberoptics24.eu\/et\/wp-json\/wp\/v2\/types\/page"}],"author":[{"embeddable":true,"href":"https:\/\/fiberoptics24.eu\/et\/wp-json\/wp\/v2\/users\/1"}],"replies":[{"embeddable":true,"href":"https:\/\/fiberoptics24.eu\/et\/wp-json\/wp\/v2\/comments?post=4540"}],"version-history":[{"count":0,"href":"https:\/\/fiberoptics24.eu\/et\/wp-json\/wp\/v2\/pages\/4540\/revisions"}],"wp:attachment":[{"href":"https:\/\/fiberoptics24.eu\/et\/wp-json\/wp\/v2\/media?parent=4540"}],"wp:term":[{"taxonomy":"yst_prominent_words","embeddable":true,"href":"https:\/\/fiberoptics24.eu\/et\/wp-json\/wp\/v2\/yst_prominent_words?post=4540"}],"curies":[{"name":"wp","href":"https:\/\/api.w.org\/{rel}","templated":true}]}}