{"id":916,"date":"2017-03-31T15:33:42","date_gmt":"2017-03-31T15:33:42","guid":{"rendered":"https:\/\/demo2.transvelo.in\/techmarket\/?page_id=916"},"modified":"2022-09-16T08:35:27","modified_gmt":"2022-09-16T06:35:27","slug":"faq","status":"publish","type":"page","link":"https:\/\/fiberoptics24.eu\/et\/faq\/","title":{"rendered":"KKK"},"content":{"rendered":"<style type=\"text\/css\">body.kc-css-system .kc-css-3417184 .kc-container{max-width: 100%;}<\/style>\n<section class=\"kc-elm kc-css-3417184 kc_row faq-kc-row\">\n<div class=\"kc-row-container  kc-container\">\n<div class=\"kc-wrap-columns\">\n<div class=\"kc-elm kc-css-3157102 kc_col-sm-12 kc_column kc_col-sm-12\">\n<div class=\"kc-col-container\">\n<div class=\"kc-elm kc-css-3692000 kc_accordion_wrapper faq-accordion-wrap\">\n<div class=\"kc-elm kc-css-2648184 kc_accordion_section group faq-accordion\">\n<h3 class=\"kc_accordion_header ui-accordion-header\"><span class=\"ui-accordion-header-icon ui-icon\"><\/span><a href=\"#what-shipping-methods-are-available\" data-prevent=\"scroll\"><i class=\"\"><\/i> Missugused On Transpordi V\u00f5imalused?<\/a><\/h3>\n<div class=\"kc_accordion_content ui-accordion-content kc_clearfix\">\n<div class=\"kc-panel-body\">\n<div class=\"kc-elm kc-css-2838870 kc_text_block\">\n<p style=\"text-align: justify; margin: 0cm 0cm 7.5pt 0cm;\"><span lang=\"EN-GB\">Klient tuleb kaubale Hexatronic O\u00dc m\u00fc\u00fcgiesindusse j\u00e4rgi.<br \/>Kauba ja teenuste eest tasutakse kauba k\u00e4ttesaamisel sularahas<br \/>v\u00f5i maksekaardiga, -v\u00f5i ettemaksuna panga\u00fclekandega.<\/span><\/p>\n<p class=\"MsoNormal translation-block\" style=\"text-align: justify;\">Kaup saadetakse SmartPostiga Kliendi poolt valitud pakiterminali. Kauba ja teenuste eest tasutakse 100% ette panga\u00fclekandega. SmartPostiga on v\u00f5imalik saata tellimusi, mis kvalifitseeruvad m\u00f5\u00f5tmete ja kaalu poolest (https:\/\/uus.smartpost.ee\/kuidas-saata-ja-vastu-votta).<\/p>\n<p class=\"translation-block\">V\u00e4ljapoole Eestit tarnib kaubad DHL<\/p>\n<\/div>\n<\/div>\n<\/div>\n<\/div>\n<div class=\"kc-elm kc-css-1886843 kc_accordion_section group faq-accordion\">\n<h3 class=\"kc_accordion_header ui-accordion-header\"><span class=\"ui-accordion-header-icon ui-icon\"><\/span><a href=\"#how-long-will-it-take-to-get-my-package\" data-prevent=\"scroll\"><i class=\"\"><\/i> Kui Pikk On Saadetise Transpordi Aeg?<\/a><\/h3>\n<div class=\"kc_accordion_content ui-accordion-content kc_clearfix\">\n<div class=\"kc-panel-body\">\n<div class=\"kc-elm kc-css-2708053 kc_text_block\">\n<p class=\"MsoNormal translation-block\" style=\"margin-bottom: .0001pt; text-align: justify;\">Eestisisesed saadetised j\u00f5uavad \u00fcldjuhul Kliendi m\u00e4\u00e4ratud sihtpunkti 2-3 t\u00f6\u00f6p\u00e4eva jooksul alates m\u00fc\u00fcgilepingu j\u00f5ustumisest.<\/p>\n<p class=\"MsoNormal translation-block\" style=\"margin-bottom: .0001pt; text-align: justify;\">V\u00e4ljaspool Eestis toimub kaupade kohaletoimetamine vastavalt tarneviisi valikule ja kuvatakse ostu vormistamisel p\u00e4rast tarneviisi valikut, kui ei ole eelnevalt teisiti kokku lepitud.<\/p>\n<p class=\"MsoNormal translation-block\" style=\"margin-bottom: .0001pt; text-align: justify;\">Kaupadele mis ei ole laos koheselt saadavad ja vajavad tellimist, lepitakse tarneviis ja -aeg eraldi Kliendiga kokku.<\/p>\n<\/div>\n<\/div>\n<\/div>\n<\/div>\n<div class=\"kc-elm kc-css-3911878 kc_accordion_section group faq-accordion\">\n<h3 class=\"kc_accordion_header ui-accordion-header\"><span class=\"ui-accordion-header-icon ui-icon\"><\/span><a href=\"#how-do-i-track-my-order\" data-prevent=\"scroll\"><i class=\"\"><\/i> Kas Ma Saan Oma Saadetist J\u00e4lgida?<\/a><\/h3>\n<div class=\"kc_accordion_content ui-accordion-content kc_clearfix\">\n<div class=\"kc-panel-body\">\n<div class=\"kc-elm kc-css-2650599 kc_text_block\">\n<p class=\"MsoNormal\" style=\"margin-bottom: .0001pt; text-align: justify;\"><span style=\"font-size: 12.0pt; line-height: 107%;\">You can track the order from the menu item<br \/>&#8220;Track Your Order&#8221;. Clicking on it will open the page where<\/span><br \/>you must enter your Order ID in the box below and press the &#8220;Track&#8221;<br \/>button. Order ID was given to you on your receipt and in the confirmation email<br \/>you should have received. Next, click on the &#8220;Track&#8221; button to<br \/>get information about the current state of your shipment.<\/p>\n<p class=\"MsoNormal\" style=\"margin-bottom: 0.0001pt; line-height: normal; background-image: initial; background-position: initial; background-size: initial; background-repeat: initial; background-attachment: initial; background-origin: initial; background-clip: initial;\"><span style=\"font-size: 10.0pt;\">\u00a0<\/span><\/p>\n<\/div>\n<\/div>\n<\/div>\n<\/div>\n<div class=\"kc-elm kc-css-4076222 kc_accordion_section group faq-accordion\">\n<h3 class=\"kc_accordion_header ui-accordion-header\"><span class=\"ui-accordion-header-icon ui-icon\"><\/span><a href=\"#how-do-i-place-an-order\" data-prevent=\"scroll\"><i class=\"\"><\/i> Kuidas teha tellimust?<\/a><\/h3>\n<div class=\"kc_accordion_content ui-accordion-content kc_clearfix\">\n<div class=\"kc-panel-body\">\n<div class=\"kc-elm kc-css-2394564 kc_text_block\">\n<p class=\"MsoNormal translation-block\" style=\"text-align: justify;\">Kauba tellimiseks tuleb lisada soovitud kaubad ostukorvi. Tellimuse vormistamiseks tuleb t\u00e4ita n\u00f5utud andmev\u00e4ljad ning valida sobiv kaupade kohaletoimetamise viis. Seej\u00e4rel kuvatakse ekraanile tasu suurus, mille saab tasuda Maksekeskuse pangalingi kaudu, kreeditkaardiga v\u00f5i PayPal makselahenduse abil.<\/p>\n<p class=\"MsoNormal translation-block\" style=\"text-align: justify;\">M\u00fc\u00fcgileping M\u00fc\u00fcja ja Kliendi vahel j\u00f5ustub alates Veebipoe kaudu tasumisele kuuluva summa laekumisest M\u00fc\u00fcja arvelduskontole.<\/p>\n<p class=\"MsoNormal translation-block\" style=\"text-align: justify;\">Kui tellitud kaupa ei ole v\u00f5imalik tarnida seoses kauba l\u00f5ppemisega v\u00f5i muul p\u00f5hjusel, teavitatakse sellest Klienti esimesel v\u00f5imalusel ning tagastatakse Kliendile tasutud raha (sh kauba k\u00e4ttetoimetamise kulud) viivitamata, kuid mitte hiljem kui 14 p\u00e4eva jooksul vastava teate saatmisest.<\/p>\n<\/div>\n<\/div>\n<\/div>\n<\/div>\n<div class=\"kc-elm kc-css-3184859 kc_accordion_section group faq-accordion\">\n<h3 class=\"kc_accordion_header ui-accordion-header\"><span class=\"ui-accordion-header-icon ui-icon\"><\/span><a href=\"#how-should-i-to-contact-if-i-have-any-queries\" data-prevent=\"scroll\"><i class=\"\"><\/i> Kui mul on k\u00fcsimusi, siis kuhu ma pean p\u00f6\u00f6rduma?<\/a><\/h3>\n<div class=\"kc_accordion_content ui-accordion-content kc_clearfix\">\n<div class=\"kc-panel-body\">\n<div class=\"kc-elm kc-css-1747775 kc_text_block\">\n<p class=\"MsoNormal translation-block\" style=\"text-align: justify;\">Kauba tagastamiseks tuleb Kliendil esitada kauba ostmisest taganemise avaldus, mille vormi leiab siit: Tarbija taganemisavaldus ning saata see e-posti aadressile sales@fiberopcs24.eu  hiljemalt 14 p\u00e4eva jooksul kauba k\u00e4ttesaamisest.<\/p>\n<p class=\"MsoNormal translation-block\" style=\"text-align: justify;\">Kliendil on \u00f5igus puuduse ilmnemisel p\u00f6\u00f6rduda hiljemalt 2 kuu jooksul M\u00fc\u00fcja poole, saates e-kirja e-posti aadressile sales@fiberoptics24-eu.vserver.zonevs.eu.<\/p>\n<p class=\"MsoNormal translation-block\" style=\"text-align: justify;\">Kui Kliendil on Veebipoe osas pretensioone, tuleb need saata e-posti aadressile  info@fiberoptics24-eu.vserver.zonevs.eu.<\/p>\n<\/p>\n<p class=\"MsoNormal translation-block\" style=\"text-align: justify;\">K\u00f5igil teistel juhtudel v\u00f5ib Klient saata e-kirja e-posti aadressile info@fiiberoptics24.eu, v\u00f5i helistada numbrile +372 6996 760.<\/p>\n<\/p>\n<\/div>\n<\/div>\n<\/div>\n<\/div>\n<div class=\"kc-elm kc-css-1675926 kc_accordion_section group faq-accordion\">\n<h3 class=\"kc_accordion_header ui-accordion-header\"><span class=\"ui-accordion-header-icon ui-icon\"><\/span><a href=\"#do-i-need-an-account-to-place-an-order\" data-prevent=\"scroll\"><i class=\"\"><\/i> Kas mul on vaja teha konto, et sooritada ost veebipoest?<\/a><\/h3>\n<div class=\"kc_accordion_content ui-accordion-content kc_clearfix\">\n<div class=\"kc-panel-body\">\n<div class=\"kc-elm kc-css-2376233 kc_text_block\">\n<p>\nEi. K\u00f5ik ostud on alati v\u00f5imalik teha ilma registreerimata.<\/p>\n<\/div>\n<\/div>\n<\/div>\n<\/div>\n<\/div>\n<\/div>\n<\/div>\n<\/div>\n<\/div>\n<\/section>","protected":false},"excerpt":{"rendered":"<p>What Shipping Methods Are Available? The Customer collects the goods from the sales officeof Hexatronic O\u00dc. The Customer will pay for the goods and services in cash or bypayment card<\/p>","protected":false},"author":1,"featured_media":0,"parent":0,"menu_order":0,"comment_status":"closed","ping_status":"closed","template":"","meta":{"jetpack_post_was_ever_published":false,"footnotes":""},"yst_prominent_words":[939,935,835,364,843,938,934,833,832,463,937,1358,1357,932,889,842,936,933],"class_list":["post-916","page","type-page","status-publish","hentry"],"jetpack_sharing_enabled":true,"jetpack_shortlink":"https:\/\/wp.me\/P9CSwH-eM","_links":{"self":[{"href":"https:\/\/fiberoptics24.eu\/et\/wp-json\/wp\/v2\/pages\/916","targetHints":{"allow":["GET"]}}],"collection":[{"href":"https:\/\/fiberoptics24.eu\/et\/wp-json\/wp\/v2\/pages"}],"about":[{"href":"https:\/\/fiberoptics24.eu\/et\/wp-json\/wp\/v2\/types\/page"}],"author":[{"embeddable":true,"href":"https:\/\/fiberoptics24.eu\/et\/wp-json\/wp\/v2\/users\/1"}],"replies":[{"embeddable":true,"href":"https:\/\/fiberoptics24.eu\/et\/wp-json\/wp\/v2\/comments?post=916"}],"version-history":[{"count":0,"href":"https:\/\/fiberoptics24.eu\/et\/wp-json\/wp\/v2\/pages\/916\/revisions"}],"wp:attachment":[{"href":"https:\/\/fiberoptics24.eu\/et\/wp-json\/wp\/v2\/media?parent=916"}],"wp:term":[{"taxonomy":"yst_prominent_words","embeddable":true,"href":"https:\/\/fiberoptics24.eu\/et\/wp-json\/wp\/v2\/yst_prominent_words?post=916"}],"curies":[{"name":"wp","href":"https:\/\/api.w.org\/{rel}","templated":true}]}}