{"id":14550,"date":"2019-12-10T13:33:44","date_gmt":"2019-12-10T11:33:44","guid":{"rendered":"https:\/\/fiberoptics24-eu.vserver.zonevs.eu\/?post_type=product&#038;p=14550"},"modified":"2020-09-18T10:38:14","modified_gmt":"2020-09-18T08:38:14","slug":"mdc-28-micro-duct-tubing-cutter-28mm-jonard","status":"publish","type":"product","link":"https:\/\/fiberoptics24.eu\/et\/toode\/mdc-28-micro-duct-tubing-cutter-28mm-jonard\/","title":{"rendered":"MDC-28: Mikrotoru l\u00f5ikur kuni 28mm, Jonard"},"content":{"rendered":"<p>Loodud kiire, puhta ja sirge l\u00f5ike tegemiseks kuni 28mm fiibri torudele. Need l\u00f5ikurid on perfektsed PVC, CPVC, HDPE ja muude plasttorude l\u00f5ikamiseks.<\/p>\n<p>&nbsp;<\/p>","protected":false},"excerpt":{"rendered":"<p>Jonard<\/p>\n<ul>\n<li>Kolmnurkne tera tagab sirged ja t\u00e4psed l\u00f5iked, hoides samalajal toru paigal<\/li>\n<li>Vedruga l\u00f5uad muudavad t\u00f6\u00f6rista kasutamise kiireks ja lihtsaks<\/li>\n<li>S\u00fcsinikterasest tera on vastupidav ja lihtsasti vahetatav.<\/li>\n<li>Turvalukk hoiab tangid koos, kui t\u00f6\u00f6riista ei kasutata<\/li>\n<li>Sakilised k\u00e4epidemed tagavad mugava ja kindla haarde<\/li>\n<\/ul>\n<div>\n<div class=\"twoColumnContent\">\n<div id=\"product-detail-left\">\n<div class=\"productSlider\">\n<p>&nbsp;<\/p>\n<div class=\"vidOverlay\"><\/div>\n<\/div>\n<\/div>\n<\/div>\n<div id=\"product-detail-right\">\n<p>&nbsp;<\/p>\n<div class=\"product-detail-social-media\"><a>\u00a0<\/a><\/div>\n<\/div>\n<\/div>","protected":false},"featured_media":14552,"comment_status":"closed","ping_status":"closed","template":"","meta":{"jetpack_post_was_ever_published":false,"jetpack_publicize_message":"","jetpack_publicize_feature_enabled":true,"jetpack_social_post_already_shared":true,"jetpack_social_options":{"image_generator_settings":{"template":"highway","default_image_id":0,"font":"","enabled":false},"version":2}},"product_brand":[],"product_cat":[108,1402,115],"product_tag":[531,92],"class_list":{"0":"post-14550","1":"product","2":"type-product","3":"status-publish","4":"has-post-thumbnail","6":"product_cat-fiber-optic-accessories","7":"product_cat-fiber-duct-cutters","8":"product_cat-fiber-optic-tools","9":"product_tag-fiber-optic","10":"product_tag-fiber-optic-tools","12":"first","13":"instock","14":"taxable","15":"shipping-taxable","16":"purchasable","17":"product-type-simple"},"jetpack_publicize_connections":[],"jetpack_sharing_enabled":true,"_links":{"self":[{"href":"https:\/\/fiberoptics24.eu\/et\/wp-json\/wp\/v2\/product\/14550","targetHints":{"allow":["GET"]}}],"collection":[{"href":"https:\/\/fiberoptics24.eu\/et\/wp-json\/wp\/v2\/product"}],"about":[{"href":"https:\/\/fiberoptics24.eu\/et\/wp-json\/wp\/v2\/types\/product"}],"replies":[{"embeddable":true,"href":"https:\/\/fiberoptics24.eu\/et\/wp-json\/wp\/v2\/comments?post=14550"}],"wp:featuredmedia":[{"embeddable":true,"href":"https:\/\/fiberoptics24.eu\/et\/wp-json\/wp\/v2\/media\/14552"}],"wp:attachment":[{"href":"https:\/\/fiberoptics24.eu\/et\/wp-json\/wp\/v2\/media?parent=14550"}],"wp:term":[{"taxonomy":"product_brand","embeddable":true,"href":"https:\/\/fiberoptics24.eu\/et\/wp-json\/wp\/v2\/product_brand?post=14550"},{"taxonomy":"product_cat","embeddable":true,"href":"https:\/\/fiberoptics24.eu\/et\/wp-json\/wp\/v2\/product_cat?post=14550"},{"taxonomy":"product_tag","embeddable":true,"href":"https:\/\/fiberoptics24.eu\/et\/wp-json\/wp\/v2\/product_tag?post=14550"}],"curies":[{"name":"wp","href":"https:\/\/api.w.org\/{rel}","templated":true}]}}