{"id":14617,"date":"2019-12-31T11:37:09","date_gmt":"2019-12-31T09:37:09","guid":{"rendered":"https:\/\/fiberoptics24-eu.vserver.zonevs.eu\/?post_type=product&#038;p=14617"},"modified":"2020-09-10T14:33:12","modified_gmt":"2020-09-10T12:33:12","slug":"rj45-6100-rj45-cat6-pass-through-connectors-pack-of-100","status":"publish","type":"product","link":"https:\/\/fiberoptics24.eu\/et\/toode\/rj45-6100-rj45-cat6-pass-through-connectors-pack-of-100\/","title":{"rendered":"RJ45-6100: RJ45 CAT6 Pass-Through pistikud (pakis 50 tk)"},"content":{"rendered":"<p>Jonard Tools RJ45 CAT6 l\u00e4biv pistikuid kasutatakse CAT6 v\u00f5rgukaablite otsastamiseks koos l\u00e4biv pistiku presstangidega.<br \/>\nNeid kasutatakse nii koduses majapidamises kui \u00e4rihoonetes ja nad on ideaalsed \u00fcmara v\u00f5rgukaabli otsastuseks.<\/p>\n<p>Sobilikud t\u00f6\u00f6riistad antud pistikule on RJ11 ja RJ45 tangid:\u00a0<strong><a href=\"http:\/\/live-jonard.pantheonsite.io\/uc-4568-rj11-rj45-regular-and-feedthrough-connector-crimper-tool?v=564\">UC-4568<\/a><\/strong>\u00a0ja\u00a0<a href=\"http:\/\/live-jonard.pantheonsite.io\/uc-4569-pass-through-modular-crimping-tool-6-1\"><strong>UC-4569<\/strong><\/a><\/p>","protected":false},"excerpt":{"rendered":"<p><strong>See toode on saadaval 100 tk pakis.<\/strong><\/p>\n<ul>\n<li>L\u00e4biv pistikuga lihtsustate v\u00f5rgukaabli otsastus protsessi<\/li>\n<li>Sellise pistiku eelis tuleneb sellest, et te ei pea eelnevalt m\u00f5\u00f5tma kaabli<br \/>\notste pikkust<\/li>\n<li>L\u00e4biv pistikud v\u00f5imaldavad teil teha Etherneti kaableid enda jaoks kohandatud pikkusega<\/li>\n<li>Sobib enamike presstangide mudelitega<\/li>\n<li>L\u00e4bipaitsev materjal lubab kiupaare kergemini n\u00e4ha.<\/li>\n<li>Kontaktpindade kullakate parandab signaali kvaliteeti<\/li>\n<li>Sobib enamike RJ45 presstangidega ja 24 AWG kaablitega<\/li>\n<li>Sobilik nii CAT6\/CAT6a \u00fchekiulisele (plank) kaablile kui ka mitmekiulisele kaablile<\/li>\n<\/ul>","protected":false},"featured_media":14619,"comment_status":"closed","ping_status":"closed","template":"","meta":{"jetpack_post_was_ever_published":false,"jetpack_publicize_message":"","jetpack_publicize_feature_enabled":true,"jetpack_social_post_already_shared":true,"jetpack_social_options":{"image_generator_settings":{"template":"highway","default_image_id":0,"font":"","enabled":false},"version":2}},"product_brand":[],"product_cat":[211,1454],"product_tag":[1415,1414],"class_list":{"0":"post-14617","1":"product","2":"type-product","3":"status-publish","4":"has-post-thumbnail","6":"product_cat-copper-networks","7":"product_cat-ethernet-cable-connectors","8":"product_tag-jonard","9":"product_tag-rj45","11":"first","12":"onbackorder","13":"taxable","14":"shipping-taxable","15":"purchasable","16":"product-type-simple"},"jetpack_publicize_connections":[],"jetpack_sharing_enabled":true,"_links":{"self":[{"href":"https:\/\/fiberoptics24.eu\/et\/wp-json\/wp\/v2\/product\/14617","targetHints":{"allow":["GET"]}}],"collection":[{"href":"https:\/\/fiberoptics24.eu\/et\/wp-json\/wp\/v2\/product"}],"about":[{"href":"https:\/\/fiberoptics24.eu\/et\/wp-json\/wp\/v2\/types\/product"}],"replies":[{"embeddable":true,"href":"https:\/\/fiberoptics24.eu\/et\/wp-json\/wp\/v2\/comments?post=14617"}],"wp:featuredmedia":[{"embeddable":true,"href":"https:\/\/fiberoptics24.eu\/et\/wp-json\/wp\/v2\/media\/14619"}],"wp:attachment":[{"href":"https:\/\/fiberoptics24.eu\/et\/wp-json\/wp\/v2\/media?parent=14617"}],"wp:term":[{"taxonomy":"product_brand","embeddable":true,"href":"https:\/\/fiberoptics24.eu\/et\/wp-json\/wp\/v2\/product_brand?post=14617"},{"taxonomy":"product_cat","embeddable":true,"href":"https:\/\/fiberoptics24.eu\/et\/wp-json\/wp\/v2\/product_cat?post=14617"},{"taxonomy":"product_tag","embeddable":true,"href":"https:\/\/fiberoptics24.eu\/et\/wp-json\/wp\/v2\/product_tag?post=14617"}],"curies":[{"name":"wp","href":"https:\/\/api.w.org\/{rel}","templated":true}]}}