{"id":14631,"date":"2019-12-31T11:37:08","date_gmt":"2019-12-31T09:37:08","guid":{"rendered":"https:\/\/fiberoptics24-eu.vserver.zonevs.eu\/?post_type=product&#038;p=14631"},"modified":"2020-09-10T14:29:27","modified_gmt":"2020-09-10T12:29:27","slug":"uc-864-modular-6-in-1-crimping-tool","status":"publish","type":"product","link":"https:\/\/fiberoptics24.eu\/et\/toode\/uc-864-modular-6-in-1-crimping-tool\/","title":{"rendered":"UC-864: Modulaar kuus \u00fches prsstangid"},"content":{"rendered":"<p>Loodud RJ11, RJ12, RJ22 ja RJ45 pistikue pressimiseks CAT3, CAT5e ja CAT6 kaablitele,<iframe loading=\"lazy\" style=\"float: right;\" src=\"https:\/\/www.youtube.com\/embed\/9WTUosiR7yo\" width=\"560\" height=\"315\" frameborder=\"0\" allowfullscreen=\"allowfullscreen\"><span data-mce-type=\"bookmark\" style=\"display: inline-block; width: 0px; overflow: hidden; line-height: 0;\" class=\"mce_SELRES_start\"><\/span><\/iframe><br \/>\nsee l\u00e4biv pistiku presstangid sobivad ideaalselt igale v\u00f5rgu paigaldus t\u00f6\u00f6tajale.<\/p>\n<p>Kaabli parameetrid: 28-22 AWG (0.32-0.64 mm diameeter) lapik v\u00f5i \u00fcmar, \u00fche v\u00f5i mitmekiuline, telefon v\u00f5i andmeside.<\/p>\n<p><a class=\"btn btn-primary\" style=\"float: left; width: 336px; height: 50px;\" href=\"https:\/\/jonard.com\/file-download\/download\/public\/2513\" target=\"_blank\" rel=\"noopener noreferrer\">TOOTE INFOLEHT PDF<\/a><\/p>","protected":false},"excerpt":{"rendered":"<p>JONARD<\/p>\n<ul>\n<li>Hammastatud, \u00fcli stabiilne platform v\u00e4ikest k\u00e4ej\u00f5udu n\u00f5udvaks pigistuseks.<\/li>\n<li>T\u00f6\u00f6riistal on katte koorija nii \u00fcmar kui ka lapik kaablitele m\u00f5\u00f5tudega 28-22 AWG (0.32-0.64 mm diameeter)<\/li>\n<li>Kaks pressimis pesa: \u00fcks 8 positsioonilisele modulaar pistikule ja teine  6 ja 4 positsioonilisele modulaar pistikule<\/li>\n<li>Vastupidav \u00fcleni metallist konstruktsioon tugeva l\u00f5iketeraga 3000 l\u00f5ikeks<\/li>\n<li>Kahe komponentne ergonoomiline k\u00e4epide suuremaks mugavuseks<\/li>\n<\/ul>","protected":false},"featured_media":14634,"comment_status":"closed","ping_status":"closed","template":"","meta":{"jetpack_post_was_ever_published":false,"jetpack_publicize_message":"","jetpack_publicize_feature_enabled":true,"jetpack_social_post_already_shared":true,"jetpack_social_options":{"image_generator_settings":{"template":"highway","default_image_id":0,"font":"","enabled":false},"version":2}},"product_brand":[],"product_cat":[211,1453],"product_tag":[1423,1415,1420,1421,1422,1414],"class_list":{"0":"post-14631","1":"product","2":"type-product","3":"status-publish","4":"has-post-thumbnail","6":"product_cat-copper-networks","7":"product_cat-copper-networks-tools","8":"product_tag-cooper-networks","9":"product_tag-jonard","10":"product_tag-rj11","11":"product_tag-rj12","12":"product_tag-rj22","13":"product_tag-rj45","15":"first","16":"onbackorder","17":"taxable","18":"shipping-taxable","19":"purchasable","20":"product-type-simple"},"jetpack_publicize_connections":[],"jetpack_sharing_enabled":true,"_links":{"self":[{"href":"https:\/\/fiberoptics24.eu\/et\/wp-json\/wp\/v2\/product\/14631","targetHints":{"allow":["GET"]}}],"collection":[{"href":"https:\/\/fiberoptics24.eu\/et\/wp-json\/wp\/v2\/product"}],"about":[{"href":"https:\/\/fiberoptics24.eu\/et\/wp-json\/wp\/v2\/types\/product"}],"replies":[{"embeddable":true,"href":"https:\/\/fiberoptics24.eu\/et\/wp-json\/wp\/v2\/comments?post=14631"}],"wp:featuredmedia":[{"embeddable":true,"href":"https:\/\/fiberoptics24.eu\/et\/wp-json\/wp\/v2\/media\/14634"}],"wp:attachment":[{"href":"https:\/\/fiberoptics24.eu\/et\/wp-json\/wp\/v2\/media?parent=14631"}],"wp:term":[{"taxonomy":"product_brand","embeddable":true,"href":"https:\/\/fiberoptics24.eu\/et\/wp-json\/wp\/v2\/product_brand?post=14631"},{"taxonomy":"product_cat","embeddable":true,"href":"https:\/\/fiberoptics24.eu\/et\/wp-json\/wp\/v2\/product_cat?post=14631"},{"taxonomy":"product_tag","embeddable":true,"href":"https:\/\/fiberoptics24.eu\/et\/wp-json\/wp\/v2\/product_tag?post=14631"}],"curies":[{"name":"wp","href":"https:\/\/api.w.org\/{rel}","templated":true}]}}