{"id":14635,"date":"2019-12-11T13:57:27","date_gmt":"2019-12-11T11:57:27","guid":{"rendered":"https:\/\/fiberoptics24-eu.vserver.zonevs.eu\/?post_type=product&#038;p=14635"},"modified":"2020-01-24T08:44:03","modified_gmt":"2020-01-24T06:44:03","slug":"uc-4568-rj11-rj45-regular-feedthrough-connector-crimper-tool","status":"publish","type":"product","link":"https:\/\/fiberoptics24.eu\/et\/toode\/uc-4568-rj11-rj45-regular-feedthrough-connector-crimper-tool\/","title":{"rendered":"UC-4568: RJ11, RJ45 Presstangid"},"content":{"rendered":"<p>Loodud RJ11, RJ12, RJ22 ja RJ45 pistikue pressimiseks CAT3, CAT5e ja CAT6 kaablitele,<br \/>\nsee l\u00e4biv pistiku presstangid sobivad ideaalselt igale v\u00f5rgu paigaldus t\u00f6\u00f6tajale.<\/p>\n<p>M\u00f5eldud kasutamiseks koos Jonard RJ45 pistikutega:<a href=\"http:\/\/jonard.com\/rj45-pass-through-connectors?v=720\"><strong>RJ45-5100<\/strong><\/a>\u00a0ja<a href=\"http:\/\/jonard.com\/rj45-pass-through-connectors?v=722\"><strong>RJ45-6100<\/strong><\/a><\/p>\n<p><a class=\"btn btn-primary\" style=\"float: left; width: 336px; height: 50px;\" href=\"https:\/\/jonard.com\/file-download\/download\/public\/2684\" target=\"_blank\" rel=\"noopener noreferrer\">TOOTE INFOLEHT PDF<\/a> <iframe loading=\"lazy\" style=\"float: right;\" src=\"https:\/\/www.youtube.com\/embed\/8b-oWa2J0M0\" width=\"560\" height=\"315\" frameborder=\"0\" allowfullscreen=\"allowfullscreen\"><span data-mce-type=\"bookmark\" style=\"display: inline-block; width: 0px; overflow: hidden; line-height: 0;\" class=\"mce_SELRES_start\"><\/span><\/iframe><\/p>","protected":false},"excerpt":{"rendered":"<p>JONARD<\/p>\n<ul>\n<li>Pressige ja l\u00f5igake \u00fcleliigsed otsad \u00fchekorraga<\/li>\n<li>\u00dcleulatuvate otste puhas l\u00f5ige t\u00e4pselt pstiku juurest<\/li>\n<li>Hammastatud, \u00fcli stabiilne platform v\u00e4ikest k\u00e4ej\u00f5udu n\u00f5udvaks pigistuseks.<\/li>\n<li>Tangidel on sisse ehitatud kaablikoorija nii lapikule kui ka \u00fcmarale kaablile<\/li>\n<li>Tangid pressivad nii 2,4,6 ja 8 positsioonilisi RJ11 ja RJ45 tavalisi ja l\u00e4biv pistikuid<\/li>\n<li>Vastupidav \u00fcleni metallist konstruktsioon tugeva l\u00f5iketeraga 3000 l\u00f5ikeks<\/li>\n<li>Ergonoomilised  ja mugavad k\u00e4epidemed<\/li>\n<\/ul>","protected":false},"featured_media":15607,"comment_status":"closed","ping_status":"closed","template":"","meta":{"jetpack_post_was_ever_published":false,"jetpack_publicize_message":"","jetpack_publicize_feature_enabled":true,"jetpack_social_post_already_shared":true,"jetpack_social_options":{"image_generator_settings":{"template":"highway","default_image_id":0,"font":"","enabled":false},"version":2}},"product_brand":[],"product_cat":[211,1453],"product_tag":[1423,1415,1420,1421,1422,1414],"class_list":{"0":"post-14635","1":"product","2":"type-product","3":"status-publish","4":"has-post-thumbnail","6":"product_cat-copper-networks","7":"product_cat-copper-networks-tools","8":"product_tag-cooper-networks","9":"product_tag-jonard","10":"product_tag-rj11","11":"product_tag-rj12","12":"product_tag-rj22","13":"product_tag-rj45","15":"first","16":"onbackorder","17":"taxable","18":"shipping-taxable","19":"purchasable","20":"product-type-simple"},"jetpack_publicize_connections":[],"jetpack_sharing_enabled":true,"_links":{"self":[{"href":"https:\/\/fiberoptics24.eu\/et\/wp-json\/wp\/v2\/product\/14635","targetHints":{"allow":["GET"]}}],"collection":[{"href":"https:\/\/fiberoptics24.eu\/et\/wp-json\/wp\/v2\/product"}],"about":[{"href":"https:\/\/fiberoptics24.eu\/et\/wp-json\/wp\/v2\/types\/product"}],"replies":[{"embeddable":true,"href":"https:\/\/fiberoptics24.eu\/et\/wp-json\/wp\/v2\/comments?post=14635"}],"wp:featuredmedia":[{"embeddable":true,"href":"https:\/\/fiberoptics24.eu\/et\/wp-json\/wp\/v2\/media\/15607"}],"wp:attachment":[{"href":"https:\/\/fiberoptics24.eu\/et\/wp-json\/wp\/v2\/media?parent=14635"}],"wp:term":[{"taxonomy":"product_brand","embeddable":true,"href":"https:\/\/fiberoptics24.eu\/et\/wp-json\/wp\/v2\/product_brand?post=14635"},{"taxonomy":"product_cat","embeddable":true,"href":"https:\/\/fiberoptics24.eu\/et\/wp-json\/wp\/v2\/product_cat?post=14635"},{"taxonomy":"product_tag","embeddable":true,"href":"https:\/\/fiberoptics24.eu\/et\/wp-json\/wp\/v2\/product_tag?post=14635"}],"curies":[{"name":"wp","href":"https:\/\/api.w.org\/{rel}","templated":true}]}}