{"id":15028,"date":"2019-12-19T14:26:56","date_gmt":"2019-12-19T12:26:56","guid":{"rendered":"https:\/\/fiberoptics24-eu.vserver.zonevs.eu\/?post_type=product&#038;p=15028"},"modified":"2020-09-10T14:37:41","modified_gmt":"2020-09-10T12:37:41","slug":"cst-1i-cyclops-wire-stripper","status":"publish","type":"product","link":"https:\/\/fiberoptics24.eu\/et\/toode\/cst-1i-cyclops-wire-stripper\/","title":{"rendered":"CST-1i: Kaablikoorija"},"content":{"rendered":"<p>Patenteeritud CST-1i kaablikoorija on perfektne t\u00f6\u00f6riist  isolatsiooni eemaldamiseks k\u00f5igilt<br \/>\nvarjestamata ja varjestatud keerdpaar- ja mitmetuumalistelt kaablitelt. <iframe loading=\"lazy\" style=\"float: right;\" src=\"https:\/\/www.youtube.com\/embed\/GhSPdUlesLg\" width=\"560\" height=\"315\" frameborder=\"0\" allowfullscreen=\"allowfullscreen\"><\/iframe><\/p>","protected":false},"excerpt":{"rendered":"<p>JONARD<\/p>\n<ul>\n<li>Eemaldab kaabli katte kaablitelt m\u00f5\u00f5duga 1\/8\u201d \u2013 3\/8\u201d (3.2mm \u2013 9.6mm) diameeter<\/li>\n<li>Iseseadistuv tera eemaldab PVC, plenum ja teisi kattematerjale kiiresti ja lihtsalt<\/li>\n<li>Koorib isolatsioon ohutult, kahjustamata kaablite sisemisi kiudusid, fooliumi ega juhtmeid<\/li>\n<\/ul>","protected":false},"featured_media":15029,"comment_status":"closed","ping_status":"closed","template":"","meta":{"jetpack_post_was_ever_published":false,"jetpack_publicize_message":"","jetpack_publicize_feature_enabled":true,"jetpack_social_post_already_shared":true,"jetpack_social_options":{"image_generator_settings":{"template":"highway","default_image_id":0,"font":"","enabled":false},"version":2}},"product_brand":[],"product_cat":[211,1453],"product_tag":[1306,1424],"class_list":{"0":"post-15028","1":"product","2":"type-product","3":"status-publish","4":"has-post-thumbnail","6":"product_cat-copper-networks","7":"product_cat-copper-networks-tools","8":"product_tag-copper-networks","9":"product_tag-stripper","11":"first","12":"onbackorder","13":"taxable","14":"shipping-taxable","15":"purchasable","16":"product-type-simple"},"jetpack_publicize_connections":[],"jetpack_sharing_enabled":true,"_links":{"self":[{"href":"https:\/\/fiberoptics24.eu\/et\/wp-json\/wp\/v2\/product\/15028","targetHints":{"allow":["GET"]}}],"collection":[{"href":"https:\/\/fiberoptics24.eu\/et\/wp-json\/wp\/v2\/product"}],"about":[{"href":"https:\/\/fiberoptics24.eu\/et\/wp-json\/wp\/v2\/types\/product"}],"replies":[{"embeddable":true,"href":"https:\/\/fiberoptics24.eu\/et\/wp-json\/wp\/v2\/comments?post=15028"}],"wp:featuredmedia":[{"embeddable":true,"href":"https:\/\/fiberoptics24.eu\/et\/wp-json\/wp\/v2\/media\/15029"}],"wp:attachment":[{"href":"https:\/\/fiberoptics24.eu\/et\/wp-json\/wp\/v2\/media?parent=15028"}],"wp:term":[{"taxonomy":"product_brand","embeddable":true,"href":"https:\/\/fiberoptics24.eu\/et\/wp-json\/wp\/v2\/product_brand?post=15028"},{"taxonomy":"product_cat","embeddable":true,"href":"https:\/\/fiberoptics24.eu\/et\/wp-json\/wp\/v2\/product_cat?post=15028"},{"taxonomy":"product_tag","embeddable":true,"href":"https:\/\/fiberoptics24.eu\/et\/wp-json\/wp\/v2\/product_tag?post=15028"}],"curies":[{"name":"wp","href":"https:\/\/api.w.org\/{rel}","templated":true}]}}