{"id":15034,"date":"2019-12-31T11:37:08","date_gmt":"2019-12-31T09:37:08","guid":{"rendered":"https:\/\/fiberoptics24-eu.vserver.zonevs.eu\/?post_type=product&#038;p=15034"},"modified":"2020-09-10T14:30:30","modified_gmt":"2020-09-10T12:30:30","slug":"epd-914-punchdown-tool-without-blade","status":"publish","type":"product","link":"https:\/\/fiberoptics24.eu\/et\/toode\/epd-914-punchdown-tool-without-blade\/","title":{"rendered":"EPD-914: Punchdown-t\u00f6\u00f6riist ilma terata"},"content":{"rendered":"<p>Loodud t\u00f6\u00f6tama k\u00f5ikide Jonard EPB-seeria teradega ja muude sarnaste kaubam\u00e4rkidega, see t\u00f6\u00f6riist on ideaalne k\u00f5igi telekommunikatsiooni v\u00f5i andmeside \npaigaldus tehnikule.<br \/>\n<iframe loading=\"lazy\" style=\"float: right;\" src=\"https:\/\/www.youtube.com\/embed\/A6Yk_2LnKL0\" width=\"560\" height=\"315\" frameborder=\"0\" allowfullscreen=\"allowfullscreen\"><span data-mce-type=\"bookmark\" style=\"display: inline-block; width: 0px; overflow: hidden; line-height: 0;\" class=\"mce_SELRES_start\"><\/span><span data-mce-type=\"bookmark\" style=\"display: inline-block; width: 0px; overflow: hidden; line-height: 0;\" class=\"mce_SELRES_start\"><\/span><\/iframe><br \/>\n<a class=\"btn btn-primary\" style=\"float: left; width: 336px; height: 50px;\" href=\"https:\/\/jonard.com\/file-download\/download\/public\/2840\" target=\"_blank\" rel=\"noopener noreferrer\">TOOTE INFOLEHT PDF<\/a><\/p>","protected":false},"excerpt":{"rendered":"<p>JONARD<\/p>\n<ul>\n<li>Tugev\/n\u00f5rk l\u00f6\u00f6gi tugevuse seadistus (k\u00f5rge: 40 lb\/178 N, madal: 30 lb \/ 133 N<\/li>\n<li>T\u00f6\u00f6riista ehitatud konks<\/li>\n<li>Kahe v\u00e4rviline kere lihtsamaks kasutamiseks<\/li>\n<li>Laiendatud terade hoius\u00fcvend h\u00f5lpsaks terade hoiustamiseks<\/li>\n<li>Testid 100,000 l\u00f6\u00f6gi ts\u00fcklit tugeva l\u00f6\u00f6gitugevuse re\u017eiimis, tagamaks pikka vastupidavust<\/li>\n<li>Sobib k\u00f5ikide Jonard EPB-seeria teradega ja \nmuude sarnaste kaubam\u00e4rkidega (m\u00fc\u00fcakse eraldi)<\/li>\n<li>Eluaegne garantii<\/li>\n<\/ul>\n<p><strong>Terad m\u00fc\u00fcakse eraldi. <a href=\"https:\/\/fiberoptics24-eu.vserver.zonevs.eu\/?post_type=product&amp;p=15039&amp;preview=true\"><span style=\"color: #00ccff;\">EPB-seeria terad<\/span><\/a><\/strong><\/p>","protected":false},"featured_media":15035,"comment_status":"closed","ping_status":"closed","template":"","meta":{"jetpack_post_was_ever_published":false,"jetpack_publicize_message":"","jetpack_publicize_feature_enabled":true,"jetpack_social_post_already_shared":true,"jetpack_social_options":{"image_generator_settings":{"template":"highway","default_image_id":0,"font":"","enabled":false},"version":2}},"product_brand":[],"product_cat":[211,1453],"product_tag":[1306,1425],"class_list":{"0":"post-15034","1":"product","2":"type-product","3":"status-publish","4":"has-post-thumbnail","6":"product_cat-copper-networks","7":"product_cat-copper-networks-tools","8":"product_tag-copper-networks","9":"product_tag-tools","11":"first","12":"onbackorder","13":"taxable","14":"shipping-taxable","15":"purchasable","16":"product-type-simple"},"jetpack_publicize_connections":[],"jetpack_sharing_enabled":true,"_links":{"self":[{"href":"https:\/\/fiberoptics24.eu\/et\/wp-json\/wp\/v2\/product\/15034","targetHints":{"allow":["GET"]}}],"collection":[{"href":"https:\/\/fiberoptics24.eu\/et\/wp-json\/wp\/v2\/product"}],"about":[{"href":"https:\/\/fiberoptics24.eu\/et\/wp-json\/wp\/v2\/types\/product"}],"replies":[{"embeddable":true,"href":"https:\/\/fiberoptics24.eu\/et\/wp-json\/wp\/v2\/comments?post=15034"}],"wp:featuredmedia":[{"embeddable":true,"href":"https:\/\/fiberoptics24.eu\/et\/wp-json\/wp\/v2\/media\/15035"}],"wp:attachment":[{"href":"https:\/\/fiberoptics24.eu\/et\/wp-json\/wp\/v2\/media?parent=15034"}],"wp:term":[{"taxonomy":"product_brand","embeddable":true,"href":"https:\/\/fiberoptics24.eu\/et\/wp-json\/wp\/v2\/product_brand?post=15034"},{"taxonomy":"product_cat","embeddable":true,"href":"https:\/\/fiberoptics24.eu\/et\/wp-json\/wp\/v2\/product_cat?post=15034"},{"taxonomy":"product_tag","embeddable":true,"href":"https:\/\/fiberoptics24.eu\/et\/wp-json\/wp\/v2\/product_tag?post=15034"}],"curies":[{"name":"wp","href":"https:\/\/api.w.org\/{rel}","templated":true}]}}