{"id":15039,"date":"2019-12-31T11:37:06","date_gmt":"2019-12-31T09:37:06","guid":{"rendered":"https:\/\/fiberoptics24-eu.vserver.zonevs.eu\/?post_type=product&#038;p=15039"},"modified":"2020-09-10T14:37:06","modified_gmt":"2020-09-10T12:37:06","slug":"punchdown-tool-blades","status":"publish","type":"product","link":"https:\/\/fiberoptics24.eu\/et\/toode\/punchdown-tool-blades\/","title":{"rendered":"Jonard Punchdown-t\u00f6\u00f6riista terad"},"content":{"rendered":"","protected":false},"excerpt":{"rendered":"<p>JONARD<\/p>\n<p>K\u00f5ik Jonard Punchdown-t\u00f6\u00f6riista terad vastavad k\u00f5igile keeramis- ja lukustusstiilis punchdown-t\u00f6\u00f6riistade t\u00f6\u00f6stusstandartitele. \nValmistatud karastatud legeerterasest ja \u00fcle nikeldatud.<\/p>\n<p class=\"product_title entry-title\"><strong>Punchdown Tool sold separately.<\/strong> <a href=\"https:\/\/fiberoptics24-eu.vserver.zonevs.eu\/?post_type=product&amp;p=15034&amp;preview=true\"><span style=\"color: #00ccff;\"><strong>Punchdown Tool<\/strong><\/span><\/a><\/p>\n<p>&nbsp;<\/p>","protected":false},"featured_media":15053,"comment_status":"closed","ping_status":"closed","template":"","meta":{"jetpack_post_was_ever_published":false,"jetpack_publicize_message":"","jetpack_publicize_feature_enabled":true,"jetpack_social_post_already_shared":true,"jetpack_social_options":{"image_generator_settings":{"template":"highway","default_image_id":0,"font":"","enabled":false},"version":2}},"product_brand":[],"product_cat":[211,1453],"product_tag":[1432,1433,1306],"class_list":{"0":"post-15039","1":"product","2":"type-product","3":"status-publish","4":"has-post-thumbnail","6":"product_cat-copper-networks","7":"product_cat-copper-networks-tools","8":"product_tag-cooper","9":"product_tag-cooper-tools","10":"product_tag-copper-networks","12":"first","13":"outofstock","14":"taxable","15":"shipping-taxable","16":"purchasable","17":"product-type-variable","18":"has-default-attributes"},"jetpack_publicize_connections":[],"jetpack_sharing_enabled":true,"_links":{"self":[{"href":"https:\/\/fiberoptics24.eu\/et\/wp-json\/wp\/v2\/product\/15039","targetHints":{"allow":["GET"]}}],"collection":[{"href":"https:\/\/fiberoptics24.eu\/et\/wp-json\/wp\/v2\/product"}],"about":[{"href":"https:\/\/fiberoptics24.eu\/et\/wp-json\/wp\/v2\/types\/product"}],"replies":[{"embeddable":true,"href":"https:\/\/fiberoptics24.eu\/et\/wp-json\/wp\/v2\/comments?post=15039"}],"wp:featuredmedia":[{"embeddable":true,"href":"https:\/\/fiberoptics24.eu\/et\/wp-json\/wp\/v2\/media\/15053"}],"wp:attachment":[{"href":"https:\/\/fiberoptics24.eu\/et\/wp-json\/wp\/v2\/media?parent=15039"}],"wp:term":[{"taxonomy":"product_brand","embeddable":true,"href":"https:\/\/fiberoptics24.eu\/et\/wp-json\/wp\/v2\/product_brand?post=15039"},{"taxonomy":"product_cat","embeddable":true,"href":"https:\/\/fiberoptics24.eu\/et\/wp-json\/wp\/v2\/product_cat?post=15039"},{"taxonomy":"product_tag","embeddable":true,"href":"https:\/\/fiberoptics24.eu\/et\/wp-json\/wp\/v2\/product_tag?post=15039"}],"curies":[{"name":"wp","href":"https:\/\/api.w.org\/{rel}","templated":true}]}}