{"id":15772,"date":"2020-01-02T16:11:26","date_gmt":"2020-01-02T14:11:26","guid":{"rendered":"https:\/\/fiberoptics24-eu.vserver.zonevs.eu\/?post_type=product&#038;p=15772"},"modified":"2021-02-10T13:08:35","modified_gmt":"2021-02-10T11:08:35","slug":"vt-1000-non-contact-voltage-tester-90-1000vac","status":"publish","type":"product","link":"https:\/\/fiberoptics24.eu\/et\/toode\/vt-1000-non-contact-voltage-tester-90-1000vac\/","title":{"rendered":"Kontaktivaba pinge tester 90 kuni 1000V AC"},"content":{"rendered":"<p>Loodud vahelduvpinge olemasolu tuvastamiseks pistikupesades, l\u00fclitites, kaitsel\u00fclitites, kaitsmetes,<br \/>\njuhtmetes ja kaablites on see pingetester ideaalne vahend vooluahela pinge kontrollimiseks. <iframe loading=\"lazy\" style=\"float: right;\" src=\"https:\/\/www.youtube.com\/embed\/X4G8apC5LJo\" width=\"560\" height=\"315\" frameborder=\"0\" allowfullscreen=\"allowfullscreen\"><\/iframe><\/p>\n<p>Hoiatus:<\/p>\n<p>Enne selle t\u00f6\u00f6riista kasutamist v\u00f5i hooldamist lugege kasutusjuhendit. Teadmatu\/vale<br \/>\npingetestri kasutamine v\u00f5ib p\u00f5hjustada raskeid vigastusi v\u00f5i surma.<\/p>\n<p><a class=\"btn btn-primary\" style=\"float: left; width: 336px; height: 50px;\" href=\"https:\/\/jonard.com\/file-download\/download\/public\/2516\" target=\"_blank\" rel=\"noopener noreferrer\">TOOTE INFOLEHT PDF<\/a><\/p>\n<p>&nbsp;<\/p>\n<p>&nbsp;<\/p>\n<p><a class=\"btn btn-primary\" style=\"float: left; width: 336px; height: 50px;\" href=\"https:\/\/jonard.com\/file-download\/download\/public\/3341\" target=\"_blank\" rel=\"noopener noreferrer\">KASUTUSJUHEND PDF<\/a><\/p>","protected":false},"excerpt":{"rendered":"<p>JONARD<\/p>\n<ul>\n<li>Kontaktivaba pinge tundmine 90 -1000V AC<\/li>\n<li>Testib ka l\u00e4bi kaabliisolatsiooni<\/li>\n<li>CAT IV 1000V reiting t\u00e4iendava t\u00f6\u00f6 ja kaitse tagamiseks<\/li>\n<li>LED tuli ja helisignaal pinge tuvastamisel<\/li>\n<li>Olemas h\u00e4\u00e4letu funktsioon, vaikust n\u00f5udvates kohtades<\/li>\n<li>Kompaktne ja kerge disain koos taskuklambriga v\u00f5imaldab teil seda mugavalt kaasas kanda<\/li>\n<li>Tagamaks patarei paremta kestvust automaatne v\u00e4ljal\u00fclitus peale 3 minutit<\/li>\n<li>Toide (2) AAA patareid (komplektis)<\/li>\n<\/ul>","protected":false},"featured_media":15774,"comment_status":"closed","ping_status":"closed","template":"","meta":{"jetpack_post_was_ever_published":false,"jetpack_publicize_message":"","jetpack_publicize_feature_enabled":true,"jetpack_social_post_already_shared":true,"jetpack_social_options":{"image_generator_settings":{"template":"highway","default_image_id":0,"font":"","enabled":false},"version":2}},"product_brand":[],"product_cat":[211,213],"product_tag":[1423,1437,1433],"class_list":{"0":"post-15772","1":"product","2":"type-product","3":"status-publish","4":"has-post-thumbnail","6":"product_cat-copper-networks","7":"product_cat-copper-testing","8":"product_tag-cooper-networks","9":"product_tag-cooper-testing","10":"product_tag-cooper-tools","12":"first","13":"onbackorder","14":"taxable","15":"shipping-taxable","16":"purchasable","17":"product-type-simple"},"jetpack_publicize_connections":[],"jetpack_sharing_enabled":true,"_links":{"self":[{"href":"https:\/\/fiberoptics24.eu\/et\/wp-json\/wp\/v2\/product\/15772","targetHints":{"allow":["GET"]}}],"collection":[{"href":"https:\/\/fiberoptics24.eu\/et\/wp-json\/wp\/v2\/product"}],"about":[{"href":"https:\/\/fiberoptics24.eu\/et\/wp-json\/wp\/v2\/types\/product"}],"replies":[{"embeddable":true,"href":"https:\/\/fiberoptics24.eu\/et\/wp-json\/wp\/v2\/comments?post=15772"}],"wp:featuredmedia":[{"embeddable":true,"href":"https:\/\/fiberoptics24.eu\/et\/wp-json\/wp\/v2\/media\/15774"}],"wp:attachment":[{"href":"https:\/\/fiberoptics24.eu\/et\/wp-json\/wp\/v2\/media?parent=15772"}],"wp:term":[{"taxonomy":"product_brand","embeddable":true,"href":"https:\/\/fiberoptics24.eu\/et\/wp-json\/wp\/v2\/product_brand?post=15772"},{"taxonomy":"product_cat","embeddable":true,"href":"https:\/\/fiberoptics24.eu\/et\/wp-json\/wp\/v2\/product_cat?post=15772"},{"taxonomy":"product_tag","embeddable":true,"href":"https:\/\/fiberoptics24.eu\/et\/wp-json\/wp\/v2\/product_tag?post=15772"}],"curies":[{"name":"wp","href":"https:\/\/api.w.org\/{rel}","templated":true}]}}