{"id":15813,"date":"2020-01-03T14:45:14","date_gmt":"2020-01-03T12:45:14","guid":{"rendered":"https:\/\/fiberoptics24-eu.vserver.zonevs.eu\/?post_type=product&#038;p=15813"},"modified":"2020-09-14T13:16:49","modified_gmt":"2020-09-14T11:16:49","slug":"fw-50-wet-wipes-for-cleaning-fiber-pack-of-50","status":"publish","type":"product","link":"https:\/\/fiberoptics24.eu\/et\/toode\/fw-50-wet-wipes-for-cleaning-fiber-pack-of-50\/","title":{"rendered":"FW-50: Niisutatud fiibrekiu puhastuslapid (pakis 50 tk)"},"content":{"rendered":"<p>Tehtud 91% isopropanool alkoholist on need puhstuslapid ideaalsed ja puhastavad optilised pinnad,<br \/>\npuhtad kiud ja pistikute otspinnad kiiresti lihtsalt.<\/p>","protected":false},"excerpt":{"rendered":"<div class=\"product__description\">\n<div class=\"product--variation-field--variation_field_description__61 default__field-description\">\n<p>JONARD<\/p>\n<ul>\n<li>Mitteabrasiivne lahusti, mis ei j\u00e4ta j\u00e4lgi, puhastab t\u00f5husalt ja aurustub kiiresti<\/li>\n<li>Ohutu enamikele plastik, klaas ja metall materjalidele<\/li>\n<li>Sisaldab 50 puhastuslappi<\/li>\n<\/ul>\n<\/div>\n<\/div>\n<div class=\"product__variations\">\n<h3>Kogus<\/h3>\n<p class=\"product__variation-current\">Kogus:\u00a0<strong>50<\/strong><\/p>\n<\/div>","protected":false},"featured_media":15815,"comment_status":"closed","ping_status":"closed","template":"","meta":{"jetpack_post_was_ever_published":false,"jetpack_publicize_message":"","jetpack_publicize_feature_enabled":true,"jetpack_social_post_already_shared":true,"jetpack_social_options":{"image_generator_settings":{"template":"highway","default_image_id":0,"font":"","enabled":false},"version":2}},"product_brand":[],"product_cat":[114],"product_tag":[1441,16],"class_list":{"0":"post-15813","1":"product","2":"type-product","3":"status-publish","4":"has-post-thumbnail","6":"product_cat-fiber-optic-cleaning","7":"product_tag-fiber-optic-clening","8":"product_tag-fiber-optics","10":"first","11":"onbackorder","12":"taxable","13":"shipping-taxable","14":"purchasable","15":"product-type-simple"},"jetpack_publicize_connections":[],"jetpack_sharing_enabled":true,"_links":{"self":[{"href":"https:\/\/fiberoptics24.eu\/et\/wp-json\/wp\/v2\/product\/15813","targetHints":{"allow":["GET"]}}],"collection":[{"href":"https:\/\/fiberoptics24.eu\/et\/wp-json\/wp\/v2\/product"}],"about":[{"href":"https:\/\/fiberoptics24.eu\/et\/wp-json\/wp\/v2\/types\/product"}],"replies":[{"embeddable":true,"href":"https:\/\/fiberoptics24.eu\/et\/wp-json\/wp\/v2\/comments?post=15813"}],"wp:featuredmedia":[{"embeddable":true,"href":"https:\/\/fiberoptics24.eu\/et\/wp-json\/wp\/v2\/media\/15815"}],"wp:attachment":[{"href":"https:\/\/fiberoptics24.eu\/et\/wp-json\/wp\/v2\/media?parent=15813"}],"wp:term":[{"taxonomy":"product_brand","embeddable":true,"href":"https:\/\/fiberoptics24.eu\/et\/wp-json\/wp\/v2\/product_brand?post=15813"},{"taxonomy":"product_cat","embeddable":true,"href":"https:\/\/fiberoptics24.eu\/et\/wp-json\/wp\/v2\/product_cat?post=15813"},{"taxonomy":"product_tag","embeddable":true,"href":"https:\/\/fiberoptics24.eu\/et\/wp-json\/wp\/v2\/product_tag?post=15813"}],"curies":[{"name":"wp","href":"https:\/\/api.w.org\/{rel}","templated":true}]}}