{"id":15817,"date":"2020-01-03T14:45:11","date_gmt":"2020-01-03T12:45:11","guid":{"rendered":"https:\/\/fiberoptics24-eu.vserver.zonevs.eu\/?post_type=product&#038;p=15817"},"modified":"2020-01-24T08:44:33","modified_gmt":"2020-01-24T06:44:33","slug":"fd-220-fluid-dispenser-for-fiber-cleaning-220ml","status":"publish","type":"product","link":"https:\/\/fiberoptics24.eu\/et\/toode\/fd-220-fluid-dispenser-for-fiber-cleaning-220ml\/","title":{"rendered":"FD-220:  Puhastusvedeliku pudel 220ml"},"content":{"rendered":"<p>FD-220 jaotur pudel on m\u00f5eldud puhastusvedelike, n\u00e4iteks isopropan\u00fc\u00fcli hoidmiseks ja v\u00e4ljastamiseks, et puhastada fiiberoptiliste kaablite otspindu.<br \/>\nSee on k\u00f5ige mugavam kaasaskandmiseks ja vedeliku v\u00e4ljasdamiseks m\u00f5eldud pritsemkindla kaanega, imipumbaga ja 220 ml. mahuga jaotur pudel.<\/p>","protected":false},"excerpt":{"rendered":"<p>JONARD<\/p>\n<ul>\n<li>Mahutab 220ml puhastusvedelikku<\/li>\n<li>P\u00f6\u00f6rdega lukustus pumbaga saab lukustada\/avada lihtsalt v\u00e4ikese korgi p\u00f6\u00f6rdega<\/li>\n<li>Lekkekindel kaas hoiab vedelikku kindlalt pudelis hoides \u00e4ra vedeliku lekkimise<\/li>\n<li>Lihtsasti kasutatav pump annab t\u00e4pse koguse vedelikku iga vajutusega<\/li>\n<\/ul>","protected":false},"featured_media":15819,"comment_status":"closed","ping_status":"closed","template":"","meta":{"jetpack_post_was_ever_published":false,"jetpack_publicize_message":"","jetpack_publicize_feature_enabled":true,"jetpack_social_post_already_shared":true,"jetpack_social_options":{"image_generator_settings":{"template":"highway","default_image_id":0,"font":"","enabled":false},"version":2}},"product_brand":[],"product_cat":[114],"product_tag":[1444,531],"class_list":{"0":"post-15817","1":"product","2":"type-product","3":"status-publish","4":"has-post-thumbnail","6":"product_cat-fiber-optic-cleaning","7":"product_tag-fiber-cleaning","8":"product_tag-fiber-optic","10":"first","11":"onbackorder","12":"taxable","13":"shipping-taxable","14":"purchasable","15":"product-type-simple"},"jetpack_publicize_connections":[],"jetpack_sharing_enabled":true,"_links":{"self":[{"href":"https:\/\/fiberoptics24.eu\/et\/wp-json\/wp\/v2\/product\/15817","targetHints":{"allow":["GET"]}}],"collection":[{"href":"https:\/\/fiberoptics24.eu\/et\/wp-json\/wp\/v2\/product"}],"about":[{"href":"https:\/\/fiberoptics24.eu\/et\/wp-json\/wp\/v2\/types\/product"}],"replies":[{"embeddable":true,"href":"https:\/\/fiberoptics24.eu\/et\/wp-json\/wp\/v2\/comments?post=15817"}],"wp:featuredmedia":[{"embeddable":true,"href":"https:\/\/fiberoptics24.eu\/et\/wp-json\/wp\/v2\/media\/15819"}],"wp:attachment":[{"href":"https:\/\/fiberoptics24.eu\/et\/wp-json\/wp\/v2\/media?parent=15817"}],"wp:term":[{"taxonomy":"product_brand","embeddable":true,"href":"https:\/\/fiberoptics24.eu\/et\/wp-json\/wp\/v2\/product_brand?post=15817"},{"taxonomy":"product_cat","embeddable":true,"href":"https:\/\/fiberoptics24.eu\/et\/wp-json\/wp\/v2\/product_cat?post=15817"},{"taxonomy":"product_tag","embeddable":true,"href":"https:\/\/fiberoptics24.eu\/et\/wp-json\/wp\/v2\/product_tag?post=15817"}],"curies":[{"name":"wp","href":"https:\/\/api.w.org\/{rel}","templated":true}]}}