{"id":15829,"date":"2020-01-03T14:45:10","date_gmt":"2020-01-03T12:45:10","guid":{"rendered":"https:\/\/fiberoptics24-eu.vserver.zonevs.eu\/?post_type=product&#038;p=15829"},"modified":"2020-09-14T13:18:02","modified_gmt":"2020-09-14T11:18:02","slug":"dw-90-dry-wipes-for-cleaning-fiber","status":"publish","type":"product","link":"https:\/\/fiberoptics24.eu\/et\/toode\/dw-90-dry-wipes-for-cleaning-fiber\/","title":{"rendered":"DW-90: Kuivad lapid fiiberkiu puhastamiseks"},"content":{"rendered":"<p>Valmistatud ebemevabast pol\u00fcesterkangast, mis on pakendatud mugavasse purki, on need puhastuslapid ideaalsed<br \/>\npalja kiu, pistiku otspinna ja elektrooniliste komponentide puhastamiseks<\/p>\n<p><a class=\"btn btn-primary\" style=\"float: left; width: 336px; height: 50px;\" href=\"https:\/\/jonard.com\/file-download\/download\/public\/2129\" target=\"_blank\" rel=\"noopener noreferrer\">TOOTE KASUTUSJUHEND PDF<\/a><\/p>","protected":false},"excerpt":{"rendered":"<p>JONARD<\/p>\n<ul>\n<li>Valmistatud ebemevabast pol\u00fcestermaterjalist, sobiv fiiberoptiliste pistikute ja teiste tundlike elektrooniliste komponentide puhsatamiseks<\/li>\n<li>M\u00e4\u00e4rdumise v\u00e4ltimiseks pakendatud vastupidavasse plastikust purki<\/li>\n<li>Purk sisaldab 90 ebemevaba puhastuslappi<\/li>\n<\/ul>","protected":false},"featured_media":15831,"comment_status":"closed","ping_status":"closed","template":"","meta":{"jetpack_post_was_ever_published":false,"jetpack_publicize_message":"","jetpack_publicize_feature_enabled":true,"jetpack_social_post_already_shared":true,"jetpack_social_options":{"image_generator_settings":{"template":"highway","default_image_id":0,"font":"","enabled":false},"version":2}},"product_brand":[],"product_cat":[114],"product_tag":[531,1441],"class_list":{"0":"post-15829","1":"product","2":"type-product","3":"status-publish","4":"has-post-thumbnail","6":"product_cat-fiber-optic-cleaning","7":"product_tag-fiber-optic","8":"product_tag-fiber-optic-clening","10":"first","11":"onbackorder","12":"taxable","13":"shipping-taxable","14":"purchasable","15":"product-type-simple"},"jetpack_publicize_connections":[],"jetpack_sharing_enabled":true,"_links":{"self":[{"href":"https:\/\/fiberoptics24.eu\/et\/wp-json\/wp\/v2\/product\/15829","targetHints":{"allow":["GET"]}}],"collection":[{"href":"https:\/\/fiberoptics24.eu\/et\/wp-json\/wp\/v2\/product"}],"about":[{"href":"https:\/\/fiberoptics24.eu\/et\/wp-json\/wp\/v2\/types\/product"}],"replies":[{"embeddable":true,"href":"https:\/\/fiberoptics24.eu\/et\/wp-json\/wp\/v2\/comments?post=15829"}],"wp:featuredmedia":[{"embeddable":true,"href":"https:\/\/fiberoptics24.eu\/et\/wp-json\/wp\/v2\/media\/15831"}],"wp:attachment":[{"href":"https:\/\/fiberoptics24.eu\/et\/wp-json\/wp\/v2\/media?parent=15829"}],"wp:term":[{"taxonomy":"product_brand","embeddable":true,"href":"https:\/\/fiberoptics24.eu\/et\/wp-json\/wp\/v2\/product_brand?post=15829"},{"taxonomy":"product_cat","embeddable":true,"href":"https:\/\/fiberoptics24.eu\/et\/wp-json\/wp\/v2\/product_cat?post=15829"},{"taxonomy":"product_tag","embeddable":true,"href":"https:\/\/fiberoptics24.eu\/et\/wp-json\/wp\/v2\/product_tag?post=15829"}],"curies":[{"name":"wp","href":"https:\/\/api.w.org\/{rel}","templated":true}]}}