{"id":15972,"date":"2020-01-06T14:23:09","date_gmt":"2020-01-06T12:23:09","guid":{"rendered":"https:\/\/fiberoptics24-eu.vserver.zonevs.eu\/?post_type=product&#038;p=15972"},"modified":"2020-09-10T14:09:35","modified_gmt":"2020-09-10T12:09:35","slug":"ust-500-universal-cable-stripping-tool-coax-network-telephone-cables","status":"publish","type":"product","link":"https:\/\/fiberoptics24.eu\/et\/toode\/ust-500-universal-cable-stripping-tool-coax-network-telephone-cables\/","title":{"rendered":"UST-500: Kaabli koorimis t\u00f6\u00f6riist COAX, arvutiv\u00f5rgu ja telekommunikatsiooni kaablitele"},"content":{"rendered":"<p>Jonard UST-500 kaablikoorimis t\u00f6\u00f6riist on loodud COAX ja muude v\u00f5rgukaablite,<br \/>\nja telefoniside kaablite kiireks ja lihtsaks otsastamiseks.<iframe loading=\"lazy\" style=\"float: right;\" src=\"https:\/\/youtube.com\/embed\/iB1Hn_8CK-M\" width=\"560\" height=\"315\" frameborder=\"0\" allowfullscreen=\"allowfullscreen\"><span data-mce-type=\"bookmark\" style=\"display: inline-block; width: 0px; overflow: hidden; line-height: 0;\" class=\"mce_SELRES_start\"><\/span><span data-mce-type=\"bookmark\" style=\"display: inline-block; width: 0px; overflow: hidden; line-height: 0;\" class=\"mce_SELRES_start\"><\/span><span data-mce-type=\"bookmark\" style=\"display: inline-block; width: 0px; overflow: hidden; line-height: 0;\" class=\"mce_SELRES_start\"><\/span><\/iframe><\/p>\n<p>Replacement:<br \/>\n<a href=\"https:\/\/fiberoptics24-eu.vserver.zonevs.eu\/product\/ust-205\/\"><strong>UST-205 RG59\/6 &amp; RG7\/11 Replacement Blade Cartridge for UST Series<\/strong><\/a><\/p>\n<p><a class=\"btn btn-primary\" style=\"float: left; width: 336px; height: 50px;\" href=\"https:\/\/fiberoptics24-eu.vserver.zonevs.eu\/product\/ust-205\/\" target=\"_blank\" rel=\"noopener noreferrer\">TOOTE KASUTUSJUHEND PDF<\/a><\/p>","protected":false},"excerpt":{"rendered":"<p>JONARD<\/p>\n<ul>\n<li>Sisaldab terakasetti (UST-205) millel on kaks koorimis poolt, RG59, RG6, RG7 ja RG11 COAX kaablitele F, BNC ja RCA pistikute otsastamiseks<\/li>\n<li>K\u00f5rg\u00fc s\u00fcsiniku sisaldusega terad kestavad v\u00e4hemalt 5000 koorimist m\u00f5lemalt poolelt<\/li>\n<li>Terakasett on p\u00f6\u00f6ratav kahepoolseks kasutamiseks<\/li>\n<li>Seadistatav suurusega koorimis ava CAT3\/4\/5E\/6\/6A PVC ja Plenum v\u00f5rgukaablitele<\/li>\n<li>Lisatud l\u00f5ikur k\u00f5igi kaablit\u00fc\u00fcpide l\u00f5ikamiseks<\/li>\n<li>Lamekaabli ja 4P \/ 6P t\u00fc\u00fcpi kaablikatte eemaldamiseks on eraldi koorimisava<\/li>\n<li>Suur s\u00f5rmeaas v\u00f5maldab mugavat ringl\u00f5iget<\/li>\n<li>Koorimisega eemaldatakse 1\/4\" kaablikatet ja 5\/16\" maandus- ja dielektrilist isolatsioonimaterjali<\/li>\n<\/ul>\n<h3>Kaabli t\u00fc\u00fcp<\/h3>\n<p class=\"product__variation-current\">Kaabli t\u00fc\u00fcp:\u00a0<strong>RG59, RG6, RG7, RG11 No Stop<\/strong><\/p>","protected":false},"featured_media":15973,"comment_status":"closed","ping_status":"closed","template":"","meta":{"jetpack_post_was_ever_published":false,"jetpack_publicize_message":"","jetpack_publicize_feature_enabled":true,"jetpack_social_post_already_shared":true,"jetpack_social_options":{"image_generator_settings":{"template":"highway","default_image_id":0,"font":"","enabled":false},"version":2}},"product_brand":[],"product_cat":[211,1453],"product_tag":[1306,1425],"class_list":{"0":"post-15972","1":"product","2":"type-product","3":"status-publish","4":"has-post-thumbnail","6":"product_cat-copper-networks","7":"product_cat-copper-networks-tools","8":"product_tag-copper-networks","9":"product_tag-tools","11":"first","12":"onbackorder","13":"taxable","14":"shipping-taxable","15":"purchasable","16":"product-type-simple"},"jetpack_publicize_connections":[],"jetpack_sharing_enabled":true,"_links":{"self":[{"href":"https:\/\/fiberoptics24.eu\/et\/wp-json\/wp\/v2\/product\/15972","targetHints":{"allow":["GET"]}}],"collection":[{"href":"https:\/\/fiberoptics24.eu\/et\/wp-json\/wp\/v2\/product"}],"about":[{"href":"https:\/\/fiberoptics24.eu\/et\/wp-json\/wp\/v2\/types\/product"}],"replies":[{"embeddable":true,"href":"https:\/\/fiberoptics24.eu\/et\/wp-json\/wp\/v2\/comments?post=15972"}],"wp:featuredmedia":[{"embeddable":true,"href":"https:\/\/fiberoptics24.eu\/et\/wp-json\/wp\/v2\/media\/15973"}],"wp:attachment":[{"href":"https:\/\/fiberoptics24.eu\/et\/wp-json\/wp\/v2\/media?parent=15972"}],"wp:term":[{"taxonomy":"product_brand","embeddable":true,"href":"https:\/\/fiberoptics24.eu\/et\/wp-json\/wp\/v2\/product_brand?post=15972"},{"taxonomy":"product_cat","embeddable":true,"href":"https:\/\/fiberoptics24.eu\/et\/wp-json\/wp\/v2\/product_cat?post=15972"},{"taxonomy":"product_tag","embeddable":true,"href":"https:\/\/fiberoptics24.eu\/et\/wp-json\/wp\/v2\/product_tag?post=15972"}],"curies":[{"name":"wp","href":"https:\/\/api.w.org\/{rel}","templated":true}]}}