{"id":15979,"date":"2020-01-06T15:49:39","date_gmt":"2020-01-06T13:49:39","guid":{"rendered":"https:\/\/fiberoptics24-eu.vserver.zonevs.eu\/?post_type=product&#038;p=15979"},"modified":"2020-09-10T13:27:18","modified_gmt":"2020-09-10T11:27:18","slug":"ust-205","status":"publish","type":"product","link":"https:\/\/fiberoptics24.eu\/et\/toode\/ust-205\/","title":{"rendered":"UST-205: RG59\/6 &amp; RG7\/11 vahetusterade kasett UST seeria t\u00f6\u00f6riistadele"},"content":{"rendered":"<p>See toode on universaalse kaablikoorimis t\u00f6\u00f6riista (UST-500) ja koaksiaalkaablikoorimis t\u00f6\u00f6riista (UST-100) vahetustera kassett.<\/p>\n<p><a class=\"btn btn-primary\" style=\"float: left; width: 336px; height: 50px;\" href=\"https:\/\/jonard.com\/file-download\/download\/public\/2746\" target=\"_blank\" rel=\"noopener noreferrer\">TOOTE KASUTUSJUHEND PDF<\/a><\/p>","protected":false},"excerpt":{"rendered":"<p>JONARD<\/p>\n<div class=\"product__description\">\n<div class=\"product--variation-field--variation_field_description__224 default__field-description\">\n<ul>\n<li>V\u00f5imaldab kahe tasemelist koorimist F, BNC ja RCA pistikute otsastamiseks<\/li>\n<li>K\u00f5rge s\u00fcsiniku sisaldusega terad v\u00e4hemalt 5000 koorimiseks<\/li>\n<li>Terakasett on p\u00f6\u00f6ratav kahepoolseks kasutamiseks<\/li>\n<li>Sobib k\u00f5igile Jonard UST seeria t\u00f6\u00f6ristadele (v\u00e4ljaarvatud UST-175 ja UST-185)<\/li>\n<li>Koorimisega eemaldatakse 1\/4\" kaablikatet ja 5\/16\" maandus- ja dielektrilist isolatsioonimaterjali<\/li>\n<\/ul>\n<\/div>\n<\/div>\n<div class=\"product__variations\">\n<h3>Kaabli t\u00fc\u00fcp<\/h3>\n<p class=\"product__variation-current\">Model:\u00a0<strong>RG59, RG6, RG7, RG11 No Cable Stop<\/strong><\/p>\n<\/div>","protected":false},"featured_media":15980,"comment_status":"closed","ping_status":"closed","template":"","meta":{"jetpack_post_was_ever_published":false,"jetpack_publicize_message":"","jetpack_publicize_feature_enabled":true,"jetpack_social_post_already_shared":true,"jetpack_social_options":{"image_generator_settings":{"template":"highway","default_image_id":0,"font":"","enabled":false},"version":2}},"product_brand":[],"product_cat":[108,211,1453],"product_tag":[1433,1306],"class_list":{"0":"post-15979","1":"product","2":"type-product","3":"status-publish","4":"has-post-thumbnail","6":"product_cat-fiber-optic-accessories","7":"product_cat-copper-networks","8":"product_cat-copper-networks-tools","9":"product_tag-cooper-tools","10":"product_tag-copper-networks","12":"first","13":"onbackorder","14":"taxable","15":"shipping-taxable","16":"purchasable","17":"product-type-simple"},"jetpack_publicize_connections":[],"jetpack_sharing_enabled":true,"_links":{"self":[{"href":"https:\/\/fiberoptics24.eu\/et\/wp-json\/wp\/v2\/product\/15979","targetHints":{"allow":["GET"]}}],"collection":[{"href":"https:\/\/fiberoptics24.eu\/et\/wp-json\/wp\/v2\/product"}],"about":[{"href":"https:\/\/fiberoptics24.eu\/et\/wp-json\/wp\/v2\/types\/product"}],"replies":[{"embeddable":true,"href":"https:\/\/fiberoptics24.eu\/et\/wp-json\/wp\/v2\/comments?post=15979"}],"wp:featuredmedia":[{"embeddable":true,"href":"https:\/\/fiberoptics24.eu\/et\/wp-json\/wp\/v2\/media\/15980"}],"wp:attachment":[{"href":"https:\/\/fiberoptics24.eu\/et\/wp-json\/wp\/v2\/media?parent=15979"}],"wp:term":[{"taxonomy":"product_brand","embeddable":true,"href":"https:\/\/fiberoptics24.eu\/et\/wp-json\/wp\/v2\/product_brand?post=15979"},{"taxonomy":"product_cat","embeddable":true,"href":"https:\/\/fiberoptics24.eu\/et\/wp-json\/wp\/v2\/product_cat?post=15979"},{"taxonomy":"product_tag","embeddable":true,"href":"https:\/\/fiberoptics24.eu\/et\/wp-json\/wp\/v2\/product_tag?post=15979"}],"curies":[{"name":"wp","href":"https:\/\/api.w.org\/{rel}","templated":true}]}}