{"id":16020,"date":"2020-01-07T10:36:50","date_gmt":"2020-01-07T08:36:50","guid":{"rendered":"https:\/\/fiberoptics24-eu.vserver.zonevs.eu\/?post_type=product&#038;p=16020"},"modified":"2021-02-10T13:09:05","modified_gmt":"2021-02-10T11:09:05","slug":"kss-1-scissor-knife-sharpener","status":"publish","type":"product","link":"https:\/\/fiberoptics24.eu\/et\/toode\/kss-1-scissor-knife-sharpener\/","title":{"rendered":"Kss-1: K\u00e4\u00e4ride ja nugade teritaja"},"content":{"rendered":"<h2>Kss-1: K\u00e4\u00e4ride ja nugade teritaja<\/h2>\n<p><iframe loading=\"lazy\" style=\"float: right;\" src=\"https:\/\/youtube.com\/embed\/ks7T1qp5RTI\" width=\"560\" height=\"315\" frameborder=\"0\" allowfullscreen=\"allowfullscreen\"><span data-mce-type=\"bookmark\" style=\"display: inline-block; width: 0px; overflow: hidden; line-height: 0;\" class=\"mce_SELRES_start\"><\/span><span data-mce-type=\"bookmark\" style=\"display: inline-block; width: 0px; overflow: hidden; line-height: 0;\" class=\"mce_SELRES_start\"><\/span><\/iframe><\/p>\n<p>Scissor and Knife sharpener, designed to restore the edges of <a href=\"https:\/\/fiberoptics24-eu.vserver.zonevs.eu\/et\/toode\/abf-knife-ldk19501-01\/\"><span style=\"color: #00ccff;\"> nugade<\/span><\/a> ja<br \/>\n<a href=\"https:\/\/fiberoptics24-eu.vserver.zonevs.eu\/et\/toode\/jic-186kevlar-shears-fiber-optic-cable-preparation-jonards\/\"><span style=\"color: #00ccff;\">t\u00f6\u00f6riist, <\/span><\/a>kuna on tehtud teemant poleeritud k\u00f5rge kvaliteediga volframkarbiid<br \/>\nterasest.<\/p>\n<p><a class=\"btn btn-primary\" style=\"float: left; width: 336px; height: 50px;\" href=\"https:\/\/jonard.com\/file-download\/download\/public\/3044\" target=\"blank\" rel=\"noopener noreferrer\">TOOTE ANDMELEHT PDF.<\/a><\/p>","protected":false},"excerpt":{"rendered":"<p><a href=\"https:\/\/jonard.com\/kss-1-knife-and-scissor-sharpener?v=273\"><span style=\"color: #00ccff;\">JONARD<\/span><\/a><\/p>\n<ul>\n<li>Teemant-poleeritud k\u00f5rgekvaliteedilised volframkarbiidterasest terad taastavad k\u00e4\u00e4ride v\u00f5i nuga terade teravuse vaid 3-4 t\u00f5mbega<\/li>\n<li>Turvakaar kaitseb n\u00e4ppe terituse ajal<\/li>\n<li>Kerge ja v\u00e4ikse m\u00f5\u00f5duline disain mugavaks kaasaskandmiseks<\/li>\n<\/ul>","protected":false},"featured_media":16021,"comment_status":"closed","ping_status":"closed","template":"","meta":{"jetpack_post_was_ever_published":false,"jetpack_publicize_message":"","jetpack_publicize_feature_enabled":true,"jetpack_social_post_already_shared":true,"jetpack_social_options":{"image_generator_settings":{"template":"highway","default_image_id":0,"font":"","enabled":false},"version":2}},"product_brand":[],"product_cat":[108],"product_tag":[1432,1433,92,1425],"class_list":{"0":"post-16020","1":"product","2":"type-product","3":"status-publish","4":"has-post-thumbnail","6":"product_cat-fiber-optic-accessories","7":"product_tag-cooper","8":"product_tag-cooper-tools","9":"product_tag-fiber-optic-tools","10":"product_tag-tools","12":"first","13":"onbackorder","14":"taxable","15":"shipping-taxable","16":"purchasable","17":"product-type-simple"},"jetpack_publicize_connections":[],"jetpack_sharing_enabled":true,"_links":{"self":[{"href":"https:\/\/fiberoptics24.eu\/et\/wp-json\/wp\/v2\/product\/16020","targetHints":{"allow":["GET"]}}],"collection":[{"href":"https:\/\/fiberoptics24.eu\/et\/wp-json\/wp\/v2\/product"}],"about":[{"href":"https:\/\/fiberoptics24.eu\/et\/wp-json\/wp\/v2\/types\/product"}],"replies":[{"embeddable":true,"href":"https:\/\/fiberoptics24.eu\/et\/wp-json\/wp\/v2\/comments?post=16020"}],"wp:featuredmedia":[{"embeddable":true,"href":"https:\/\/fiberoptics24.eu\/et\/wp-json\/wp\/v2\/media\/16021"}],"wp:attachment":[{"href":"https:\/\/fiberoptics24.eu\/et\/wp-json\/wp\/v2\/media?parent=16020"}],"wp:term":[{"taxonomy":"product_brand","embeddable":true,"href":"https:\/\/fiberoptics24.eu\/et\/wp-json\/wp\/v2\/product_brand?post=16020"},{"taxonomy":"product_cat","embeddable":true,"href":"https:\/\/fiberoptics24.eu\/et\/wp-json\/wp\/v2\/product_cat?post=16020"},{"taxonomy":"product_tag","embeddable":true,"href":"https:\/\/fiberoptics24.eu\/et\/wp-json\/wp\/v2\/product_tag?post=16020"}],"curies":[{"name":"wp","href":"https:\/\/api.w.org\/{rel}","templated":true}]}}