{"id":16022,"date":"2020-01-07T11:41:45","date_gmt":"2020-01-07T09:41:45","guid":{"rendered":"https:\/\/fiberoptics24-eu.vserver.zonevs.eu\/?post_type=product&#038;p=16022"},"modified":"2021-02-10T13:33:58","modified_gmt":"2021-02-10T11:33:58","slug":"fl-2000-led-flashlight-zoom-lens","status":"publish","type":"product","link":"https:\/\/fiberoptics24.eu\/et\/toode\/fl-2000-led-flashlight-zoom-lens\/","title":{"rendered":"FL-2000: LED taskulamp suum l\u00e4\u00e4tsega"},"content":{"rendered":"<h2>Jonard Tools Led Flashlight<\/h2>\n<p>K\u00f5rge kavliteediga Led taskulamp \u00fche AA patareiga. Korpus on vastupidavast alumiiniumist. Valgustugevus<br \/>\non 120 luumenit ja valguskiir on seadistatav. Sisse suumides saab kitsa vaguskiire ja v\u00e4lja v\u00e4lja suumides<br \/>\nsaab laia valguskiire. Valguskiirt saab reguleerida lihtsalt taskulambi korpust keerates. Lihtne vajutusl\u00fclitiga<br \/>\nt\u00f6\u00f6le l\u00fclitus.<\/p>\n<h4>Used in:<\/h4>\n<p><a href=\"https:\/\/fiberoptics24-eu.vserver.zonevs.eu\/product\/tk-188-fiber-connector-cleaning-inspection-kit-jonard\/\"><span style=\"color: #00ccff;\">TK-188<\/span><\/a> Fiber Optic Connector Cleaning and Inspection Kit<\/p>\n<p><a class=\"btn btn-primary\" style=\"float: left; width: 336px; height: 50px;\" href=\"https:\/\/jonard.com\/file-download\/download\/public\/3264\" target=\"_blank\" rel=\"noopener noreferrer\">TOOTE ANDMELEHT PDF.<\/a><\/p>","protected":false},"excerpt":{"rendered":"<p><a href=\"https:\/\/jonard.com\/fl-2000-led-flashlight-zoom-lens?v=744\"><span style=\"color: #00ccff;\">JONARD<\/span><\/a><\/p>\n<ul>\n<li>Led lambi valgusj\u00f5ud on 120 luumenit<\/li>\n<li>Valguskiir on seadistatav<\/li>\n<li>Suum l\u00e4\u00e4tsega<\/li>\n<li>Toide 1 AA alkaline patarei<\/li>\n<\/ul>","protected":false},"featured_media":16024,"comment_status":"closed","ping_status":"closed","template":"","meta":{"jetpack_post_was_ever_published":false,"jetpack_publicize_message":"","jetpack_publicize_feature_enabled":true,"jetpack_social_post_already_shared":true,"jetpack_social_options":{"image_generator_settings":{"template":"highway","default_image_id":0,"font":"","enabled":false},"version":2}},"product_brand":[],"product_cat":[108],"product_tag":[89,1425],"class_list":{"0":"post-16022","1":"product","2":"type-product","3":"status-publish","4":"has-post-thumbnail","6":"product_cat-fiber-optic-accessories","7":"product_tag-accessories","8":"product_tag-tools","10":"first","11":"onbackorder","12":"taxable","13":"shipping-taxable","14":"purchasable","15":"product-type-simple"},"jetpack_publicize_connections":[],"jetpack_sharing_enabled":true,"_links":{"self":[{"href":"https:\/\/fiberoptics24.eu\/et\/wp-json\/wp\/v2\/product\/16022","targetHints":{"allow":["GET"]}}],"collection":[{"href":"https:\/\/fiberoptics24.eu\/et\/wp-json\/wp\/v2\/product"}],"about":[{"href":"https:\/\/fiberoptics24.eu\/et\/wp-json\/wp\/v2\/types\/product"}],"replies":[{"embeddable":true,"href":"https:\/\/fiberoptics24.eu\/et\/wp-json\/wp\/v2\/comments?post=16022"}],"wp:featuredmedia":[{"embeddable":true,"href":"https:\/\/fiberoptics24.eu\/et\/wp-json\/wp\/v2\/media\/16024"}],"wp:attachment":[{"href":"https:\/\/fiberoptics24.eu\/et\/wp-json\/wp\/v2\/media?parent=16022"}],"wp:term":[{"taxonomy":"product_brand","embeddable":true,"href":"https:\/\/fiberoptics24.eu\/et\/wp-json\/wp\/v2\/product_brand?post=16022"},{"taxonomy":"product_cat","embeddable":true,"href":"https:\/\/fiberoptics24.eu\/et\/wp-json\/wp\/v2\/product_cat?post=16022"},{"taxonomy":"product_tag","embeddable":true,"href":"https:\/\/fiberoptics24.eu\/et\/wp-json\/wp\/v2\/product_tag?post=16022"}],"curies":[{"name":"wp","href":"https:\/\/api.w.org\/{rel}","templated":true}]}}