{"id":16046,"date":"2020-01-07T16:42:46","date_gmt":"2020-01-07T14:42:46","guid":{"rendered":"https:\/\/fiberoptics24-eu.vserver.zonevs.eu\/?post_type=product&#038;p=16046"},"modified":"2021-02-10T13:34:40","modified_gmt":"2021-02-10T11:34:40","slug":"wsc-826","status":"publish","type":"product","link":"https:\/\/fiberoptics24.eu\/et\/toode\/wsc-826\/","title":{"rendered":"WSC-826: Kaablikoorija ja krimpija (8 \u2013 26 AWG)"},"content":{"rendered":"<p>Jonard <span style=\"color: #00ccff;\"><a style=\"color: #00ccff;\" href=\"https:\/\/fiberoptics24-eu.vserver.zonevs.eu\/et\/tootekategooria\/tools\/\">T\u00f6\u00f6riistad<\/a><\/span> WSC-826 on multifunktsionaalne kaablikoorija ja pressijam millega saab nii koorida kui l\u00f5igata<iframe loading=\"lazy\" style=\"float: right;\" src=\"https:\/\/youtube.com\/embed\/AcUP8scsl3U\" width=\"560\" height=\"315\" frameborder=\"0\" allowfullscreen=\"allowfullscreen\"><span data-mce-type=\"bookmark\" style=\"display: inline-block; width: 0px; overflow: hidden; line-height: 0;\" class=\"mce_SELRES_start\"><\/span><span data-mce-type=\"bookmark\" style=\"display: inline-block; width: 0px; overflow: hidden; line-height: 0;\" class=\"mce_SELRES_start\"><\/span><\/iframe><br \/>\nkaableid vahemikus 8.36 mm\u00b2 \u2013 0.13 mm\u00b2 (8 \u2013 26 AWG ) ilma igasuguse lisa seadistuseta. Selle t\u00f6\u00f6riistaga on<br \/>\nkaabli koorimine v\u00e4ga mugav ja kiire protsess, seega on see \u00e4\u00e4rmiselt vajalik t\u00f6\u00f6riist igale elektrikule.<\/p>\n<p>WSC-826 saad saa koorida, l\u00f5igata ja krimpida kaableid vahemikus 8.36 mm\u00b2 \u2013 0.13 mm (8-26 AWG).<\/p>\n<p>WSC-826 as has a wire cutter and crimper for non-insulated terminals and handy adjustable wire stop ensures<br \/>\nja samasuguse tulemuse igal l\u00f5ikel. Spetsiaalne reguleerimisnupp lubab t\u00f6\u00f6riista kasutada ka nii v\u00e4ikeste<br \/>\nkaablitega kui 0.05 (30 AWG) kui ka suurte kaablitega kuni 8.365 mm2 (8 AWG).<\/p>\n<p>T\u00f6\u00f6riista krimpimis osa t\u00f6\u00f6tab isoleerimata klemmidel vahemikus 5.26 mm2  - 0.325mm2 (10 - 22 AWG)<br \/>\nja on ka olemas eraldi krimpija 7 mm - 8 mm juhtmetele.<\/p>\n<p>&nbsp;<\/p>\n<p><a class=\"btn btn-primary\" style=\"float: left; width: 336px; height: 50px;\" href=\"https:\/\/jonard.com\/file-download\/download\/public\/2749\" target=\"_blank\" rel=\"noopener noreferrer\">TOOTE ANDMELEHT PDF.<\/a><\/p>","protected":false},"excerpt":{"rendered":"<p><a href=\"https:\/\/jonard.com\/wsc-826-wire-stripper-crimper-8-26-awg?v=624\"><span style=\"color: #00ccff;\">JONARD<\/span><\/a><\/p>\n<ul>\n<li>Ideaalne koorija kaablitele ristl\u00f5ikega 2-3,5 mm2 ning enamustele kiud v\u00f5i plank kaablitele.<\/li>\n<li>Tangidel on ka kaablil\u00f5ikur ja presstangid isoleerimata klemmide joaks<\/li>\n<li>K\u00e4ep\u00e4rane reguleeritav kaablipiiraja tagab t\u00e4psed ja \u00fchtlased tulemused<\/li>\n<li>Spetsiaalne mikroseadistusnupp v\u00f5imaldab t\u00f6\u00f6riistal t\u00f6\u00f6tada nii v\u00e4ikestel kui 0,05 mm2 (30 AWG) ja kuni 8,37 mm2 (8 AWG) kaablitel<\/li>\n<li>T\u00f6\u00f6riista press osa t\u00f6\u00f6tab isoleerimata klemmidel vahemikus 5,2 mm2 kuni 0,33 mm2 (10 kuni 22 AWG) ja 7 mm kuni 8 mm juhtmete pressimiseks on olemas eraldi press<\/li>\n<\/ul>","protected":false},"featured_media":16048,"comment_status":"closed","ping_status":"closed","template":"","meta":{"jetpack_post_was_ever_published":false,"jetpack_publicize_message":"","jetpack_publicize_feature_enabled":true,"jetpack_social_post_already_shared":true,"jetpack_social_options":{"image_generator_settings":{"template":"highway","default_image_id":0,"font":"","enabled":false},"version":2}},"product_brand":[],"product_cat":[211,1453],"product_tag":[1432,1423,1433],"class_list":{"0":"post-16046","1":"product","2":"type-product","3":"status-publish","4":"has-post-thumbnail","6":"product_cat-copper-networks","7":"product_cat-copper-networks-tools","8":"product_tag-cooper","9":"product_tag-cooper-networks","10":"product_tag-cooper-tools","12":"first","13":"instock","14":"taxable","15":"shipping-taxable","16":"purchasable","17":"product-type-simple"},"jetpack_publicize_connections":[],"jetpack_sharing_enabled":true,"_links":{"self":[{"href":"https:\/\/fiberoptics24.eu\/et\/wp-json\/wp\/v2\/product\/16046","targetHints":{"allow":["GET"]}}],"collection":[{"href":"https:\/\/fiberoptics24.eu\/et\/wp-json\/wp\/v2\/product"}],"about":[{"href":"https:\/\/fiberoptics24.eu\/et\/wp-json\/wp\/v2\/types\/product"}],"replies":[{"embeddable":true,"href":"https:\/\/fiberoptics24.eu\/et\/wp-json\/wp\/v2\/comments?post=16046"}],"wp:featuredmedia":[{"embeddable":true,"href":"https:\/\/fiberoptics24.eu\/et\/wp-json\/wp\/v2\/media\/16048"}],"wp:attachment":[{"href":"https:\/\/fiberoptics24.eu\/et\/wp-json\/wp\/v2\/media?parent=16046"}],"wp:term":[{"taxonomy":"product_brand","embeddable":true,"href":"https:\/\/fiberoptics24.eu\/et\/wp-json\/wp\/v2\/product_brand?post=16046"},{"taxonomy":"product_cat","embeddable":true,"href":"https:\/\/fiberoptics24.eu\/et\/wp-json\/wp\/v2\/product_cat?post=16046"},{"taxonomy":"product_tag","embeddable":true,"href":"https:\/\/fiberoptics24.eu\/et\/wp-json\/wp\/v2\/product_tag?post=16046"}],"curies":[{"name":"wp","href":"https:\/\/api.w.org\/{rel}","templated":true}]}}