{"id":16142,"date":"2020-01-09T15:12:14","date_gmt":"2020-01-09T13:12:14","guid":{"rendered":"https:\/\/fiberoptics24-eu.vserver.zonevs.eu\/?post_type=product&#038;p=16142"},"modified":"2020-09-10T14:05:57","modified_gmt":"2020-09-10T12:05:57","slug":"tetp-900-multifunctional-cable-tester","status":"publish","type":"product","link":"https:\/\/fiberoptics24.eu\/et\/toode\/tetp-900-multifunctional-cable-tester\/","title":{"rendered":"TETP-900: Multifunktsionaalne  kaablitestimis komplekt"},"content":{"rendered":"<p>Loodud RJ45 pistiku,<a href=\"https:\/\/fiberoptics24-eu.vserver.zonevs.eu\/et\/tootekategooria\/copper-networks\/\"><span style=\"color: #00ccff;\">\u00a0RJ45<\/span> pistiku<\/a>BNC ja F koaksiaalkaabli, samuti 6P2C \/ 4P2C pistikute, ja 6P2C \/ 4P2C<br \/>\n<iframe loading=\"lazy\" style=\"float: right;\" src=\"https:\/\/youtube.com\/embed\/9YqbSe35lBk\" width=\"560\" height=\"315\" frameborder=\"0\" allowfullscreen=\"allowfullscreen\"><span data-mce-type=\"bookmark\" style=\"display: inline-block; width: 0px; overflow: hidden; line-height: 0;\" class=\"mce_SELRES_start\"><\/span><\/iframe>pistikute kontrollimiseks ja tuvastamiseks.<br \/>\nKomplektis sisalduvad j\u00e4rgmised osad:<\/p>\n<p>J\u00e4lgimisseade:<\/p>\n<ul>\n<li>Plastist otsik hoiab \u00e4ra tahtmatud l\u00fchistused<\/li>\n<li>LED tuli n\u00e4itab visuaalselt signaali tugevust<\/li>\n<li>V\u00f5imaldab kontrollida paljude 6P2C \/ 4P2C telefonipistikute polaarsust<\/li>\n<li>Reguleeritav helitugevuse nupp ja k\u00f5rvaklappide pistik suurendavad kasutus funktsionaalsust ja mugavust<\/li>\n<li>T\u00f6\u00f6tab ka paljude teiste tootjate analoogtoonigeneraatoritega<\/li>\n<li>Komplekti kuulub t\u00f6\u00f6ks vajalik 9 V patarei<\/li>\n<\/ul>\n<p>Tester ja toonigeneraator:<\/p>\n<ul>\n<li>Testrit saab kasutada RJ45 kaablite h\u00f5lpsaks testimiseks<\/li>\n<li>Heli saab anda RJ45 ja BNC pistikute v\u00f5i testimis klambrite kaudu<\/li>\n<li>Annab testimiseks telefonile k\u00f5nev\u00f5imsuse<\/li>\n<li>Valikus kaks erinevat tooni<\/li>\n<li>T\u00f6\u00f6tab koos meie TEP-200 j\u00e4lgimisseadmega smuti ka teistega<\/li>\n<li>Sisaldab TET-6 tarvikute komplekti ja seadme t\u00f6\u00f6ks vajaliku 9V  patareid<\/li>\n<\/ul>\n<p>Komplektis sisaldub:<\/p>\n<ul>\n<li>TET-700 Multifunktsionaalne kaabli tester\/tooner<a class=\"btn btn-primary\" style=\"float: right; width: 336px; height: 50px;\" href=\"https:\/\/jonard.com\/file-download\/download\/public\/2125\" target=\"_blank\" rel=\"noopener noreferrer\">KASUTUSJUHEND PDF<\/a><\/li>\n<li>TEP-200 tooni j\u00e4lgimisseade<\/li>\n<li>TET-6  tarvikute komplekt TET-700 jaoks<a class=\"btn btn-primary\" style=\"float: right; width: 336px; height: 50px;\" href=\"https:\/\/jonard.com\/file-download\/download\/public\/3049\" target=\"_blank\" rel=\"noopener noreferrer\">TOOTE ANDMELEHT PDF.<\/a><\/li>\n<li>(2) 9V patareid<\/li>\n<\/ul>","protected":false},"excerpt":{"rendered":"<p>Komplektis sisaldub:<\/p>\n<ul>\n<li>TET-700 Multifunktsionaalne kaabli tester\/tooner<\/li>\n<li>TEP-200 tooni j\u00e4lgimisseade<\/li>\n<li>TET-6  tarvikute komplekt TET-700 jaoks<\/li>\n<li>(2) 9V patareid<\/li>\n<\/ul>","protected":false},"featured_media":16143,"comment_status":"closed","ping_status":"closed","template":"","meta":{"jetpack_post_was_ever_published":false,"jetpack_publicize_message":"","jetpack_publicize_feature_enabled":true,"jetpack_social_post_already_shared":true,"jetpack_social_options":{"image_generator_settings":{"template":"highway","default_image_id":0,"font":"","enabled":false},"version":2}},"product_brand":[],"product_cat":[211,213],"product_tag":[1306,1307],"class_list":{"0":"post-16142","1":"product","2":"type-product","3":"status-publish","4":"has-post-thumbnail","6":"product_cat-copper-networks","7":"product_cat-copper-testing","8":"product_tag-copper-networks","9":"product_tag-copper-testing","11":"first","12":"onbackorder","13":"taxable","14":"shipping-taxable","15":"purchasable","16":"product-type-simple"},"jetpack_publicize_connections":[],"jetpack_sharing_enabled":true,"_links":{"self":[{"href":"https:\/\/fiberoptics24.eu\/et\/wp-json\/wp\/v2\/product\/16142","targetHints":{"allow":["GET"]}}],"collection":[{"href":"https:\/\/fiberoptics24.eu\/et\/wp-json\/wp\/v2\/product"}],"about":[{"href":"https:\/\/fiberoptics24.eu\/et\/wp-json\/wp\/v2\/types\/product"}],"replies":[{"embeddable":true,"href":"https:\/\/fiberoptics24.eu\/et\/wp-json\/wp\/v2\/comments?post=16142"}],"wp:featuredmedia":[{"embeddable":true,"href":"https:\/\/fiberoptics24.eu\/et\/wp-json\/wp\/v2\/media\/16143"}],"wp:attachment":[{"href":"https:\/\/fiberoptics24.eu\/et\/wp-json\/wp\/v2\/media?parent=16142"}],"wp:term":[{"taxonomy":"product_brand","embeddable":true,"href":"https:\/\/fiberoptics24.eu\/et\/wp-json\/wp\/v2\/product_brand?post=16142"},{"taxonomy":"product_cat","embeddable":true,"href":"https:\/\/fiberoptics24.eu\/et\/wp-json\/wp\/v2\/product_cat?post=16142"},{"taxonomy":"product_tag","embeddable":true,"href":"https:\/\/fiberoptics24.eu\/et\/wp-json\/wp\/v2\/product_tag?post=16142"}],"curies":[{"name":"wp","href":"https:\/\/api.w.org\/{rel}","templated":true}]}}