{"id":19874,"date":"2020-07-10T11:36:52","date_gmt":"2020-07-10T09:36:52","guid":{"rendered":"https:\/\/fiberoptics24-eu.vserver.zonevs.eu\/?post_type=product&#038;p=19874"},"modified":"2020-07-10T14:56:28","modified_gmt":"2020-07-10T12:56:28","slug":"terminal-box-4xsc-spx","status":"publish","type":"product","link":"https:\/\/fiberoptics24.eu\/et\/toode\/terminal-box-4xsc-spx\/","title":{"rendered":"\u00dchenduskarp 4xSC IP55"},"content":{"rendered":"<h2>Terminal box 4xSC-spx<\/h2>\n<p>See on vastupidav, lihtsasti kasutatav madala disainiga \u00fchendus karp. See sobib kasutamiseks k\u00f5igis fiiberoptilistes ja FTTx rakendustes.<br \/>\nKarp om m\u00f5eldud nii sise kui ka v\u00e4litingimustesse. Tehtud vastupidavast plastikust. \u00dchendus karp on loodud nii mehaanilise kui ka<br \/>\ntermilise keevituse jaoks. Karbil on kompaktne seinale kinnitusega disain. Lihtne ja selge kaablite sisenemine ja v\u00e4lja viimine. Lisaks on<br \/>\nlihtsaks hoolduseks sisenemiseks karbil ette avanev uks. Karbi disain tagab soodsa hinna juures kaablikiududele k\u00f5rge kaitse. Sobilik<br \/>\nFTTx, PON v\u00f5rkudes, muudes fiiberoptilistes \u00fchendustes v\u00f5i CATV-es. Karbis on raam 4xSc simplex v\u00f5i LC duplex adapterile, ja maksimaalne<br \/>\nmahutavus on 4 kaablikiu \u00fchendust.<\/p>\n<p><span style=\"color: #00ccff;\"><a style=\"color: #00ccff;\" href=\"https:\/\/fiberoptics24-eu.vserver.zonevs.eu\/et\/tootekategooria\/cables-management\/terminal-boxes\/\">Vaata ka meie teisi \u00fchenduskarpe.<\/a><\/span><\/p>","protected":false},"excerpt":{"rendered":"<ul>\n<li style=\"list-style-type: none;\">\n<ul>\n<li>\u00dcheduskarp sise- ja v\u00e4litingimustesse, IP55.<\/li>\n<li>Sobib seinale kinnitamiseks.<\/li>\n<li>M\u00f5\u00f5dud: 210\u00d7135\u00d740mm.<\/li>\n<li>Maksimaalne mahutavus 4 kiudu.<\/li>\n<li>Raam 4 SC simplex v\u00f5i LC duplex adapterile.<\/li>\n<\/ul>\n<\/li>\n<\/ul>","protected":false},"featured_media":19875,"comment_status":"closed","ping_status":"closed","template":"","meta":{"jetpack_post_was_ever_published":false,"jetpack_publicize_message":"","jetpack_publicize_feature_enabled":true,"jetpack_social_post_already_shared":true,"jetpack_social_options":{"image_generator_settings":{"template":"highway","default_image_id":0,"font":"","enabled":false},"version":2}},"product_brand":[],"product_cat":[526],"product_tag":[531,1645],"class_list":{"0":"post-19874","1":"product","2":"type-product","3":"status-publish","4":"has-post-thumbnail","6":"product_cat-terminal-boxes","7":"product_tag-fiber-optic","8":"product_tag-termination-box","10":"first","11":"instock","12":"taxable","13":"shipping-taxable","14":"purchasable","15":"product-type-simple"},"jetpack_publicize_connections":[],"jetpack_sharing_enabled":true,"_links":{"self":[{"href":"https:\/\/fiberoptics24.eu\/et\/wp-json\/wp\/v2\/product\/19874","targetHints":{"allow":["GET"]}}],"collection":[{"href":"https:\/\/fiberoptics24.eu\/et\/wp-json\/wp\/v2\/product"}],"about":[{"href":"https:\/\/fiberoptics24.eu\/et\/wp-json\/wp\/v2\/types\/product"}],"replies":[{"embeddable":true,"href":"https:\/\/fiberoptics24.eu\/et\/wp-json\/wp\/v2\/comments?post=19874"}],"wp:featuredmedia":[{"embeddable":true,"href":"https:\/\/fiberoptics24.eu\/et\/wp-json\/wp\/v2\/media\/19875"}],"wp:attachment":[{"href":"https:\/\/fiberoptics24.eu\/et\/wp-json\/wp\/v2\/media?parent=19874"}],"wp:term":[{"taxonomy":"product_brand","embeddable":true,"href":"https:\/\/fiberoptics24.eu\/et\/wp-json\/wp\/v2\/product_brand?post=19874"},{"taxonomy":"product_cat","embeddable":true,"href":"https:\/\/fiberoptics24.eu\/et\/wp-json\/wp\/v2\/product_cat?post=19874"},{"taxonomy":"product_tag","embeddable":true,"href":"https:\/\/fiberoptics24.eu\/et\/wp-json\/wp\/v2\/product_tag?post=19874"}],"curies":[{"name":"wp","href":"https:\/\/api.w.org\/{rel}","templated":true}]}}