{"id":19882,"date":"2020-09-04T14:31:09","date_gmt":"2020-09-04T12:31:09","guid":{"rendered":"https:\/\/fiberoptics24-eu.vserver.zonevs.eu\/?post_type=product&#038;p=19882"},"modified":"2020-09-04T14:31:10","modified_gmt":"2020-09-04T12:31:10","slug":"wall-box-620x400x155-steel-white","status":"publish","type":"product","link":"https:\/\/fiberoptics24.eu\/et\/toode\/wall-box-620x400x155-steel-white\/","title":{"rendered":"Jaotuskapp, 620x400x155, Metall, Valge"},"content":{"rendered":"<p>Valge metallist jaotuskapp nii pinnapealseks kui ka s\u00fcvisatavaks paigalduseks. M\u00f5\u00f5dud on 620x400x155mm. Instalatsiooni s\u00fcgvaus on 120mm.<br \/>\nKapil on lukustatav uks ja kaks v\u00f5tit. Ukse poolsus on vahetatav. Komponentide paremaks paigaldamiseks on perforeeritud tagasein.<\/p>","protected":false},"excerpt":{"rendered":"<ul>\n<li>Lukustatav uks, 2 v\u00f5tit<\/li>\n<li>Harjastega kaabli l\u00e4biviik \u00fcla- ja alaosas<\/li>\n<li>Paigalduss\u00fcgavus 120mm<\/li>\n<li>Sobib paigaldamiseks pinna peale ja s\u00fcvistamiseks<\/li>\n<li>Ukse poolsus vahetatav<\/li>\n<li>Perforeeritud p\u00f5hjaplaat komponentide paigaldamiseks<\/li>\n<\/ul>","protected":false},"featured_media":19883,"comment_status":"closed","ping_status":"closed","template":"","meta":{"jetpack_post_was_ever_published":false,"jetpack_publicize_message":"","jetpack_publicize_feature_enabled":true,"jetpack_social_post_already_shared":true,"jetpack_social_options":{"image_generator_settings":{"template":"highway","default_image_id":0,"font":"","enabled":false},"version":2}},"product_brand":[],"product_cat":[526],"product_tag":[16,1652,1653],"class_list":{"0":"post-19882","1":"product","2":"type-product","3":"status-publish","4":"has-post-thumbnail","6":"product_cat-terminal-boxes","7":"product_tag-fiber-optics","8":"product_tag-terminal-box","9":"product_tag-wall-box","11":"first","12":"instock","13":"taxable","14":"shipping-taxable","15":"purchasable","16":"product-type-simple"},"jetpack_publicize_connections":[],"jetpack_sharing_enabled":true,"_links":{"self":[{"href":"https:\/\/fiberoptics24.eu\/et\/wp-json\/wp\/v2\/product\/19882","targetHints":{"allow":["GET"]}}],"collection":[{"href":"https:\/\/fiberoptics24.eu\/et\/wp-json\/wp\/v2\/product"}],"about":[{"href":"https:\/\/fiberoptics24.eu\/et\/wp-json\/wp\/v2\/types\/product"}],"replies":[{"embeddable":true,"href":"https:\/\/fiberoptics24.eu\/et\/wp-json\/wp\/v2\/comments?post=19882"}],"wp:featuredmedia":[{"embeddable":true,"href":"https:\/\/fiberoptics24.eu\/et\/wp-json\/wp\/v2\/media\/19883"}],"wp:attachment":[{"href":"https:\/\/fiberoptics24.eu\/et\/wp-json\/wp\/v2\/media?parent=19882"}],"wp:term":[{"taxonomy":"product_brand","embeddable":true,"href":"https:\/\/fiberoptics24.eu\/et\/wp-json\/wp\/v2\/product_brand?post=19882"},{"taxonomy":"product_cat","embeddable":true,"href":"https:\/\/fiberoptics24.eu\/et\/wp-json\/wp\/v2\/product_cat?post=19882"},{"taxonomy":"product_tag","embeddable":true,"href":"https:\/\/fiberoptics24.eu\/et\/wp-json\/wp\/v2\/product_tag?post=19882"}],"curies":[{"name":"wp","href":"https:\/\/api.w.org\/{rel}","templated":true}]}}