{"id":19954,"date":"2020-09-21T10:40:24","date_gmt":"2020-09-21T08:40:24","guid":{"rendered":"https:\/\/fiberoptics24-eu.vserver.zonevs.eu\/?post_type=product&#038;p=19954"},"modified":"2020-09-21T12:17:44","modified_gmt":"2020-09-21T10:17:44","slug":"ms-316-mid-span-slit-ring-tool-2-9-mm-6-8-mm-jonard","status":"publish","type":"product","link":"https:\/\/fiberoptics24.eu\/et\/toode\/ms-316-mid-span-slit-ring-tool-2-9-mm-6-8-mm-jonard\/","title":{"rendered":"MS-316: keskmise laiusega l\u00f5ike ja l\u00f5hestus t\u00f6\u00f6riist (2.9 mm-6.8 mm), Jonard"},"content":{"rendered":"<p>Patenteeritud MS-316 keskmise laiusega l\u00f5ike ja l\u00f5hestus t\u00f6\u00f6riist on loodud v\u00f5imaldama h\u00f5lpsat juurdep\u00e4\u00e4su optilistele kiududele v\u00e4liskattega ja puhvertoru kaablites.<br \/>\nTuginedes Jonard Tools MS-6 ja MS-26 kiudoptiliste keskmise suurusega l\u00f5hestus t\u00f6\u00f6riistade populaarsusele, oleme lisanud ringl\u00f5ike funktsiooni sellele t\u00f6\u00f6riistale, et<br \/>\nmuuta see veelgi mitmek\u00fclgsemaks.<\/p>\n<p>K\u00f5ik meie MS-seeria keskmise pikkusega t\u00f6\u00f6riistad on patenteeritud ainulaadse disaini ja funktsionaalsuse poolest. Meie MS-426 v\u00f5itis 2019<br \/>\nCabling Installation &amp; Maintenance kuldse auhinna innovatsiooni eest ja meie MS-6 p\u00e4lvis 2018. aastal sama maineka auhinna!<\/p>\n<p>Kaabli m\u00f5\u00f5dud: 2.9-3.6 mm | 3.6-4.4 mm | 4.4-5.2 mm | 5.2-6.0 mm | 6.0-6.8 mm<\/p>\n<p><a class=\"videoLink\" href=\"https:\/\/www.jonard.com\/Products\/Fiber-Optic-Tools-Fiber-Optic-Stripping-and-Slitting-RCS-25-Ratcheting-Cable-Slitter#\"><img decoding=\"async\" class=\"videoThumb\" src=\"http:\/\/img.youtube.com\/vi\/cADu_B-06d8\/default.jpg\" \/><\/a><\/p>\n<p><a class=\"btn btn-primary\" style=\"float: Right; width: 336px; height: 50px;\" href=\"https:\/\/jonard.com\/sites\/default\/files\/product_files\/Data%20Sheet%20-%20Mid%20Span%20Slit%20%26%20Ring%20Tools_16.pdf\" target=\"_blank\" rel=\"noopener noreferrer\">TOOTE ANDMELEHT PDF.<\/a><\/p>","protected":false},"excerpt":{"rendered":"<p>JONARD<\/p>\n<ul>\n<li>T\u00f6\u00f6riistal on 5 eelseadistatud l\u00f5hestus tera ja 5 eelseadistatud l\u00f5ike tera ringl\u00f5ike tegemiseks. Suurused on 2.9 mm kuni 6.8 mm<\/li>\n<li>\u00dchel pool on tera ristil\u00f5ike tegemiseks ja teisel pool pikki l\u00f5ike tegemiseks<\/li>\n<li>Kompaktse disainiga ja kaaluga ainult 74 g koos kanderihma auguga teeb sellest ideaalse t\u00f6\u00f6riista kitsastesse tingimusteese ning liikvel olles<\/li>\n<li>T\u00e4psete l\u00f5igete tegemiseks on t\u00f6\u00f6riista peal on tera indikaator joon<\/li>\n<li>Varuterad on saadaval toote numbriga: MS-316RB<\/li>\n<li>terad kestavad kuni 5000 l\u00f5iget\/l\u00f5hestust<\/li>\n<\/ul>","protected":false},"featured_media":19958,"comment_status":"closed","ping_status":"closed","template":"","meta":{"jetpack_post_was_ever_published":false,"jetpack_publicize_message":"","jetpack_publicize_feature_enabled":true,"jetpack_social_post_already_shared":true,"jetpack_social_options":{"image_generator_settings":{"template":"highway","default_image_id":0,"font":"","enabled":false},"version":2}},"product_brand":[],"product_cat":[1400,115],"product_tag":[531,92],"class_list":{"0":"post-19954","1":"product","2":"type-product","3":"status-publish","4":"has-post-thumbnail","6":"product_cat-fiber-optic-slitter","7":"product_cat-fiber-optic-tools","8":"product_tag-fiber-optic","9":"product_tag-fiber-optic-tools","11":"first","12":"instock","13":"taxable","14":"shipping-taxable","15":"purchasable","16":"product-type-simple"},"jetpack_publicize_connections":[],"jetpack_sharing_enabled":true,"_links":{"self":[{"href":"https:\/\/fiberoptics24.eu\/et\/wp-json\/wp\/v2\/product\/19954","targetHints":{"allow":["GET"]}}],"collection":[{"href":"https:\/\/fiberoptics24.eu\/et\/wp-json\/wp\/v2\/product"}],"about":[{"href":"https:\/\/fiberoptics24.eu\/et\/wp-json\/wp\/v2\/types\/product"}],"replies":[{"embeddable":true,"href":"https:\/\/fiberoptics24.eu\/et\/wp-json\/wp\/v2\/comments?post=19954"}],"wp:featuredmedia":[{"embeddable":true,"href":"https:\/\/fiberoptics24.eu\/et\/wp-json\/wp\/v2\/media\/19958"}],"wp:attachment":[{"href":"https:\/\/fiberoptics24.eu\/et\/wp-json\/wp\/v2\/media?parent=19954"}],"wp:term":[{"taxonomy":"product_brand","embeddable":true,"href":"https:\/\/fiberoptics24.eu\/et\/wp-json\/wp\/v2\/product_brand?post=19954"},{"taxonomy":"product_cat","embeddable":true,"href":"https:\/\/fiberoptics24.eu\/et\/wp-json\/wp\/v2\/product_cat?post=19954"},{"taxonomy":"product_tag","embeddable":true,"href":"https:\/\/fiberoptics24.eu\/et\/wp-json\/wp\/v2\/product_tag?post=19954"}],"curies":[{"name":"wp","href":"https:\/\/api.w.org\/{rel}","templated":true}]}}