{"id":19967,"date":"2020-11-23T09:52:57","date_gmt":"2020-11-23T07:52:57","guid":{"rendered":"https:\/\/fiberoptics24-eu.vserver.zonevs.eu\/?post_type=product&#038;p=19967"},"modified":"2020-12-30T10:08:54","modified_gmt":"2020-12-30T08:08:54","slug":"sumitomo-splicer-t-72c","status":"publish","type":"product","link":"https:\/\/fiberoptics24.eu\/et\/toode\/sumitomo-splicer-t-72c\/","title":{"rendered":"Sumitomo Splicer T-72C+ kit"},"content":{"rendered":"<h2>Fusion Splicer Type-72C+<\/h2>\n<p>T-72c+ maailma esimene AI programmeeritud\nk\u00f5rglahutusega optika ja \u00fclit\u00e4pse kiu paigutusega\nkeevitusmasin <iframe loading=\"lazy\" style=\"float: right;\" src=\"https:\/\/youtube.com\/embed\/AVpzA5t3brM\" width=\"560\" height=\"315\" frameborder=\"0\" allowfullscreen=\"allowfullscreen\"><span data-mce-type=\"bookmark\" style=\"display: inline-block; width: 0px; overflow: hidden; line-height: 0;\" class=\"mce_SELRES_start\"><\/span><span data-mce-type=\"bookmark\" style=\"display: inline-block; width: 0px; overflow: hidden; line-height: 0;\" class=\"mce_SELRES_start\"><\/span><\/iframe><br \/>\nT-72c+ on Sumitomo keevitusmasinate seeria lipulaev. Sumitomo T-72C+ on parandatud keevitus j\u00f5udlus,<br \/>\nusaldusv\u00e4\u00e4rsus ja \u00fcle\u00fcldine kasutatavus koos uute omaduste ja tehnoloogiatega. Samal ajal s\u00e4ilitades k\u00f5ik<br \/>\neelk\u00e4ia TYPE-72C selle valdkonna juhtivad omadused. Kaasarvatud kerge ja kompaktse kere, kiire keevituse ja<br \/>\n\u00fcle\u00fcldise vastupidavuse.<\/p>\n<p>TYPE-72C+ on uuenduslik NanoTune\u2122 tehnoloogia. NanoTune\u2122 parandab suuresti keevitus efektiivsust ja t\u00e4psust.<br \/>\nTYPE-72C+ v\u00e4hendab drastiliselt kiu ebapiisavast ettevalmistusest tulenevat lisa t\u00f6\u00f6d. See v\u00f5imaldab v\u00e4hendada<br \/>\nkogukulusid. Masina Preventive Maintenance funktsioon v\u00f5imaldab kasutajatel hoiatada eelseisva remondi v\u00f5i<br \/>\nkulumaterjalide asendamise eest. See aga v\u00e4hendab ootamatuid t\u00f6\u00f6seisakuid. SumiCloud\u2122 toetab seda funktsiooni<br \/>\ntraadita kohtv\u00f5rgu \u00fchenduvusega.<\/p>\n<p>T-72C+ on kompaktne, kerge ja kiire. See kaalub ainult 2,2kg koos akuga mis kestab 320 keevitus ja kuumutus korda.<br \/>\nKeevitus aeg on n\u00fc\u00fcd ainult 5 sek. SM Quick resiimis. Kuumutus aeg on v\u00e4hendatud 8 sekundile. Masinal on kaks<br \/>\niseseisvat ahju, kasutaja seadistatavate klambritega. V\u00e4ga k\u00f5rge vastupidavus \u00fcmbritsevale keskkonnale. IPx2<br \/>\nveekindlus, IPx5 tolmukindlus. Masin suudab keevitada ka veel 50\u00b0C juures ja isegi kuni 6000 meetri k\u00f5rgusel. T-72C+<br \/>\nelab \u00fcle kukkumise kuni 76 cm k\u00f5rguselt 5 k\u00fcljele. masinal on t\u00e4iesti uus lai (5\u201c) ja k\u00f5rg-lahutusega v\u00e4rviline puutetundlik<a class=\"btn btn-primary\" style=\"float: right; width: 336px; height: 50px;\" href=\"https:\/\/global-sei.com\/sumitomo-electric-splicers\/products\/fusion-splicer\/72c_plus.html\" target=\"_blank\" rel=\"noopener noreferrer\">Rohkem infot<\/a><br \/>\nLCD ekraan. See on maailma esimene Wireless LAN \u00fchenduvusega keevitaja. Masina on eel-talletatud \u00f5ppevideod,<br \/>\net lihtsustada t\u00f6\u00f6d. N\u00fc\u00fcd on ka v\u00f5imalik vaadata  \u00f5ppevideosid nutitelefonis l\u00e4bi SumiCloud\u2122 App aplikatsiooni.<a class=\"btn btn-primary\" style=\"float: right; width: 336px; height: 50px;\" href=\"https:\/\/global-sei.com\/sumitomo-electric-splicers\/nano-tune\/\" target=\"_blank\" rel=\"noopener noreferrer\">Rohkem infot Nano Tune kohta<\/a><br \/>\nSumiCloud\u2122 App to watch tutorial video on smartphone.<\/p>\n<p><span style=\"color: #3938a8;\">T-72c+ peamised eelised:<\/span><\/p>\n<p><span style=\"color: #3938a8;\">Suurep\u00e4rane J\u00f5udlus<\/span><br \/>\n<a href=\"https:\/\/fiberoptics24-eu.vserver.zonevs.eu\/wp-content\/uploads\/2020\/11\/icon-features-01.png\"><img loading=\"lazy\" decoding=\"async\" class=\"alignnone size-full wp-image-19968\" src=\"https:\/\/fiberoptics24-eu.vserver.zonevs.eu\/wp-content\/uploads\/2020\/11\/icon-features-01.png\" alt=\"\" width=\"117\" height=\"117\" srcset=\"https:\/\/fiberoptics24.eu\/wp-content\/uploads\/2020\/11\/icon-features-01.png 117w, https:\/\/fiberoptics24.eu\/wp-content\/uploads\/2020\/11\/icon-features-01-100x100.png 100w\" sizes=\"auto, (max-width: 117px) 100vw, 117px\" \/> 0.01dB(t\u00fc\u00fcpiline), seadistatavad  kaks iseseisvat ahju<\/a><\/p>\n<h3 class=\"detail-features__list__ttl\" data-mh=\"matchTtl\"><span style=\"color: #3938a8;\">K\u00f5rge vastupidavus<\/span><\/h3>\n<p><a href=\"https:\/\/fiberoptics24-eu.vserver.zonevs.eu\/wp-content\/uploads\/2020\/11\/icon-features-02.png\"><img loading=\"lazy\" decoding=\"async\" class=\"alignnone size-full wp-image-19969\" src=\"https:\/\/fiberoptics24-eu.vserver.zonevs.eu\/wp-content\/uploads\/2020\/11\/icon-features-02.png\" alt=\"\" width=\"117\" height=\"117\" srcset=\"https:\/\/fiberoptics24.eu\/wp-content\/uploads\/2020\/11\/icon-features-02.png 117w, https:\/\/fiberoptics24.eu\/wp-content\/uploads\/2020\/11\/icon-features-02-100x100.png 100w\" sizes=\"auto, (max-width: 117px) 100vw, 117px\" \/>T\u00f5estatud tugevus<\/a><\/p>\n<p>&nbsp;<\/p>\n<h3><span style=\"color: #3938a8;\">Kasutaja S\u00f5bralik<\/span><\/h3>\n<p><a href=\"https:\/\/fiberoptics24-eu.vserver.zonevs.eu\/wp-content\/uploads\/2020\/11\/icon-features-03.png\"><img loading=\"lazy\" decoding=\"async\" class=\"alignnone size-full wp-image-19970\" src=\"https:\/\/fiberoptics24-eu.vserver.zonevs.eu\/wp-content\/uploads\/2020\/11\/icon-features-03.png\" alt=\"\" width=\"117\" height=\"117\" srcset=\"https:\/\/fiberoptics24.eu\/wp-content\/uploads\/2020\/11\/icon-features-03.png 117w, https:\/\/fiberoptics24.eu\/wp-content\/uploads\/2020\/11\/icon-features-03-100x100.png 100w\" sizes=\"auto, (max-width: 117px) 100vw, 117px\" \/><\/a>Puuteekraan t\u00e4iesti uue kasutajaliidesega<\/p>\n<p>&nbsp;<\/p>\n<p><a href=\"https:\/\/fiberoptics24-eu.vserver.zonevs.eu\/wp-content\/uploads\/2020\/11\/icon-features-04.png\"><img loading=\"lazy\" decoding=\"async\" class=\"alignnone size-full wp-image-19971\" src=\"https:\/\/fiberoptics24-eu.vserver.zonevs.eu\/wp-content\/uploads\/2020\/11\/icon-features-04.png\" alt=\"\" width=\"118\" height=\"118\" srcset=\"https:\/\/fiberoptics24.eu\/wp-content\/uploads\/2020\/11\/icon-features-04.png 118w, https:\/\/fiberoptics24.eu\/wp-content\/uploads\/2020\/11\/icon-features-04-100x100.png 100w\" sizes=\"auto, (max-width: 118px) 100vw, 118px\" \/>Kauakestev aku, 320 keevitus- ja kuumutus ts\u00fcklit<\/a><\/p>\n<p>&nbsp;<\/p>\n<h6><strong>Komplektis sisaldub:<\/strong><\/h6>\n<h6>AC adapter<\/h6>\n<h6>AC toitekaabel<\/h6>\n<h6>Keevitush\u00fclsi jahutusalus<\/h6>\n<h6><a href=\"https:\/\/fiberoptics24-eu.vserver.zonevs.eu\/product\/sumitomo-electrodes-er-10\/\"><span style=\"color: #00ccff;\">Varuelektrood<\/span><\/a><\/h6>\n<h6>Kiirjuhend<\/h6>\n<h6>Kohver koos t\u00f6\u00f6lauaga<\/h6>\n<h6>Kanderihm<\/h6>\n<h6>USB kaabel<\/h6>\n<p>* aku <a href=\"https:\/\/fiberoptics24-eu.vserver.zonevs.eu\/product\/battery-pack-pu-16\/\"><span style=\"color: #00ccff;\">BU-16<\/span><\/a>\u00a0tuleb osta eraldi<\/p>","protected":false},"excerpt":{"rendered":"<h4><a href=\"https:\/\/global-sei.com\/sumitomo-electric-splicers\/products\/fusion-splicer\/72c_plus.html\"><span style=\"color: #00ccff;\">Sumiotomo<\/span><\/a><\/h4>\n<p><strong>TYPE-72C+<\/strong><br \/>\n<strong>Maailma esimene AI programmeeritud<\/strong><br \/>\n<strong>k\u00f5rglahutusega optika ja \u00fclit\u00e4pse kiu paigutusega<\/strong><br \/>\n<strong>keevitusmasin<\/strong><\/p>\n<div class=\"ico\">\n<figure><img decoding=\"async\" src=\"https:\/\/global-sei.com\/sumitomo-electric-splicers\/products\/img\/fusion-splicer\/ico-nanotune-big.svg\" alt=\"NanoTune\" \/><span style=\"color: #1f1f1f; font-size: 1.618em;\">NanoTune<\/span><sup style=\"color: #1f1f1f;\">\u2122<\/sup><\/figure>\n<\/div>\n<p>&nbsp;<\/p>\n<p><span style=\"color: #ff0000;\">M\u00fc\u00fcakse ainult Eestisse<\/span><\/p>\n<p><span style=\"color: #00ccff;\"><a style=\"color: #00ccff;\" href=\"https:\/\/fiberoptics24-eu.vserver.zonevs.eu\/contact\/\">K\u00fcsi pakkumist<\/a><\/span><\/p>","protected":false},"featured_media":19973,"comment_status":"closed","ping_status":"closed","template":"","meta":{"jetpack_post_was_ever_published":false,"jetpack_publicize_message":"","jetpack_publicize_feature_enabled":true,"jetpack_social_post_already_shared":true,"jetpack_social_options":{"image_generator_settings":{"template":"highway","default_image_id":0,"font":"","enabled":false},"version":2}},"product_brand":[],"product_cat":[105,220],"product_tag":[89,90,92,172],"class_list":{"0":"post-19967","1":"product","2":"type-product","3":"status-publish","4":"has-post-thumbnail","6":"product_cat-fiber-splicing-equipment","7":"product_cat-splicers-fiber-optic-splicing-fusion-splicers","8":"product_tag-accessories","9":"product_tag-fiber-cleaver","10":"product_tag-fiber-optic-tools","11":"product_tag-sleeve","13":"first","14":"onbackorder","15":"taxable","16":"shipping-taxable","17":"product-type-simple"},"jetpack_publicize_connections":[],"jetpack_sharing_enabled":true,"_links":{"self":[{"href":"https:\/\/fiberoptics24.eu\/et\/wp-json\/wp\/v2\/product\/19967","targetHints":{"allow":["GET"]}}],"collection":[{"href":"https:\/\/fiberoptics24.eu\/et\/wp-json\/wp\/v2\/product"}],"about":[{"href":"https:\/\/fiberoptics24.eu\/et\/wp-json\/wp\/v2\/types\/product"}],"replies":[{"embeddable":true,"href":"https:\/\/fiberoptics24.eu\/et\/wp-json\/wp\/v2\/comments?post=19967"}],"wp:featuredmedia":[{"embeddable":true,"href":"https:\/\/fiberoptics24.eu\/et\/wp-json\/wp\/v2\/media\/19973"}],"wp:attachment":[{"href":"https:\/\/fiberoptics24.eu\/et\/wp-json\/wp\/v2\/media?parent=19967"}],"wp:term":[{"taxonomy":"product_brand","embeddable":true,"href":"https:\/\/fiberoptics24.eu\/et\/wp-json\/wp\/v2\/product_brand?post=19967"},{"taxonomy":"product_cat","embeddable":true,"href":"https:\/\/fiberoptics24.eu\/et\/wp-json\/wp\/v2\/product_cat?post=19967"},{"taxonomy":"product_tag","embeddable":true,"href":"https:\/\/fiberoptics24.eu\/et\/wp-json\/wp\/v2\/product_tag?post=19967"}],"curies":[{"name":"wp","href":"https:\/\/api.w.org\/{rel}","templated":true}]}}