{"id":19993,"date":"2021-01-13T14:54:24","date_gmt":"2021-01-13T12:54:24","guid":{"rendered":"https:\/\/fiberoptics24-eu.vserver.zonevs.eu\/?post_type=product&#038;p=19993"},"modified":"2024-02-22T12:43:47","modified_gmt":"2024-02-22T10:43:47","slug":"fc-lc-adapter","status":"publish","type":"product","link":"https:\/\/fiberoptics24.eu\/et\/toode\/fc-lc-adapter\/","title":{"rendered":"VFL-25125: FC\/LC Adapter"},"content":{"rendered":"<h3>FC\/LC Adapter<\/h3>\n<p><a class=\"btn btn-primary\" style=\"float: right; width: 336px; height: 50px;\" href=\"https:\/\/jonard.com\/sites\/default\/files\/product_files\/Data%20Sheet%20-%20Visual%20Fault%20Locator%2C%20FC%20to%20LC%20Adapter%20%26%20Kit.pdf\">TOOTE ANDMELEHT PDF.<\/a><br \/>\nVFL-25125 FC\/LC on loodud \u00fchendama  VFL-25 (v\u00f5i sarnase tootega) fc pistik teise LC pistikuga, samuti on see toode ideaalne<br \/>\ntuvastamaks vigu LC otsastusega kaablites.<\/p>\n<h6>Sisaldub <a class=\"follow-tooltip\" href=\"https:\/\/fiberoptics24-eu.vserver.zonevs.eu\/et\/toode\/vfl-150-visual-fault-locator-kit-jonard\/\" hreflang=\"en\"><span style=\"color: #00ccff;\">VFL-150<\/span> visuaalsevaatlus seadme komplektis<\/a><\/h6>","protected":false},"excerpt":{"rendered":"<p><a href=\"https:\/\/jonard.com\/vfl-25125-fc-lc-adapter-vfl-25?v=598\"><span style=\"color: #00ccff;\">JONARD<\/span><\/a><\/p>\n<ul>\n<li>FC\/LC adapteri 2.5 mm ferrul sobib suurep\u00e4raselt<strong>\u00a0<span style=\"color: #00ccff;\"><strong><a style=\"color: #00ccff;\" href=\"https:\/\/fiberoptics24-eu.vserver.zonevs.eu\/et\/toode\/vfl-150-visual-fault-locator-kit-jonard\/\">VFL-150<\/a><\/strong><\/span> <\/strong>-ga, teisel pool on female 1,25mm LC pistik<\/li>\n<li>FC\/LC adapter sobib ka <strong><a href=\"http:\/\/jonard.com\/fiber-optic-testers-power-meter?v=134\">FPM-50<\/a><\/strong> fiiberoptilise v\u00f5imsusm\u00f5\u00f5tjaga<\/li>\n<li>FC\/LC adapter on juba <a href=\"https:\/\/fiberoptics24-eu.vserver.zonevs.eu\/et\/toode\/fiber-optic-power-meter\/\"><strong><span style=\"color: #00ccff;\">FPM-50A<\/span><\/strong><\/a>\u00a0fiiberoptilise v\u00f5imsusm\u00f5\u00f5tja komplektis<\/li>\n<\/ul>","protected":false},"featured_media":20415,"comment_status":"closed","ping_status":"closed","template":"","meta":{"jetpack_post_was_ever_published":false,"jetpack_publicize_message":"","jetpack_publicize_feature_enabled":true,"jetpack_social_post_already_shared":true,"jetpack_social_options":{"image_generator_settings":{"template":"highway","default_image_id":0,"font":"","enabled":false},"version":2}},"product_brand":[],"product_cat":[108,113,112],"product_tag":[531,1066],"class_list":{"0":"post-19993","1":"product","2":"type-product","3":"status-publish","4":"has-post-thumbnail","6":"product_cat-fiber-optic-accessories","7":"product_cat-fiber-optic-adapters","8":"product_cat-fiber-optic-inspection","9":"product_tag-fiber-optic","10":"product_tag-fiber-optic-inspection","12":"first","13":"instock","14":"taxable","15":"shipping-taxable","16":"product-type-simple"},"jetpack_publicize_connections":[],"jetpack_sharing_enabled":true,"_links":{"self":[{"href":"https:\/\/fiberoptics24.eu\/et\/wp-json\/wp\/v2\/product\/19993","targetHints":{"allow":["GET"]}}],"collection":[{"href":"https:\/\/fiberoptics24.eu\/et\/wp-json\/wp\/v2\/product"}],"about":[{"href":"https:\/\/fiberoptics24.eu\/et\/wp-json\/wp\/v2\/types\/product"}],"replies":[{"embeddable":true,"href":"https:\/\/fiberoptics24.eu\/et\/wp-json\/wp\/v2\/comments?post=19993"}],"wp:featuredmedia":[{"embeddable":true,"href":"https:\/\/fiberoptics24.eu\/et\/wp-json\/wp\/v2\/media\/20415"}],"wp:attachment":[{"href":"https:\/\/fiberoptics24.eu\/et\/wp-json\/wp\/v2\/media?parent=19993"}],"wp:term":[{"taxonomy":"product_brand","embeddable":true,"href":"https:\/\/fiberoptics24.eu\/et\/wp-json\/wp\/v2\/product_brand?post=19993"},{"taxonomy":"product_cat","embeddable":true,"href":"https:\/\/fiberoptics24.eu\/et\/wp-json\/wp\/v2\/product_cat?post=19993"},{"taxonomy":"product_tag","embeddable":true,"href":"https:\/\/fiberoptics24.eu\/et\/wp-json\/wp\/v2\/product_tag?post=19993"}],"curies":[{"name":"wp","href":"https:\/\/api.w.org\/{rel}","templated":true}]}}