{"id":20002,"date":"2021-01-07T14:09:52","date_gmt":"2021-01-07T12:09:52","guid":{"rendered":"https:\/\/fiberoptics24-eu.vserver.zonevs.eu\/?post_type=product&#038;p=20002"},"modified":"2021-02-10T13:38:31","modified_gmt":"2021-02-10T11:38:31","slug":"fiber-optic-light-source","status":"publish","type":"product","link":"https:\/\/fiberoptics24.eu\/et\/toode\/fiber-optic-light-source\/","title":{"rendered":"FLS-55: Multi-mode ja Single-mode fiiberoptika valgusallikas koos FC\/LC\/SC (PC\/UPC) adapteritega"},"content":{"rendered":"<h3>FLS-55 fiiberoptika valgusallikas<\/h3>\n<p>See fiiberoptika valgusallikas on loodud t\u00f6\u00f6tama 850\/1300 nm v\u00f5i 1310\/1550 nm lainepikkustel. Seade on suurep\u00e4rane t\u00f6\u00f6riist<br \/>\npakkumaks stabiilset valgusallikat nii multimode kui ka single mode  kiudude m\u00f5\u00f5tmiseks. See toode on Jonardi edasiarendus<br \/>\neelmisest edukast mudelist <a href=\"https:\/\/fiberoptics24-eu.vserver.zonevs.eu\/product\/fls-50-optical-light-source-fc-lc-sc-adapters-pc-upc-connectors\/\"><span style=\"color: #00ccff;\">FLM-50<\/span><\/a><\/p>\n<p>FLS- 55 fiiberoptika valgusallikas pakub kolme erinevat lainepikkuse v\u00e4ljundit, 850\/1300nm, 1310 nm ja 1550 nm kontrollimaks<br \/>\nsignaali kadu single mode kui ka multimode kaablites kasutades <span style=\"color: #00ccff;\"><a style=\"color: #00ccff;\" href=\"https:\/\/fiberoptics24-eu.vserver.zonevs.eu\/product\/fpm-50-fiber-optic-power-meter-jonard\/\">FPM-50<\/a><\/span> FPM-50 fiiberoptilise v\u00f5imsusm\u00f5\u00f5tjaga ( v\u00f5ib ka kasutada teisi).<\/p>\n<p>FLS- 55 fiiberoptika valgusallikas on loodud peamiselt t\u00f6\u00f6tama koos <a href=\"https:\/\/fiberoptics24-eu.vserver.zonevs.eu\/product\/fpm-50-fiber-optic-power-meter-jonard\/\"><span style=\"color: #00ccff;\">FPM-50<\/span><\/a> , et m\u00f5\u00f5ta signaali kadu single mode kui ka multimode<br \/>\nkaablites. T\u00e4helepanek, LC adapter v\u00f5ib p\u00f5hjustada 0.3 dB signaali kadu.<\/p>\n<h4>Sisaldab:<\/h4>\n<ul>\n<li>Fiiberoptiline v\u00f5imsusm\u00f5\u00f5tja (MM\/SM)<\/li>\n<li>FC Adapter<\/li>\n<li>LC Adapter<\/li>\n<li>SC Adapter<\/li>\n<li>(2) Puhastus pulka<\/li>\n<li>(3) AA patareid<\/li>\n<li>Hoiustamis kotti<\/li>\n<\/ul>","protected":false},"excerpt":{"rendered":"<p><a href=\"https:\/\/jonard.com\/fls-50-fiber-optical-light-source-lcfcsc-adapters?v=994\"><span style=\"color: #00ccff;\">JONARD<\/span><\/a><\/p>\n<ul>\n<li>Sisaldab FC, SC ja LC adaptereid, et otse \u00fchendada UPC\/PC FC, SC, ja LC fiiber pistikuid<\/li>\n<li>\u00dclimalt stabiilne v\u00e4ljundv\u00f5imsus ja lainepikkused<\/li>\n<li>Omab nelja modulatsiooni v\u00e4ljundit (CW, 270 Hz, 1 kHz, 2 kHz) 850\/1300 nm (multimode) ja 1310\/1550 nm (singlemode) lainepikkustel<\/li>\n<li>Mustuse kindal disainiga nupud on mugavad kasutada ja hoiavad tolmu ja mustuse seadme sisse sattumast<\/li>\n<li>Purunemiskindel \u00fcmbris kaitseb valgusallikat kukkumiste ja muude kahjustuste eest<\/li>\n<li>Taustavalgusega LCD ekraan tagab selge ekraani kuva ja on ideaalne pimedates tingimustes<\/li>\n<\/ul>","protected":false},"featured_media":20003,"comment_status":"closed","ping_status":"closed","template":"","meta":{"jetpack_publicize_message":"","jetpack_publicize_feature_enabled":true,"jetpack_social_post_already_shared":true,"jetpack_social_options":{"image_generator_settings":{"template":"highway","default_image_id":0,"font":"","enabled":false},"version":2}},"product_brand":[],"product_cat":[112],"product_tag":[531,1066,91],"class_list":{"0":"post-20002","1":"product","2":"type-product","3":"status-publish","4":"has-post-thumbnail","6":"product_cat-fiber-optic-inspection","7":"product_tag-fiber-optic","8":"product_tag-fiber-optic-inspection","9":"product_tag-fiber-optic-testers","11":"first","12":"onbackorder","13":"taxable","14":"shipping-taxable","15":"purchasable","16":"product-type-simple"},"jetpack_publicize_connections":[],"jetpack_sharing_enabled":true,"_links":{"self":[{"href":"https:\/\/fiberoptics24.eu\/et\/wp-json\/wp\/v2\/product\/20002","targetHints":{"allow":["GET"]}}],"collection":[{"href":"https:\/\/fiberoptics24.eu\/et\/wp-json\/wp\/v2\/product"}],"about":[{"href":"https:\/\/fiberoptics24.eu\/et\/wp-json\/wp\/v2\/types\/product"}],"replies":[{"embeddable":true,"href":"https:\/\/fiberoptics24.eu\/et\/wp-json\/wp\/v2\/comments?post=20002"}],"wp:featuredmedia":[{"embeddable":true,"href":"https:\/\/fiberoptics24.eu\/et\/wp-json\/wp\/v2\/media\/20003"}],"wp:attachment":[{"href":"https:\/\/fiberoptics24.eu\/et\/wp-json\/wp\/v2\/media?parent=20002"}],"wp:term":[{"taxonomy":"product_brand","embeddable":true,"href":"https:\/\/fiberoptics24.eu\/et\/wp-json\/wp\/v2\/product_brand?post=20002"},{"taxonomy":"product_cat","embeddable":true,"href":"https:\/\/fiberoptics24.eu\/et\/wp-json\/wp\/v2\/product_cat?post=20002"},{"taxonomy":"product_tag","embeddable":true,"href":"https:\/\/fiberoptics24.eu\/et\/wp-json\/wp\/v2\/product_tag?post=20002"}],"curies":[{"name":"wp","href":"https:\/\/api.w.org\/{rel}","templated":true}]}}