{"id":20005,"date":"2021-01-07T14:31:38","date_gmt":"2021-01-07T12:31:38","guid":{"rendered":"https:\/\/fiberoptics24-eu.vserver.zonevs.eu\/?post_type=product&#038;p=20005"},"modified":"2021-02-10T13:38:08","modified_gmt":"2021-02-10T11:38:08","slug":"fo-light-source","status":"publish","type":"product","link":"https:\/\/fiberoptics24.eu\/et\/toode\/fo-light-source\/","title":{"rendered":"FLS-50: Optiline valgusallikas koos FC\/LC\/SC adapteritega PC\/UPC pistikule"},"content":{"rendered":"<h3>FLS-50 FO valgusallikas<\/h3>\n<p>See FO valgusallikas on loodud t\u00f6\u00f6tama kas 1310 nm v\u00f5i 1550 nm lainepikkusel. See valgusallikas on<a class=\"btn btn-primary\" style=\"float: right; width: 336px; height: 50px;\" href=\"https:\/\/jonard.com\/sites\/default\/files\/product_files\/Data%20Sheet%20-%20Optical%20Power%20Meter%20%26%20Light%20Source_2.pdf\" target=\"_blank\" rel=\"noopener noreferrer\">TOOTE ANDMELEHT PDF.<\/a><br \/>\nideaalne t\u00f6\u00f6riist pakkumaks stabiilset valgusallikat single mode kiududes. Vaata ka meie uut SM\/MM<br \/>\nsingle-mode ja multimode FO valguallikat <a href=\"https:\/\/fiberoptics24-eu.vserver.zonevs.eu\/product\/fiber-optic-light-source\/\"><span style=\"color: #00ccff;\">FLS-55.<\/span><\/a><a class=\"btn btn-primary\" style=\"float: right; width: 336px; height: 50px;\" href=\"https:\/\/jonard.com\/sites\/default\/files\/product_files\/fls-50%20Instruction%20Manual_Final.pdf\" rel=\"noopener noreferrer\">KASUTUSJUHEND PDF<\/a><\/p>\n<p>FLS-50 \u2013 FO valgusallikas v\u00f5imaldab kahte erinevat lainepikkust 1310 nm ja 1550 nm erinevatel<br \/>\nsagedustel, et kontrollida signaali kadu single-mode optilistes kaablites kasutades seda koos meie<br \/>\nFPM-50 fiiberoptilise v\u00f5imsusm\u00f5\u00f5tjaga ( v\u00f5ib ka kasutada teisi).<\/p>\n<p>FLS-50 FO valgusallikas on loodud t\u00f6\u00f6tama koos meie <span style=\"color: #00ccff;\"><a style=\"color: #00ccff;\" href=\"https:\/\/fiberoptics24-eu.vserver.zonevs.eu\/product\/fpm-50-fiber-optic-power-meter-jonard\/\">FPM-50<\/a><\/span> fiiberoptilise v\u00f5imsusm\u00f5\u00f5tjaga, millega<br \/>\nsaab m\u00f5\u00f5ta signaali kadu nii single-mode kui ka multimode fiiberoptilistes kaablites. Pane t\u00e4hele, et LC<br \/>\nadapter v\u00f5ib p\u00f5hjustada kuni 0.3 dB signaali kadu.<\/p>\n<h4>Sisaldab:<\/h4>\n<ul>\n<li style=\"list-style-type: none;\"><\/li>\n<li>Fiiberoptiline valgusallikas<\/li>\n<li>FC Adapter<\/li>\n<li>LC Adapter<\/li>\n<li>SC Adapter<\/li>\n<li>(2) Puhastus pulka<\/li>\n<li>(3) AA patareid<\/li>\n<li>Hoiustamis kotti<\/li>\n<\/ul>","protected":false},"excerpt":{"rendered":"<p><a href=\"https:\/\/jonard.com\/fls-50-fiber-optical-light-source-lcfcsc-adapters?v=919\"><span style=\"color: #00ccff;\">JONARD<\/span><\/a><\/p>\n<ul>\n<li>Sisaldab FC, SC ja LC adaptereid, et otse \u00fchendada UPC\/PC FC, SC, ja LC fiiber pistikuid<\/li>\n<li>\u00dclimalt stabiilne v\u00e4ljundv\u00f5imsus ja lainepikkused<\/li>\n<li>Omab nelja erinevat modulatsiooni v\u00e4ljundit (CW, 270 Hz, 1 kHz, 2 kHz) 1310 nm ja 1550 nm lainepikkusel<\/li>\n<li>Mustuse kindal disainiga nupud on mugavad kasutada ja hoiavad tolmu ja mustuse seadme sisse sattumast<\/li>\n<li>Purunemiskindel \u00fcmbris kaitseb valgusallikat kukkumiste ja muude kahjustuste eest<\/li>\n<li>Taustavalgusega LCD ekraan tagab selge ekraani kuva ja on ideaalne pimedates tingimustes<\/li>\n<\/ul>","protected":false},"featured_media":20007,"comment_status":"closed","ping_status":"closed","template":"","meta":{"jetpack_post_was_ever_published":false,"jetpack_publicize_message":"","jetpack_publicize_feature_enabled":true,"jetpack_social_post_already_shared":true,"jetpack_social_options":{"image_generator_settings":{"template":"highway","default_image_id":0,"font":"","enabled":false},"version":2}},"product_brand":[],"product_cat":[112],"product_tag":[531,1066,91],"class_list":{"0":"post-20005","1":"product","2":"type-product","3":"status-publish","4":"has-post-thumbnail","6":"product_cat-fiber-optic-inspection","7":"product_tag-fiber-optic","8":"product_tag-fiber-optic-inspection","9":"product_tag-fiber-optic-testers","11":"first","12":"onbackorder","13":"taxable","14":"shipping-taxable","15":"purchasable","16":"product-type-simple"},"jetpack_publicize_connections":[],"jetpack_sharing_enabled":true,"_links":{"self":[{"href":"https:\/\/fiberoptics24.eu\/et\/wp-json\/wp\/v2\/product\/20005","targetHints":{"allow":["GET"]}}],"collection":[{"href":"https:\/\/fiberoptics24.eu\/et\/wp-json\/wp\/v2\/product"}],"about":[{"href":"https:\/\/fiberoptics24.eu\/et\/wp-json\/wp\/v2\/types\/product"}],"replies":[{"embeddable":true,"href":"https:\/\/fiberoptics24.eu\/et\/wp-json\/wp\/v2\/comments?post=20005"}],"wp:featuredmedia":[{"embeddable":true,"href":"https:\/\/fiberoptics24.eu\/et\/wp-json\/wp\/v2\/media\/20007"}],"wp:attachment":[{"href":"https:\/\/fiberoptics24.eu\/et\/wp-json\/wp\/v2\/media?parent=20005"}],"wp:term":[{"taxonomy":"product_brand","embeddable":true,"href":"https:\/\/fiberoptics24.eu\/et\/wp-json\/wp\/v2\/product_brand?post=20005"},{"taxonomy":"product_cat","embeddable":true,"href":"https:\/\/fiberoptics24.eu\/et\/wp-json\/wp\/v2\/product_cat?post=20005"},{"taxonomy":"product_tag","embeddable":true,"href":"https:\/\/fiberoptics24.eu\/et\/wp-json\/wp\/v2\/product_tag?post=20005"}],"curies":[{"name":"wp","href":"https:\/\/api.w.org\/{rel}","templated":true}]}}