{"id":20015,"date":"2021-01-19T14:48:32","date_gmt":"2021-01-19T12:48:32","guid":{"rendered":"https:\/\/fiberoptics24-eu.vserver.zonevs.eu\/?post_type=product&#038;p=20015"},"modified":"2021-02-10T13:53:29","modified_gmt":"2021-02-10T11:53:29","slug":"buffer-tube-ringer-6-mm","status":"publish","type":"product","link":"https:\/\/fiberoptics24.eu\/et\/toode\/buffer-tube-ringer-6-mm\/","title":{"rendered":"BTR-6: Buffer Tube koorija (kuni 6 mm)"},"content":{"rendered":"<h3>Buffer Tube koorija<\/h3>\n<p><a class=\"btn btn-primary\" style=\"float: right; width: 336px; height: 50px;\" href=\"https:\/\/jonard.com\/sites\/default\/files\/product_files\/Data%20Sheet%20-%20Buffer%20Tube%20Ringer%20%28up%20to%206mm%29%20-%20BTR-6.pdf\">TOOTE ANDMELEHT PDF.<\/a>Jonardi BTR-6 Buffer Tube koorija v\u00f5imaldab kiiret ligip\u00e4\u00e4su buffer tubi, kuni 6mm, sees olevatele kiududele.<br \/>\nt\u00f6\u00f6riist sobib buffer tube-dele mille seina paksus on kuni 1mm. T\u00f6\u00f6riist on kerge ja vastupidav. Tera on karastatud<br \/>\nterasest, mis tagab selle pikka eluea. T\u00f6\u00f6riist kaalub ainult 14.06 grammi ja m\u00f5\u00f5dud on v\u00e4ga kompaktsed,<br \/>\n95.25 x 49.28 x 9.52 mm. Jonard Tools\u00ae toodab k\u00f5rge kvaliteediga tooteid mis on tehtud Made for Life\u00ae nende<br \/>\neluaegse garantiiga.<br \/>\nKasutage lihtsalt l\u00f5ugade avamiseks k\u00e4epidemeid pigistades, sisestage puhvertoru, vabastage k\u00e4epidemed ja<br \/>\np\u00f6\u00f6rake t\u00f6\u00f6riista.<\/p>","protected":false},"excerpt":{"rendered":"<p><a href=\"https:\/\/jonard.com\/btr-6-buffer-tube-ringer-6-mm?v=51\"><span style=\"color: #00ccff;\">JONARD<\/span><\/a><\/p>\n<ul>\n<li>Lihtne ja mugav kasutada<\/li>\n<li>Fikseeritud karastatud terasest tera<\/li>\n<li>Kompaktne ja kerge<\/li>\n<li>Eluaegse garantiiga<\/li>\n<\/ul>","protected":false},"featured_media":20016,"comment_status":"closed","ping_status":"closed","template":"","meta":{"jetpack_post_was_ever_published":false,"jetpack_publicize_message":"","jetpack_publicize_feature_enabled":true,"jetpack_social_post_already_shared":true,"jetpack_social_options":{"image_generator_settings":{"template":"highway","default_image_id":0,"font":"","enabled":false},"version":2}},"product_brand":[],"product_cat":[115,1399],"product_tag":[92,1513,1425],"class_list":{"0":"post-20015","1":"product","2":"type-product","3":"status-publish","4":"has-post-thumbnail","6":"product_cat-fiber-optic-tools","7":"product_cat-tools","8":"product_tag-fiber-optic-tools","9":"product_tag-fiber-optics-tools","10":"product_tag-tools","12":"first","13":"instock","14":"taxable","15":"shipping-taxable","16":"purchasable","17":"product-type-simple"},"jetpack_publicize_connections":[],"jetpack_sharing_enabled":true,"_links":{"self":[{"href":"https:\/\/fiberoptics24.eu\/et\/wp-json\/wp\/v2\/product\/20015","targetHints":{"allow":["GET"]}}],"collection":[{"href":"https:\/\/fiberoptics24.eu\/et\/wp-json\/wp\/v2\/product"}],"about":[{"href":"https:\/\/fiberoptics24.eu\/et\/wp-json\/wp\/v2\/types\/product"}],"replies":[{"embeddable":true,"href":"https:\/\/fiberoptics24.eu\/et\/wp-json\/wp\/v2\/comments?post=20015"}],"wp:featuredmedia":[{"embeddable":true,"href":"https:\/\/fiberoptics24.eu\/et\/wp-json\/wp\/v2\/media\/20016"}],"wp:attachment":[{"href":"https:\/\/fiberoptics24.eu\/et\/wp-json\/wp\/v2\/media?parent=20015"}],"wp:term":[{"taxonomy":"product_brand","embeddable":true,"href":"https:\/\/fiberoptics24.eu\/et\/wp-json\/wp\/v2\/product_brand?post=20015"},{"taxonomy":"product_cat","embeddable":true,"href":"https:\/\/fiberoptics24.eu\/et\/wp-json\/wp\/v2\/product_cat?post=20015"},{"taxonomy":"product_tag","embeddable":true,"href":"https:\/\/fiberoptics24.eu\/et\/wp-json\/wp\/v2\/product_tag?post=20015"}],"curies":[{"name":"wp","href":"https:\/\/api.w.org\/{rel}","templated":true}]}}