{"id":20021,"date":"2021-01-20T12:09:38","date_gmt":"2021-01-20T10:09:38","guid":{"rendered":"https:\/\/fiberoptics24-eu.vserver.zonevs.eu\/?post_type=product&#038;p=20021"},"modified":"2021-01-20T12:21:01","modified_gmt":"2021-01-20T10:21:01","slug":"psi-15-quicksleever","status":"publish","type":"product","link":"https:\/\/fiberoptics24.eu\/et\/toode\/psi-15-quicksleever\/","title":{"rendered":"PSI-15: QuickSleever\u2122"},"content":{"rendered":"<h3>QuickSleever<\/h3>\n<p>Fiiberkiule <a href=\"https:\/\/fiberoptics24-eu.vserver.zonevs.eu\/et\/tootekategooria\/fiber-splice-protection-sleeves\/?trp-edit-translation=true\"><span style=\"color: #00ccff;\">kaitseh\u00fclsi<\/span><\/a> paigaldamine v\u00f5ib olla t\u00fc\u00fctu isegi k\u00f5ige kogenumale tehnikule. Lisaks kui neil<a class=\"btn btn-primary\" style=\"float: right; width: 336px; height: 50px;\" href=\"https:\/\/jonard.com\/sites\/default\/files\/product_files\/Data%20Sheet%20-%20QuickSleever%20-%20PSI-15.pdf\">TOOTE ANDMELEHT PDF.<\/a><br \/>\njuhtub olema f\u00fc\u00fcsiline kahjustusi, n\u00e4iteks kehv n\u00e4gemine, v\u00f5ib h\u00fclsi paigaldus osutuda isegi v\u00f5imatuks.<br \/>\nQuickSleever on loodud  kiireks ja lihtsaks h\u00fclsside paigalduseks fiiberkiule. PSI-15 t\u00f6\u00f6riist on ideaalne <a class=\"btn btn-primary\" style=\"float: right; width: 336px; height: 50px;\" href=\"https:\/\/jonard.com\/sites\/default\/files\/product_files\/QuickSleever%20Application%20Note.pdf\">KASUTUSJUHIS PDF<\/a><br \/>\nkaitseh\u00fclsside paigaldaja ja on t\u00f5eline ajas\u00e4\u00e4stja.<\/p>\n<p><strong>PSI-15 v\u00f5itis 2020 Kaablite Paigaldamine ja Hooldus innovatsiooni h\u00f5be auhinna!<\/strong> (<span style=\"color: #00ccff;\">(Vaata seda siit)<\/span>)<\/p>","protected":false},"excerpt":{"rendered":"<p><a href=\"https:\/\/jonard.com\/psi-15-quick-sleever?v=937\"><span style=\"color: #00ccff;\">JONARD<\/span><\/a><\/p>\n<ul>\n<li>Koonuseline kiudude ettes\u00f6\u00f6du ala suunab kiud otse kaitseh\u00fclssi<\/li>\n<li>Mahutab kuni15 kaitseh\u00fclssi<\/li>\n<li>Kui kaitseh\u00fclss on laetud ja eemaldatud, langeb uus automaatselt kohale<\/li>\n<li>Kompaktne ja kerge disain<\/li>\n<li>\u00c4ra unusta k\u00f5igepealt kaitsta ja siis keevitada kiudu<\/li>\n<li>Palun\u00a0<a href=\"https:\/\/jonard.com\/sites\/default\/files\/product_files\/QuickSleever%20Application%20Note.pdf\">vaata <span style=\"color: #00ccff;\">vaata juhist siit<\/span><\/a> detailselt kuidas seadet kasutada<\/li>\n<\/ul>","protected":false},"featured_media":20022,"comment_status":"closed","ping_status":"closed","template":"","meta":{"jetpack_post_was_ever_published":false,"jetpack_publicize_message":"","jetpack_publicize_feature_enabled":true,"jetpack_social_post_already_shared":true,"jetpack_social_options":{"image_generator_settings":{"template":"highway","default_image_id":0,"font":"","enabled":false},"version":2}},"product_brand":[],"product_cat":[108,115,1399],"product_tag":[531,92],"class_list":{"0":"post-20021","1":"product","2":"type-product","3":"status-publish","4":"has-post-thumbnail","6":"product_cat-fiber-optic-accessories","7":"product_cat-fiber-optic-tools","8":"product_cat-tools","9":"product_tag-fiber-optic","10":"product_tag-fiber-optic-tools","12":"first","13":"instock","14":"taxable","15":"shipping-taxable","16":"purchasable","17":"product-type-simple"},"jetpack_publicize_connections":[],"jetpack_sharing_enabled":true,"_links":{"self":[{"href":"https:\/\/fiberoptics24.eu\/et\/wp-json\/wp\/v2\/product\/20021","targetHints":{"allow":["GET"]}}],"collection":[{"href":"https:\/\/fiberoptics24.eu\/et\/wp-json\/wp\/v2\/product"}],"about":[{"href":"https:\/\/fiberoptics24.eu\/et\/wp-json\/wp\/v2\/types\/product"}],"replies":[{"embeddable":true,"href":"https:\/\/fiberoptics24.eu\/et\/wp-json\/wp\/v2\/comments?post=20021"}],"wp:featuredmedia":[{"embeddable":true,"href":"https:\/\/fiberoptics24.eu\/et\/wp-json\/wp\/v2\/media\/20022"}],"wp:attachment":[{"href":"https:\/\/fiberoptics24.eu\/et\/wp-json\/wp\/v2\/media?parent=20021"}],"wp:term":[{"taxonomy":"product_brand","embeddable":true,"href":"https:\/\/fiberoptics24.eu\/et\/wp-json\/wp\/v2\/product_brand?post=20021"},{"taxonomy":"product_cat","embeddable":true,"href":"https:\/\/fiberoptics24.eu\/et\/wp-json\/wp\/v2\/product_cat?post=20021"},{"taxonomy":"product_tag","embeddable":true,"href":"https:\/\/fiberoptics24.eu\/et\/wp-json\/wp\/v2\/product_tag?post=20021"}],"curies":[{"name":"wp","href":"https:\/\/api.w.org\/{rel}","templated":true}]}}