{"id":20037,"date":"2021-02-01T15:22:11","date_gmt":"2021-02-01T13:22:11","guid":{"rendered":"https:\/\/fiberoptics24-eu.vserver.zonevs.eu\/?post_type=product&#038;p=20037"},"modified":"2021-02-10T13:41:44","modified_gmt":"2021-02-10T11:41:44","slug":"air-blown-fiber-installation-tool","status":"publish","type":"product","link":"https:\/\/fiberoptics24.eu\/et\/toode\/air-blown-fiber-installation-tool\/","title":{"rendered":"Fiiberkaabli (ABF) puhumist\u00f6\u00f6riist"},"content":{"rendered":"<h3>Fiiberkaabli (ABF) puhumist\u00f6\u00f6riist<\/h3>\n<p><strong>Kombineeritud Hexatronicu puhumiskaabliga on see juhtivate paigaldus omadustega omas klassis<\/strong><\/p>\n<p>Fiiberkaabli (ABF) puhumist\u00f6\u00f6riista kasutatakse puhumiskaablite paigaldamiseks mikrotorudesse. See<iframe loading=\"lazy\" style=\"float: right;\" src=\"https:\/\/youtube.com\/embed\/FtOFAvcs9bc\" width=\"560\" height=\"315\" frameborder=\"0\" allowfullscreen=\"allowfullscreen\"><span data-mce-type=\"bookmark\" style=\"display: inline-block; width: 0px; overflow: hidden; line-height: 0;\" class=\"mce_SELRES_start\"><\/span><\/iframe><br \/>\nunikaalne lihtsasti kasutatav ja kergekaaluline t\u00f6\u00f6riiston loodud optimaalseks t\u00f6\u00f6ks k\u00f5ige Hexatronicu<br \/>\nvalikus olevate puhumiskaablite ja mikrotorudega. T\u00f6\u00f6riist kasutab m\u00f5lemat nii suru\u00f5hku kui ka elektri-<br \/>\nmootor kaabli paigaldamiseks. Seadistatav magnetsidur t\u00e4pse kaabli s\u00f6\u00f6tmisj\u00f5u seadistamiseks, et<br \/>\nv\u00e4ltida kaabli vigastamist selle \u00e4kilisel peatumisel. Mootori kiirus ja suund on kontrollitav k\u00e4epidemel<br \/>\np\u00e4\u00e4stiku kaudu. T\u00f6\u00f6ristaga on kaasas d\u00fc\u00fcsid 3\/2 mm, 5\/3.5 mm ja 7\/3.5 mm mikrotorudele.<\/p>\n<p>Vaata ka <a href=\"https:\/\/fiberoptics24-eu.vserver.zonevs.eu\/wp-admin\/post.php?post=20045&amp;action=edit\"><span style=\"color: #00ccff;\">Kompressorit<\/span><\/a> ABF t\u00f6\u00f6riistale<\/p>\n<p><a class=\"btn btn-primary\" style=\"float: left; width: 336px; height: 50px;\" href=\"https:\/\/hexatronic.com\/media\/637509\/28701-ltt1792040_uen_air-blown-fiber-installation-tool.pdf\">INFOLEHT PDF<\/a><\/p>","protected":false},"excerpt":{"rendered":"<p><a href=\"https:\/\/hexatronic.com\/products\/installation-tools-and-accessories\/air-blown-fiber-abf-installation-tool\/\"><span style=\"color: #00ccff;\">HEXATRONIC<\/span><\/a><\/p>\n<p>\u2022 Kaabli paigaldamise kiirus kuni 150 m\/min<br \/>\n\u2022 Kaasaskantav ja kergekaaluline<br \/>\n\u2022 Madala m\u00fcraga<br \/>\n\u2022 Kiiruse lukustus<br \/>\n\u2022 Rullivarre lihtne paigaldus<br \/>\n\u2022 OLED-i uusim tehnoloogia<br \/>\n\u2022 Mugav kummist kattega k\u00e4epide<\/p>","protected":false},"featured_media":20038,"comment_status":"closed","ping_status":"closed","template":"","meta":{"jetpack_post_was_ever_published":false,"jetpack_publicize_message":"","jetpack_publicize_feature_enabled":true,"jetpack_social_post_already_shared":true,"jetpack_social_options":{"image_generator_settings":{"template":"highway","default_image_id":0,"font":"","enabled":false},"version":2}},"product_brand":[],"product_cat":[1823],"product_tag":[1818,531],"class_list":{"0":"post-20037","1":"product","2":"type-product","3":"status-publish","4":"has-post-thumbnail","6":"product_cat-blowing_machines","7":"product_tag-fiber-blowing-machines","8":"product_tag-fiber-optic","10":"first","11":"instock","12":"taxable","13":"shipping-taxable","14":"purchasable","15":"product-type-simple"},"jetpack_publicize_connections":[],"jetpack_sharing_enabled":true,"_links":{"self":[{"href":"https:\/\/fiberoptics24.eu\/et\/wp-json\/wp\/v2\/product\/20037","targetHints":{"allow":["GET"]}}],"collection":[{"href":"https:\/\/fiberoptics24.eu\/et\/wp-json\/wp\/v2\/product"}],"about":[{"href":"https:\/\/fiberoptics24.eu\/et\/wp-json\/wp\/v2\/types\/product"}],"replies":[{"embeddable":true,"href":"https:\/\/fiberoptics24.eu\/et\/wp-json\/wp\/v2\/comments?post=20037"}],"wp:featuredmedia":[{"embeddable":true,"href":"https:\/\/fiberoptics24.eu\/et\/wp-json\/wp\/v2\/media\/20038"}],"wp:attachment":[{"href":"https:\/\/fiberoptics24.eu\/et\/wp-json\/wp\/v2\/media?parent=20037"}],"wp:term":[{"taxonomy":"product_brand","embeddable":true,"href":"https:\/\/fiberoptics24.eu\/et\/wp-json\/wp\/v2\/product_brand?post=20037"},{"taxonomy":"product_cat","embeddable":true,"href":"https:\/\/fiberoptics24.eu\/et\/wp-json\/wp\/v2\/product_cat?post=20037"},{"taxonomy":"product_tag","embeddable":true,"href":"https:\/\/fiberoptics24.eu\/et\/wp-json\/wp\/v2\/product_tag?post=20037"}],"curies":[{"name":"wp","href":"https:\/\/api.w.org\/{rel}","templated":true}]}}