{"id":20045,"date":"2021-02-01T15:40:37","date_gmt":"2021-02-01T13:40:37","guid":{"rendered":"https:\/\/fiberoptics24-eu.vserver.zonevs.eu\/?post_type=product&#038;p=20045"},"modified":"2021-02-09T12:03:34","modified_gmt":"2021-02-09T10:03:34","slug":"miniature-compressor","status":"publish","type":"product","link":"https:\/\/fiberoptics24.eu\/et\/toode\/miniature-compressor\/","title":{"rendered":"Kompressor ABF t\u00f6\u00f6ristale"},"content":{"rendered":"<h3>Miniatuurne kompressor ABF t\u00f6\u00f6riistale<\/h3>\n<p>Miniatuurne kompressor on loodud l\u00fchikeste ja keskmise pikkusega kaabli puhumisteks mikrotorutesse.<br \/>\nSee unikaalne vaikne ja kompaktne kompressor optimaalne seade just Hexatronicu <a href=\"https:\/\/fiberoptics24-eu.vserver.zonevs.eu\/et\/toode\/air-blown-fiber-installation-tool\/\"><span style=\"color: #00ccff;\">ABF puhumist\u00f6\u00f6riista<\/span><\/a><br \/>\n<span style=\"color: #00ccff;\">Fiber tool<\/span>\u00a0ja Nano kaabli t\u00f6\u00f6riista jaoks<\/p>\n<p>Kompressoril on tugevast metallist kere, kahesilindriline kiik kolviga ja \u00f5livaba pumbaga mootor. Kompressor,<br \/>\nilma mahutita, pakub \npakub pidevat ja suure v\u00f5imsusega \u00f5huvoolu ilma r\u00f5hu tekitamise katkestusteta.<br \/>\nKompressori disain k\u00f5rvaldab probleemid, nagu lekkiv \u00f5li, mis v\u00f5ib kahjustada mikrotorusid.<\/p>\n<p>Super vaikne t\u00f6\u00f6, m\u00fcratasemega v\u00e4iksem kui 70dB. See tagab t\u00f6\u00f6 ilma vajaduseta kanda k\u00f5rvaklappe.<br \/>\nKompressoril on 1\/4\" standardne (CEJN) kiirliides., mis v\u00f5imaldab kiire ja lihtsa \u00fchenduse Hexatronic ABF<br \/>\nja Nano kaabli t\u00f6\u00f6riistadega. Seadmel on EU Schuko plug (CEE 7\/4) toitejuhe.<br \/>\n<a class=\"btn btn-primary\" style=\"float: left; width: 336px; height: 50px;\" href=\"https:\/\/hexatronic.com\/media\/575358\/28701-hltt179004_compressor.pdf\">INFOLEHT PDF<\/a><\/p>","protected":false},"excerpt":{"rendered":"<p><a href=\"https:\/\/hexatronic.com\/products\/installation-tools-and-accessories\/air-blown-fiber-abf-installation-tool\/\"><span style=\"color: #00ccff;\">HEXATRONIC<\/span><\/a><\/p>\n<p>\u2022 \u00d5li vaba<br \/>\n\u2022 Puhas \u00f5hk, tolmuvaba<br \/>\n\u2022 Kompaktne ja kergekaaluline<br \/>\n\u2022 Sobib nii  Stingray puhumiskaabli kui ka<br \/>\nHexatronic Raptor Nano kaabli t\u00f6\u00f6riistaga<\/p>","protected":false},"featured_media":20044,"comment_status":"closed","ping_status":"closed","template":"","meta":{"jetpack_post_was_ever_published":false,"jetpack_publicize_message":"","jetpack_publicize_feature_enabled":true,"jetpack_social_post_already_shared":true,"jetpack_social_options":{"image_generator_settings":{"template":"highway","default_image_id":0,"font":"","enabled":false},"version":2}},"product_brand":[],"product_cat":[429],"product_tag":[1259,531],"class_list":{"0":"post-20045","1":"product","2":"type-product","3":"status-publish","4":"has-post-thumbnail","6":"product_cat-uncategorized","7":"product_tag-fiber","8":"product_tag-fiber-optic","10":"first","11":"instock","12":"taxable","13":"shipping-taxable","14":"purchasable","15":"product-type-simple"},"jetpack_publicize_connections":[],"jetpack_sharing_enabled":true,"_links":{"self":[{"href":"https:\/\/fiberoptics24.eu\/et\/wp-json\/wp\/v2\/product\/20045","targetHints":{"allow":["GET"]}}],"collection":[{"href":"https:\/\/fiberoptics24.eu\/et\/wp-json\/wp\/v2\/product"}],"about":[{"href":"https:\/\/fiberoptics24.eu\/et\/wp-json\/wp\/v2\/types\/product"}],"replies":[{"embeddable":true,"href":"https:\/\/fiberoptics24.eu\/et\/wp-json\/wp\/v2\/comments?post=20045"}],"wp:featuredmedia":[{"embeddable":true,"href":"https:\/\/fiberoptics24.eu\/et\/wp-json\/wp\/v2\/media\/20044"}],"wp:attachment":[{"href":"https:\/\/fiberoptics24.eu\/et\/wp-json\/wp\/v2\/media?parent=20045"}],"wp:term":[{"taxonomy":"product_brand","embeddable":true,"href":"https:\/\/fiberoptics24.eu\/et\/wp-json\/wp\/v2\/product_brand?post=20045"},{"taxonomy":"product_cat","embeddable":true,"href":"https:\/\/fiberoptics24.eu\/et\/wp-json\/wp\/v2\/product_cat?post=20045"},{"taxonomy":"product_tag","embeddable":true,"href":"https:\/\/fiberoptics24.eu\/et\/wp-json\/wp\/v2\/product_tag?post=20045"}],"curies":[{"name":"wp","href":"https:\/\/api.w.org\/{rel}","templated":true}]}}