{"id":20064,"date":"2021-02-03T12:40:55","date_gmt":"2021-02-03T10:40:55","guid":{"rendered":"https:\/\/fiberoptics24-eu.vserver.zonevs.eu\/?post_type=product&#038;p=20064"},"modified":"2024-02-22T14:24:28","modified_gmt":"2024-02-22T12:24:28","slug":"duct-holder-abf-installation-tool","status":"publish","type":"product","link":"https:\/\/fiberoptics24.eu\/et\/toode\/duct-holder-abf-installation-tool\/","title":{"rendered":"ABF puhumist\u00f6\u00f6riista lisa toru hoidik"},"content":{"rendered":"<h3>Duct Holder<\/h3>\n<p>See on ABF puhumist\u00f6\u00f6riistade <a href=\"https:\/\/fiberoptics24-eu.vserver.zonevs.eu\/et\/toode\/air-blown-fiber-installation-tool\/\"><span style=\"color: #00ccff;\">LTT1792040<\/span><\/a> ja <a href=\"https:\/\/hexatronic.com\/media\/86144\/28701-ltt1792011_installation-tool-for-air-blown-fiber.pdf\"><span style=\"color: #00ccff;\">LTT1792011 lisaseade<\/span><\/a>.<br \/>\nSee seade v\u00f5imaldab kindlat toru kinnitust isegi siis kui kasutatakse suurt \u00f5husurvet pikkadeks puhumis<br \/>\ndistantsideks. Toru hoidik h\u00f5lbustab t\u00f6\u00f6d ka selliselt et toru on kinnitatud puhumist\u00f6\u00f6riistale aga samas<br \/>\non puhumist\u00f6\u00f6riista peamine kere plaat avatud asendis. See on eriti mugav kiudude puhumisel\neelnevalt<br \/>\n\u00fchendatud pistikutega.<\/p>\n<p>&nbsp;<\/p>","protected":false},"excerpt":{"rendered":"<p><a href=\"https:\/\/hexatronic.com\/products\/installation-tools-and-accessories\/duct-holder-for-installation-tool\/\"><span style=\"color: #00ccff;\">HEXATRONIC<\/span><\/a><\/p>\n<ul>\n<li>Puhutavate fiibrite (ABF) t\u00f6\u00f6deks<\/li>\n<li>ABF puhumist\u00f6\u00f6riista LTT1792040 ja LTT 1792011 jaoks<\/li>\n<li>7mm torud<\/li>\n<li>Hoiab toru turvaliselt paigal<\/li>\n<\/ul>","protected":false},"featured_media":20058,"comment_status":"closed","ping_status":"closed","template":"","meta":{"jetpack_post_was_ever_published":false,"jetpack_publicize_message":"","jetpack_publicize_feature_enabled":true,"jetpack_social_post_already_shared":true,"jetpack_social_options":{"image_generator_settings":{"template":"highway","default_image_id":0,"font":"","enabled":false},"version":2}},"product_brand":[],"product_cat":[1821,108],"product_tag":[89],"class_list":{"0":"post-20064","1":"product","2":"type-product","3":"status-publish","4":"has-post-thumbnail","6":"product_cat-abf-tool-accessories","7":"product_cat-fiber-optic-accessories","8":"product_tag-accessories","10":"first","11":"onbackorder","12":"taxable","13":"shipping-taxable","14":"purchasable","15":"product-type-simple"},"jetpack_publicize_connections":[],"jetpack_sharing_enabled":true,"_links":{"self":[{"href":"https:\/\/fiberoptics24.eu\/et\/wp-json\/wp\/v2\/product\/20064","targetHints":{"allow":["GET"]}}],"collection":[{"href":"https:\/\/fiberoptics24.eu\/et\/wp-json\/wp\/v2\/product"}],"about":[{"href":"https:\/\/fiberoptics24.eu\/et\/wp-json\/wp\/v2\/types\/product"}],"replies":[{"embeddable":true,"href":"https:\/\/fiberoptics24.eu\/et\/wp-json\/wp\/v2\/comments?post=20064"}],"wp:featuredmedia":[{"embeddable":true,"href":"https:\/\/fiberoptics24.eu\/et\/wp-json\/wp\/v2\/media\/20058"}],"wp:attachment":[{"href":"https:\/\/fiberoptics24.eu\/et\/wp-json\/wp\/v2\/media?parent=20064"}],"wp:term":[{"taxonomy":"product_brand","embeddable":true,"href":"https:\/\/fiberoptics24.eu\/et\/wp-json\/wp\/v2\/product_brand?post=20064"},{"taxonomy":"product_cat","embeddable":true,"href":"https:\/\/fiberoptics24.eu\/et\/wp-json\/wp\/v2\/product_cat?post=20064"},{"taxonomy":"product_tag","embeddable":true,"href":"https:\/\/fiberoptics24.eu\/et\/wp-json\/wp\/v2\/product_tag?post=20064"}],"curies":[{"name":"wp","href":"https:\/\/api.w.org\/{rel}","templated":true}]}}