{"id":20125,"date":"2021-02-09T14:23:22","date_gmt":"2021-02-09T12:23:22","guid":{"rendered":"https:\/\/fiberoptics24-eu.vserver.zonevs.eu\/?post_type=product&#038;p=20125"},"modified":"2024-02-22T14:24:28","modified_gmt":"2024-02-22T12:24:28","slug":"cable-installation-lubricant","status":"publish","type":"product","link":"https:\/\/fiberoptics24.eu\/et\/toode\/cable-installation-lubricant\/","title":{"rendered":"Kaabli paigaldamise m\u00e4\u00e4rdeaine mikrotorudesse"},"content":{"rendered":"<h3>Viper Venom - K\u00fclmakindel kaabli installatsiooni m\u00e4\u00e4re<\/h3>\n<p>Hexatronic Viper Venom on kaabli insatllatsiooni m\u00e4\u00e4re mikrotorudele. See on eriti sobilik Mikro ja Nano kaablite paigalduseks.<br \/>\nM\u00e4\u00e4re ei ole m\u00fcrgine, kergesti puhastatav ja mittes\u00fcttiv. ON olemas kaks versiooni. Tavaline 0,24l pudelis ja aasta l\u00e4bi kasutatav<br \/>\nversioon 1l pudelis. K\u00fclmakindla m\u00e4\u00e4rde k\u00fclmumispunkt on -15C ja on seega kasutatav terve aasta l\u00e4bi.<\/p>\n<p>Vaata ka <a href=\"https:\/\/fiberoptics24-eu.vserver.zonevs.eu\/et\/?post_type=product&amp;p=20127&amp;preview=true\"><span style=\"color: #00ccff;\">j\u00e4\u00e4t\u00f5rjevahendit<\/span><\/a><\/p>","protected":false},"excerpt":{"rendered":"<p><a href=\"https:\/\/hexatronic.com\/products\/installation-tools-and-accessories\/accessories-for-blowing-lubrication-and-cleaning\/lubricant-for-cable-installation-into-microducts-the-viper-venom\/\"><span style=\"color: #00ccff;\">HEXATRONIC<\/span><\/a><\/p>\n<p>M\u00e4\u00e4rdeaine mikrotorudele, aasta l\u00e4bi kasutatav, 1L<\/p>","protected":false},"featured_media":20126,"comment_status":"closed","ping_status":"closed","template":"","meta":{"jetpack_post_was_ever_published":false,"jetpack_publicize_message":"","jetpack_publicize_feature_enabled":true,"jetpack_social_post_already_shared":true,"jetpack_social_options":{"image_generator_settings":{"template":"highway","default_image_id":0,"font":"","enabled":false},"version":2}},"product_brand":[],"product_cat":[1821],"product_tag":[1818,531],"class_list":{"0":"post-20125","1":"product","2":"type-product","3":"status-publish","4":"has-post-thumbnail","6":"product_cat-abf-tool-accessories","7":"product_tag-fiber-blowing-machines","8":"product_tag-fiber-optic","10":"first","11":"instock","12":"taxable","13":"shipping-taxable","14":"purchasable","15":"product-type-simple"},"jetpack_publicize_connections":[],"jetpack_sharing_enabled":true,"_links":{"self":[{"href":"https:\/\/fiberoptics24.eu\/et\/wp-json\/wp\/v2\/product\/20125","targetHints":{"allow":["GET"]}}],"collection":[{"href":"https:\/\/fiberoptics24.eu\/et\/wp-json\/wp\/v2\/product"}],"about":[{"href":"https:\/\/fiberoptics24.eu\/et\/wp-json\/wp\/v2\/types\/product"}],"replies":[{"embeddable":true,"href":"https:\/\/fiberoptics24.eu\/et\/wp-json\/wp\/v2\/comments?post=20125"}],"wp:featuredmedia":[{"embeddable":true,"href":"https:\/\/fiberoptics24.eu\/et\/wp-json\/wp\/v2\/media\/20126"}],"wp:attachment":[{"href":"https:\/\/fiberoptics24.eu\/et\/wp-json\/wp\/v2\/media?parent=20125"}],"wp:term":[{"taxonomy":"product_brand","embeddable":true,"href":"https:\/\/fiberoptics24.eu\/et\/wp-json\/wp\/v2\/product_brand?post=20125"},{"taxonomy":"product_cat","embeddable":true,"href":"https:\/\/fiberoptics24.eu\/et\/wp-json\/wp\/v2\/product_cat?post=20125"},{"taxonomy":"product_tag","embeddable":true,"href":"https:\/\/fiberoptics24.eu\/et\/wp-json\/wp\/v2\/product_tag?post=20125"}],"curies":[{"name":"wp","href":"https:\/\/api.w.org\/{rel}","templated":true}]}}