{"id":20152,"date":"2021-04-20T13:24:03","date_gmt":"2021-04-20T11:24:03","guid":{"rendered":"https:\/\/fiberoptics24-eu.vserver.zonevs.eu\/?post_type=product&#038;p=20152"},"modified":"2021-04-20T13:35:00","modified_gmt":"2021-04-20T11:35:00","slug":"battery-10-pcs-mpl4-mpl6-sondes","status":"publish","type":"product","link":"https:\/\/fiberoptics24.eu\/et\/toode\/battery-10-pcs-mpl4-mpl6-sondes\/","title":{"rendered":"Patareid (10 tk) sonidele MPL4 ja MPL6"},"content":{"rendered":"<p>BR425-kit10 (BR425) patareide varukomplekt Vesala Nano-sondidele <span style=\"color: #00ccff;\"><a style=\"color: #00ccff;\" href=\"https:\/\/fiberoptics24-eu.vserver.zonevs.eu\/et\/toode\/minisonde-mpl4-33-4-6-mm-33-khz\/?trp-edit-translation=true\">MPL4-33<\/a><\/span>Mikro-sondile MPL6-10 ja Mikro-sondile <a href=\"https:\/\/fiberoptics24-eu.vserver.zonevs.eu\/et\/toode\/microsonde-mpl6-33\/\"><span style=\"color: #00ccff;\">MPL6-33<\/span><\/a>.<br \/>\nKomplekt koosneb k\u00fcmnest 3.0V Liitium patareist mugavas karbis. Tavaliselt v\u00f5imaldab \u00fcks patarei 9 tundi t\u00f6\u00f6aega peale mida on<br \/>\nkasutusk\u00f5lbmatu. Liitium patareisid ei saa osta \u00fche kaupa.<\/p>","protected":false},"excerpt":{"rendered":"<p><a href=\"https:\/\/vesala.fi\/en\/product\/br425-kit10\/\"><span style=\"color: #00ccff;\">Vesala<\/span><\/a><\/p>","protected":false},"featured_media":20154,"comment_status":"closed","ping_status":"closed","template":"","meta":{"jetpack_post_was_ever_published":false,"jetpack_publicize_message":"","jetpack_publicize_feature_enabled":true,"jetpack_social_post_already_shared":true,"jetpack_social_options":{"image_generator_settings":{"template":"highway","default_image_id":0,"font":"","enabled":false},"version":2}},"product_brand":[],"product_cat":[108],"product_tag":[1836],"class_list":{"0":"post-20152","1":"product","2":"type-product","3":"status-publish","4":"has-post-thumbnail","6":"product_cat-fiber-optic-accessories","7":"product_tag-battery","9":"first","10":"onbackorder","11":"taxable","12":"shipping-taxable","13":"purchasable","14":"product-type-simple"},"jetpack_publicize_connections":[],"jetpack_sharing_enabled":true,"_links":{"self":[{"href":"https:\/\/fiberoptics24.eu\/et\/wp-json\/wp\/v2\/product\/20152","targetHints":{"allow":["GET"]}}],"collection":[{"href":"https:\/\/fiberoptics24.eu\/et\/wp-json\/wp\/v2\/product"}],"about":[{"href":"https:\/\/fiberoptics24.eu\/et\/wp-json\/wp\/v2\/types\/product"}],"replies":[{"embeddable":true,"href":"https:\/\/fiberoptics24.eu\/et\/wp-json\/wp\/v2\/comments?post=20152"}],"wp:featuredmedia":[{"embeddable":true,"href":"https:\/\/fiberoptics24.eu\/et\/wp-json\/wp\/v2\/media\/20154"}],"wp:attachment":[{"href":"https:\/\/fiberoptics24.eu\/et\/wp-json\/wp\/v2\/media?parent=20152"}],"wp:term":[{"taxonomy":"product_brand","embeddable":true,"href":"https:\/\/fiberoptics24.eu\/et\/wp-json\/wp\/v2\/product_brand?post=20152"},{"taxonomy":"product_cat","embeddable":true,"href":"https:\/\/fiberoptics24.eu\/et\/wp-json\/wp\/v2\/product_cat?post=20152"},{"taxonomy":"product_tag","embeddable":true,"href":"https:\/\/fiberoptics24.eu\/et\/wp-json\/wp\/v2\/product_tag?post=20152"}],"curies":[{"name":"wp","href":"https:\/\/api.w.org\/{rel}","templated":true}]}}