{"id":20155,"date":"2021-04-08T14:00:36","date_gmt":"2021-04-08T12:00:36","guid":{"rendered":"https:\/\/fiberoptics24-eu.vserver.zonevs.eu\/?post_type=product&#038;p=20155"},"modified":"2024-02-22T12:51:00","modified_gmt":"2024-02-22T10:51:00","slug":"microsonde-mpl6-33","status":"publish","type":"product","link":"https:\/\/fiberoptics24.eu\/et\/toode\/microsonde-mpl6-33\/","title":{"rendered":"MICROSOND MPL6-33 (6.4 MM, 33 KHZ)"},"content":{"rendered":"<h3>MICROSOND MPL6-33<\/h3>\n<p>MPL6-33 on eraldiseisev  ja v\u00e4ga v\u00e4ikese m\u00f5\u00f5duline mikrotoru mikrosond. M\u00f5eldud kasutamiseks peamiselt koos Vesala <a href=\"https:\/\/fiberoptics24-eu.vserver.zonevs.eu\/et\/toode\/compact-locator-cl43-pb\/\"><span style=\"color: #00ccff;\">CL43<\/span><\/a> Compact <a class=\"btn btn-primary\" style=\"float: right; width: 336px; height: 50px;\" href=\"https:\/\/vesala.fi\/wp-content\/uploads\/Sondes_Brochure_EN.pdf\" target=\"_blank\" rel=\"noopener noreferrer\">TOOTE INFOLEHT PDF<\/a><br \/>\nCompact Locator, kuid t\u00f6\u00f6tab ka edukalt teiste toru- ja kaabliotsijatega mis kasutavad 33kHz sagedust. See mikrosond on eriti<br \/>\nsobilik nii mikrokanalite ummistuste kui ka muude v\u00e4ikeste mittejuhtivate torude ja kanalisatsioonide otsimiseks. MPL6-33<br \/>\ndiameeter on ainult 6.4 mm, nii et see sobib t\u00e4pselt standartsesse 12\/8 mm torusse.<a class=\"btn btn-primary\" style=\"float: right; width: 336px; height: 50px;\" href=\"https:\/\/vesala.fi\/wp-content\/uploads\/vesala_sondes_technical_specifications.pdf\" target=\"_blank\" rel=\"noopener noreferrer\">SONDIDE SPETSID. PDF<\/a><\/p>\n<p>MPL6-33 konstruktsioonis on eraldi saatja ja patareiosa mis omavahel on \u00fchenduses poolj\u00e4iga \u00fchendusega. Sondi kuju ja<br \/>\nunikaalne konstruktsioon lasevad sellel l\u00e4bida lihtsamalt toru kurve ja liidestusi.<a class=\"btn btn-primary\" style=\"float: right; width: 336px; height: 50px;\" href=\"https:\/\/vesala.fi\/wp-content\/uploads\/vesala_mpl6-33_user_manual.pdf\" target=\"_blank\" rel=\"noopener noreferrer\">KASUTUSJUHEND PDF<\/a><\/p>\n<h5><strong>T\u00f6\u00f6tamine MPL6-33 -ga<\/strong><\/h5>\n<p>Mikrosond hakkab t\u00f6\u00f6le ja alustab signaali saatmist kohe kui patarei on sisestatud ja patareiosa on \u00fchendatud saatjaga. Sondi<br \/>\nsaab \u00fchendada t\u00f5ukevarda otsa tema M5 emase keerme abil, mis asub aga patareiosa l\u00f5pus. \nAlternatiivina v\u00f5ib sondi teipida<br \/>\nt\u00f5ukevarda k\u00fcljele, et v\u00e4hendada kahjustuste ohtu. Sondi saab paigaldada ka optilisekaabli otsa, p\u00e4rast seda saab sondi koos<br \/>\nkaabliga suunata\/puhuda mikrotorusse.<\/p>\n<p>Kui torus on ummistus\/takistus, k\u00f5igepealt saab ligikaudse asukoha teada, kasutades torude paigaldus joonist ja sisse l\u00fckatud<br \/>\nkaabli\/t\u00f5ukevarda pikkust. P\u00e4rast seda saab juba t\u00e4pseasukoha maapinnalt lihtsalt leida kasutades kaabliotsimis vastuv\u00f5tjat<br \/>\nCL-43. Kokkuv\u00f5tteks, teades t\u00e4pset takistuse asukohta, s\u00e4\u00e4stab m\u00e4rkimisv\u00e4\u00e4rselt aega ja kulusid.<\/p>\n<h5><strong>Teised kasutuskohad ja patareid<\/strong><\/h5>\n<p>M\u00f5lemad. nii saatja kui patareiosa on veekindlad, v\u00f5imaldades veealust kasutust. Seadmel on vilkuv tuluke saatja otsas, mis<br \/>\nn\u00e4itab saatja t\u00f6\u00f6d. liitium patarei annab umbes maksimaalselt 9 tundi t\u00f6\u00f6aega, s\u00f5ltuvalt \u00fcmbritsevast temperatuurist.<br \/>\non ambient temperature.<\/p>\n<p>MPL6-33 diameeter on 6.4 mm ja kogupikkus on 84 mm.<\/p>\n<h5><strong>Saatja signaal<\/strong><\/h5>\n<p>32.768 kHz pidev sinusoidaalne signaal.<\/p>\n<p>Kui on vaja ka <a href=\"https:\/\/vesala.fi\/wp-content\/uploads\/vesala_shock_absorbers_for_sondes.pdf\"><span style=\"color: #00ccff;\">L\u00f6\u00f6gileevendit, vaatake sobivust siit<\/span><\/a> ja tehke <a href=\"https:\/\/fiberoptics24-eu.vserver.zonevs.eu\/contact\/\"><span style=\"color: #00ccff;\">Hinnap\u00e4ring<\/span><\/a><\/p>\n<p>Made in Finland<\/p>","protected":false},"excerpt":{"rendered":"<p><a href=\"https:\/\/vesala.fi\/en\/\"><span style=\"color: #00ccff;\">VESALA<\/span><\/a><\/p>\n<ul>\n<li>MPL6-33 sond<\/li>\n<li>Patarei osa koos\u00a0<strong>M5<\/strong>\u00a0sisese \u00fchendus keermega<\/li>\n<li>3.0V Lithium patarei <a href=\"https:\/\/fiberoptics24-eu.vserver.zonevs.eu\/et\/toode\/battery-10-pcs-mpl4-mpl6-sondes\/\"><span style=\"color: #00ccff;\">BR425<\/span><\/a>2 tk<\/li>\n<li>Plastikkarp SB6<\/li>\n<li>Kiirjuhend<\/li>\n<\/ul>","protected":false},"featured_media":20156,"comment_status":"closed","ping_status":"closed","template":"","meta":{"jetpack_post_was_ever_published":false,"jetpack_publicize_message":"","jetpack_publicize_feature_enabled":true,"jetpack_social_post_already_shared":true,"jetpack_social_options":{"image_generator_settings":{"template":"highway","default_image_id":0,"font":"","enabled":false},"version":2}},"product_brand":[],"product_cat":[108],"product_tag":[1837],"class_list":{"0":"post-20155","1":"product","2":"type-product","3":"status-publish","4":"has-post-thumbnail","6":"product_cat-fiber-optic-accessories","7":"product_tag-microsonde","9":"first","10":"onbackorder","11":"taxable","12":"shipping-taxable","13":"purchasable","14":"product-type-variable","15":"has-default-attributes"},"jetpack_publicize_connections":[],"jetpack_sharing_enabled":true,"_links":{"self":[{"href":"https:\/\/fiberoptics24.eu\/et\/wp-json\/wp\/v2\/product\/20155","targetHints":{"allow":["GET"]}}],"collection":[{"href":"https:\/\/fiberoptics24.eu\/et\/wp-json\/wp\/v2\/product"}],"about":[{"href":"https:\/\/fiberoptics24.eu\/et\/wp-json\/wp\/v2\/types\/product"}],"replies":[{"embeddable":true,"href":"https:\/\/fiberoptics24.eu\/et\/wp-json\/wp\/v2\/comments?post=20155"}],"wp:featuredmedia":[{"embeddable":true,"href":"https:\/\/fiberoptics24.eu\/et\/wp-json\/wp\/v2\/media\/20156"}],"wp:attachment":[{"href":"https:\/\/fiberoptics24.eu\/et\/wp-json\/wp\/v2\/media?parent=20155"}],"wp:term":[{"taxonomy":"product_brand","embeddable":true,"href":"https:\/\/fiberoptics24.eu\/et\/wp-json\/wp\/v2\/product_brand?post=20155"},{"taxonomy":"product_cat","embeddable":true,"href":"https:\/\/fiberoptics24.eu\/et\/wp-json\/wp\/v2\/product_cat?post=20155"},{"taxonomy":"product_tag","embeddable":true,"href":"https:\/\/fiberoptics24.eu\/et\/wp-json\/wp\/v2\/product_tag?post=20155"}],"curies":[{"name":"wp","href":"https:\/\/api.w.org\/{rel}","templated":true}]}}