{"id":20174,"date":"2021-04-20T13:31:03","date_gmt":"2021-04-20T11:31:03","guid":{"rendered":"https:\/\/fiberoptics24-eu.vserver.zonevs.eu\/?post_type=product&#038;p=20174"},"modified":"2021-04-21T12:13:02","modified_gmt":"2021-04-21T10:13:02","slug":"battery-10-pcs-mpl7-mpl9-sondes","status":"publish","type":"product","link":"https:\/\/fiberoptics24.eu\/et\/toode\/battery-10-pcs-mpl7-mpl9-sondes\/","title":{"rendered":"Patareid (10 TK) sondidele MPL7 ja MPL9"},"content":{"rendered":"<p>BR535-kit10 (BR535) patareide varukomplekt sobib Vesala Mini-sondile MPL9-10, Mini-sondile <a href=\"https:\/\/fiberoptics24-eu.vserver.zonevs.eu\/et\/toode\/minisonde-mpl9-33m6f-9-mm-33-khz\/\"><span style=\"color: #00ccff;\">MPL9-33<\/span><\/a>,<br \/>\nMikro-sonde MPL7-10 ja Mikro-sonde <a href=\"https:\/\/fiberoptics24-eu.vserver.zonevs.eu\/et\/toode\/microsonde-mpl7-33m6f-7-5-mm-33-khz\/\"><span style=\"color: #00ccff;\">MPL7-33<\/span><\/a>. Komplekt koosneb k\u00fcmnest 3.0V Liitium patareist mugavas<br \/>\nkarbis. Tavaliselt v\u00f5imaldab \u00fcks patarei 9 tundi t\u00f6\u00f6aega peale mida on kasutusk\u00f5lbmatu. Liitium patareisid ei<br \/>\nsaa osta \u00fche kaupa.<\/p>","protected":false},"excerpt":{"rendered":"<p><a href=\"https:\/\/vesala.fi\/en\/product\/br535-kit10\/\"><span style=\"color: #00ccff;\">Vesala<\/span><\/a><\/p>","protected":false},"featured_media":20175,"comment_status":"closed","ping_status":"closed","template":"","meta":{"jetpack_post_was_ever_published":false,"jetpack_publicize_message":"","jetpack_publicize_feature_enabled":true,"jetpack_social_post_already_shared":true,"jetpack_social_options":{"image_generator_settings":{"template":"highway","default_image_id":0,"font":"","enabled":false},"version":2}},"product_brand":[],"product_cat":[108],"product_tag":[1836],"class_list":{"0":"post-20174","1":"product","2":"type-product","3":"status-publish","4":"has-post-thumbnail","6":"product_cat-fiber-optic-accessories","7":"product_tag-battery","9":"first","10":"onbackorder","11":"taxable","12":"shipping-taxable","13":"purchasable","14":"product-type-simple"},"jetpack_publicize_connections":[],"jetpack_sharing_enabled":true,"_links":{"self":[{"href":"https:\/\/fiberoptics24.eu\/et\/wp-json\/wp\/v2\/product\/20174","targetHints":{"allow":["GET"]}}],"collection":[{"href":"https:\/\/fiberoptics24.eu\/et\/wp-json\/wp\/v2\/product"}],"about":[{"href":"https:\/\/fiberoptics24.eu\/et\/wp-json\/wp\/v2\/types\/product"}],"replies":[{"embeddable":true,"href":"https:\/\/fiberoptics24.eu\/et\/wp-json\/wp\/v2\/comments?post=20174"}],"wp:featuredmedia":[{"embeddable":true,"href":"https:\/\/fiberoptics24.eu\/et\/wp-json\/wp\/v2\/media\/20175"}],"wp:attachment":[{"href":"https:\/\/fiberoptics24.eu\/et\/wp-json\/wp\/v2\/media?parent=20174"}],"wp:term":[{"taxonomy":"product_brand","embeddable":true,"href":"https:\/\/fiberoptics24.eu\/et\/wp-json\/wp\/v2\/product_brand?post=20174"},{"taxonomy":"product_cat","embeddable":true,"href":"https:\/\/fiberoptics24.eu\/et\/wp-json\/wp\/v2\/product_cat?post=20174"},{"taxonomy":"product_tag","embeddable":true,"href":"https:\/\/fiberoptics24.eu\/et\/wp-json\/wp\/v2\/product_tag?post=20174"}],"curies":[{"name":"wp","href":"https:\/\/api.w.org\/{rel}","templated":true}]}}