{"id":21128,"date":"2024-03-08T14:31:06","date_gmt":"2024-03-08T12:31:06","guid":{"rendered":"https:\/\/fiberoptics24-eu.vserver.zonevs.eu\/?post_type=product&#038;p=21128"},"modified":"2024-03-08T15:10:47","modified_gmt":"2024-03-08T13:10:47","slug":"fo-103-s-series","status":"publish","type":"product","link":"https:\/\/fiberoptics24.eu\/et\/toode\/fo-103-s-series\/","title":{"rendered":"FO 103-S Series"},"content":{"rendered":"<ul>\n<li style=\"list-style-type: none;\">\n<ul>\n<li>\u00dcks kompaktne t\u00f6\u00f6rist mis ei vaja seadistamist ning eemaldab efektiivselt kiukatte.<\/li>\n<li>T\u00e4psed l\u00f5ikeava m\u00f5\u00f5dud tagavad puhta katte eemalduse ilma kiudu vigastamata.<\/li>\n<li>P\u00f6\u00f6rdtapp, vedru ja t\u00e4psed k\u00e4epidemed tagavad t\u00f6\u00f6rista funktsionaalsuse ja vastupidavuse.<\/li>\n<\/ul>\n<\/li>\n<\/ul>\n<h4 class=\"section-label m-b-lg font-regular font-md\"><a class=\"btn btn-primary\" style=\"float: right; width: 336px; height: 50px;\" href=\"https:\/\/ripley-tools.com\/wp-content\/uploads\/2022\/05\/FO-103-Instruction-Sheet-EN.pdf\" target=\"_blank\" rel=\"noopener noreferrer\">PRODUCT INSTRUCTION SHEET PDF<\/a><\/h4>","protected":false},"excerpt":{"rendered":"<p><a title=\"Ripley\u00ae Miller Series link\" href=\"https:\/\/ripley-tools.com\/brand\/miller\/\"><img loading=\"lazy\" decoding=\"async\" class=\"\" src=\"https:\/\/ripley-tools.com\/wp-content\/uploads\/2024\/02\/Ripley-Miller-Logo-RGB.png\" alt=\"\" width=\"140\" height=\"39\" \/><\/a><\/p>\n<p>103-S Series<\/p>\n<p class=\"font-md m-b-sm\">1 Hole Fiber Optic Stripper<\/p>\n<p>Compact, single-hole design for efficient fiber buffer coat stripping.<\/p>\n<p>&nbsp;<\/p>\n<p>&nbsp;<\/p>","protected":false},"featured_media":21130,"comment_status":"open","ping_status":"closed","template":"","meta":{"jetpack_post_was_ever_published":false,"jetpack_publicize_message":"","jetpack_publicize_feature_enabled":true,"jetpack_social_post_already_shared":true,"jetpack_social_options":{"image_generator_settings":{"template":"highway","default_image_id":0,"font":"","enabled":false},"version":2}},"product_brand":[],"product_cat":[116,115],"product_tag":[1079,92,16],"class_list":{"0":"post-21128","1":"product","2":"type-product","3":"status-publish","4":"has-post-thumbnail","6":"product_cat-fiber-optic-stripper","7":"product_cat-fiber-optic-tools","8":"product_tag-fiber-optic-stripper","9":"product_tag-fiber-optic-tools","10":"product_tag-fiber-optics","12":"first","13":"instock","14":"taxable","15":"shipping-taxable","16":"purchasable","17":"product-type-simple"},"jetpack_publicize_connections":[],"jetpack_sharing_enabled":true,"_links":{"self":[{"href":"https:\/\/fiberoptics24.eu\/et\/wp-json\/wp\/v2\/product\/21128","targetHints":{"allow":["GET"]}}],"collection":[{"href":"https:\/\/fiberoptics24.eu\/et\/wp-json\/wp\/v2\/product"}],"about":[{"href":"https:\/\/fiberoptics24.eu\/et\/wp-json\/wp\/v2\/types\/product"}],"replies":[{"embeddable":true,"href":"https:\/\/fiberoptics24.eu\/et\/wp-json\/wp\/v2\/comments?post=21128"}],"wp:featuredmedia":[{"embeddable":true,"href":"https:\/\/fiberoptics24.eu\/et\/wp-json\/wp\/v2\/media\/21130"}],"wp:attachment":[{"href":"https:\/\/fiberoptics24.eu\/et\/wp-json\/wp\/v2\/media?parent=21128"}],"wp:term":[{"taxonomy":"product_brand","embeddable":true,"href":"https:\/\/fiberoptics24.eu\/et\/wp-json\/wp\/v2\/product_brand?post=21128"},{"taxonomy":"product_cat","embeddable":true,"href":"https:\/\/fiberoptics24.eu\/et\/wp-json\/wp\/v2\/product_cat?post=21128"},{"taxonomy":"product_tag","embeddable":true,"href":"https:\/\/fiberoptics24.eu\/et\/wp-json\/wp\/v2\/product_tag?post=21128"}],"curies":[{"name":"wp","href":"https:\/\/api.w.org\/{rel}","templated":true}]}}