{"id":4854,"date":"2018-12-04T15:15:12","date_gmt":"2018-12-04T13:15:12","guid":{"rendered":"https:\/\/fiberoptics24-eu.vserver.zonevs.eu\/?post_type=product&#038;p=4854"},"modified":"2020-09-14T13:31:53","modified_gmt":"2020-09-14T11:31:53","slug":"cleaning-tool-cct-250","status":"publish","type":"product","link":"https:\/\/fiberoptics24.eu\/et\/toode\/cleaning-tool-cct-250\/","title":{"rendered":"Puhastus t\u00f6\u00f6riist CCT-250"},"content":{"rendered":"<p><strong>Puhastus t\u00f6\u00f6riist CCT-250 2.5mm FC\/SC\/ST pistikute jaoks<\/strong><\/p>\n<p>CCT\u2122 Clear Connection Tool  koos FOCCUS\u2122 MX Precision puhastuspliiatsiga on kiire ja lihtne fiiberoptika puhastus meetod. Otspinna, adapteri sisese v\u00f5i kaabelotsastatud pistikute puhastamiseks. CCT on lihtne kasutusmehanism, mis ainult \u00fche l\u00fchikese surumise ja vajutusega tagab suurep\u00e4rase otspinna puhtuse.<\/p>\n<p>CCT Puhastuskomplekt on koos MX Precision puhastuspliiatsiga. Niisuta CCT kangast ots MX pliiatsiga, \u00fchenda CCT ots pistikuga ja suru t\u00f6\u00f6riistale kuni k\u00e4ib \u00fcks kl\u00f5ksatus, otspinna ideaalne puhastus ongi tehtud. Kombineeritud puhastus eemaldab kogu mustuse esimese korraga, mis aitab v\u00e4ltida halvast \u00fchendusest tulenevaid parandust\u00f6id.<\/p>","protected":false},"excerpt":{"rendered":"<p>CHEMTRONICS<\/p>\n<p><strong>OMADUSED JA EELISED<\/strong><\/p>\n<ul class=\"features-list\">\n<li>Puhastab nii paneelis kui h\u00fcppekaablites olevad pistikud<\/li>\n<li>Kombineeritud puhastusprotsess nii esmakordsel kui igal puhastusel<\/li>\n<li>Efektiivne suurima hulga erineva saaste vastu<\/li>\n<li>V\u00e4ga lihtsasti saavutatav kiire ja usaldusv\u00e4\u00e4rne puhastus<\/li>\n<li>Rugged and durable, great for all work sites<\/li>\n<li>Cleans UPC and APC connectors<\/li>\n<li>Up to 800 cleanings per kit &#8212; <b>- 33% rohkem kui teiste seadmetega<\/b><\/li>\n<\/ul>","protected":false},"featured_media":5364,"comment_status":"closed","ping_status":"closed","template":"","meta":{"jetpack_post_was_ever_published":false,"jetpack_publicize_message":"","jetpack_publicize_feature_enabled":true,"jetpack_social_post_already_shared":false,"jetpack_social_options":{"image_generator_settings":{"template":"highway","default_image_id":0,"font":"","enabled":false},"version":2}},"product_brand":[],"product_cat":[114],"product_tag":[16],"class_list":{"0":"post-4854","1":"product","2":"type-product","3":"status-publish","4":"has-post-thumbnail","6":"product_cat-fiber-optic-cleaning","7":"product_tag-fiber-optics","9":"first","10":"onbackorder","11":"taxable","12":"shipping-taxable","13":"purchasable","14":"product-type-simple"},"jetpack_publicize_connections":[],"jetpack_sharing_enabled":true,"_links":{"self":[{"href":"https:\/\/fiberoptics24.eu\/et\/wp-json\/wp\/v2\/product\/4854","targetHints":{"allow":["GET"]}}],"collection":[{"href":"https:\/\/fiberoptics24.eu\/et\/wp-json\/wp\/v2\/product"}],"about":[{"href":"https:\/\/fiberoptics24.eu\/et\/wp-json\/wp\/v2\/types\/product"}],"replies":[{"embeddable":true,"href":"https:\/\/fiberoptics24.eu\/et\/wp-json\/wp\/v2\/comments?post=4854"}],"wp:featuredmedia":[{"embeddable":true,"href":"https:\/\/fiberoptics24.eu\/et\/wp-json\/wp\/v2\/media\/5364"}],"wp:attachment":[{"href":"https:\/\/fiberoptics24.eu\/et\/wp-json\/wp\/v2\/media?parent=4854"}],"wp:term":[{"taxonomy":"product_brand","embeddable":true,"href":"https:\/\/fiberoptics24.eu\/et\/wp-json\/wp\/v2\/product_brand?post=4854"},{"taxonomy":"product_cat","embeddable":true,"href":"https:\/\/fiberoptics24.eu\/et\/wp-json\/wp\/v2\/product_cat?post=4854"},{"taxonomy":"product_tag","embeddable":true,"href":"https:\/\/fiberoptics24.eu\/et\/wp-json\/wp\/v2\/product_tag?post=4854"}],"curies":[{"name":"wp","href":"https:\/\/api.w.org\/{rel}","templated":true}]}}