{"id":4866,"date":"2018-12-04T12:59:35","date_gmt":"2018-12-04T10:59:35","guid":{"rendered":"https:\/\/fiberoptics24-eu.vserver.zonevs.eu\/?post_type=product&#038;p=4866"},"modified":"2019-04-23T12:42:16","modified_gmt":"2019-04-23T10:42:16","slug":"electro-wash-mx-pen-fw2150","status":"publish","type":"product","link":"https:\/\/fiberoptics24.eu\/et\/toode\/electro-wash-mx-pen-fw2150\/","title":{"rendered":"Electro-Wash MX Pen FW2150"},"content":{"rendered":"<p class=\"product-title\"><strong>Fiberwash MX  fiiberoptika puhastuspliiats<\/strong><\/p>\n<div class=\"full-description\">\n<p>FOCCUS<sup>\u2122<\/sup>\u00a0Fiber-Wash<sup>\u2122<\/sup>\u00a0MX Precision fiiberoptika puhastuspliiats sisaldab  tugevat lahustit mis kkiresti ja ohutult puhastab fiiberoptika pistikute otspinnad, kaablikiud ja keevitused. Samuti v\u00e4hendab see staatilist elektrit mis t\u00f5mbab \u00f5hus\nh\u00f5ljuvat mustust pistiku otspinna k\u00fclge. Puhastuslahus on plastikule ohutu ja ei j\u00e4ta j\u00e4lgi.\nPliiatsis on survestamata lahuse mahuti, mis tagab pliiatsi ohutu ja lihtsa transpordi. Parima tulemuse saaavutamiseks kasuta koos QbE\u00ae<sup>\u00ae<\/sup>\u00a0puhastiga v\u00f5i CCT\u2122 puhastust\u00f6\u00f6riistaga kombineeritud  Combination Cleaning<sup>\u2122<\/sup> puhastusena<\/p>\n<\/div>","protected":false},"excerpt":{"rendered":"<p><strong>OMADUSED JA EELISED<\/strong><\/p>\n<ul class=\"features-list\">\n<li>Tugev, kiirestim\u00f5juv lahustiga puhasti<\/li>\n<li>Puhastab enamlevinud m\u00e4\u00e4rded, tolm, \u00f5li, rasva, erinevad pinnased, soolad ja muut saasteained<\/li>\n<li>Kiiresti aurustuv ei j\u00e4ta j\u00e4lgi<\/li>\n<li>Ohutu plastikule, sobib k\u00f5igile fiiberoptilistele pistikutele<\/li>\n<li>Puhastab \u00fcksi v\u00f5i kombinatsioonis puhastus platformidega, CCT\u2122 t\u00f6\u00f6riistadega v\u00f5i puhastustikkudega<\/li>\n<li>Puhastab ja ellimineerib staatiliseelektri j\u00e4\u00e4ke<\/li>\n<li>Kaasaskantav, kontrollitud puhastuslahuse v\u00e4ljutus<\/li>\n<\/ul>","protected":false},"featured_media":5331,"comment_status":"closed","ping_status":"closed","template":"","meta":{"jetpack_post_was_ever_published":false,"jetpack_publicize_message":"","jetpack_publicize_feature_enabled":true,"jetpack_social_post_already_shared":false,"jetpack_social_options":{"image_generator_settings":{"template":"highway","default_image_id":0,"font":"","enabled":false},"version":2}},"product_brand":[],"product_cat":[114],"product_tag":[16],"class_list":{"0":"post-4866","1":"product","2":"type-product","3":"status-publish","4":"has-post-thumbnail","6":"product_cat-fiber-optic-cleaning","7":"product_tag-fiber-optics","9":"first","10":"instock","11":"taxable","12":"shipping-taxable","13":"purchasable","14":"product-type-simple"},"jetpack_publicize_connections":[],"jetpack_sharing_enabled":true,"_links":{"self":[{"href":"https:\/\/fiberoptics24.eu\/et\/wp-json\/wp\/v2\/product\/4866","targetHints":{"allow":["GET"]}}],"collection":[{"href":"https:\/\/fiberoptics24.eu\/et\/wp-json\/wp\/v2\/product"}],"about":[{"href":"https:\/\/fiberoptics24.eu\/et\/wp-json\/wp\/v2\/types\/product"}],"replies":[{"embeddable":true,"href":"https:\/\/fiberoptics24.eu\/et\/wp-json\/wp\/v2\/comments?post=4866"}],"wp:featuredmedia":[{"embeddable":true,"href":"https:\/\/fiberoptics24.eu\/et\/wp-json\/wp\/v2\/media\/5331"}],"wp:attachment":[{"href":"https:\/\/fiberoptics24.eu\/et\/wp-json\/wp\/v2\/media?parent=4866"}],"wp:term":[{"taxonomy":"product_brand","embeddable":true,"href":"https:\/\/fiberoptics24.eu\/et\/wp-json\/wp\/v2\/product_brand?post=4866"},{"taxonomy":"product_cat","embeddable":true,"href":"https:\/\/fiberoptics24.eu\/et\/wp-json\/wp\/v2\/product_cat?post=4866"},{"taxonomy":"product_tag","embeddable":true,"href":"https:\/\/fiberoptics24.eu\/et\/wp-json\/wp\/v2\/product_tag?post=4866"}],"curies":[{"name":"wp","href":"https:\/\/api.w.org\/{rel}","templated":true}]}}