{"id":4871,"date":"2018-12-06T13:20:07","date_gmt":"2018-12-06T11:20:07","guid":{"rendered":"https:\/\/fiberoptics24-eu.vserver.zonevs.eu\/?post_type=product&#038;p=4871"},"modified":"2020-09-18T10:19:23","modified_gmt":"2020-09-18T08:19:23","slug":"fiber-checker-650nm","status":"publish","type":"product","link":"https:\/\/fiberoptics24.eu\/et\/toode\/fiber-checker-650nm\/","title":{"rendered":"Fiber Checker 650nm"},"content":{"rendered":"<p>Fiber Checker 650nm (O\/P: 3dBm) 2mW<\/p>\n<p>Fiber Checker on v\u00e4ga v\u00f5imekas t\u00f6\u00f6riist fiiberoptiliste kaablite defektide kontrollimiseks. Fiber checker emiteerib fiiberoptilisse kaablisse  650 nm  (punane laserkiir) n\u00e4htavavalguse lainepikkust<br \/>\nning kui kaablis on mingisugune defekt v\u00f5i murdekoht, siis valguslaine murdub ja defektse koha \u00fcmbe tekib ere valguskuma.<\/p>\n<p>Universaal pistikut saab kasutada k\u00f5igi enamlevinud fiiberliidestega, nagu ST \/ SC \/ FC pistikud. Seade on sobilik testimiseks nii sinlglemode kui ka multimode kaablitega. Koos lisa 2.5 mm -<br \/>\n1.5 mm \u00fcleminekuga on v\u00f5imalik lihtsalt testida 1.25 mm diameetriga kaabli  LC v\u00f5i MU pistikuid. N\u00e4htavus on 3 km kuni 5 Km, mis s\u00f5ltub seadme v\u00e4ljundv\u00f5imsusest.<\/p>\n<p>Seadmesse on sisseehitatud  spetsiaalne vooluahel APC (Auto Power Control), mis tagab t\u00f5rgeteta t\u00f6\u00f6 ka n\u00f5rga patareiga.<\/p>\n<p>LD v\u00e4ljundsignaali saab vahetada CW v\u00f5i Pulse Mode vahel, et saavutada erinev visuaalne efekt. Seadmel on tolmukate mis tagab et v\u00e4line saaste ei satuks LD pistikusse. Kate v\u00e4ldib ka eksliku<br \/>\nlaserkiire satumist kellegi silma.<\/p>","protected":false},"excerpt":{"rendered":"<p>LIVERAGE<\/p>","protected":false},"featured_media":5466,"comment_status":"closed","ping_status":"closed","template":"","meta":{"jetpack_post_was_ever_published":false,"jetpack_publicize_message":"","jetpack_publicize_feature_enabled":true,"jetpack_social_post_already_shared":false,"jetpack_social_options":{"image_generator_settings":{"template":"highway","default_image_id":0,"font":"","enabled":false},"version":2}},"product_brand":[],"product_cat":[112],"product_tag":[16],"class_list":{"0":"post-4871","1":"product","2":"type-product","3":"status-publish","4":"has-post-thumbnail","6":"product_cat-fiber-optic-inspection","7":"product_tag-fiber-optics","9":"first","10":"onbackorder","11":"taxable","12":"shipping-taxable","13":"purchasable","14":"product-type-simple"},"jetpack_publicize_connections":[],"jetpack_sharing_enabled":true,"_links":{"self":[{"href":"https:\/\/fiberoptics24.eu\/et\/wp-json\/wp\/v2\/product\/4871","targetHints":{"allow":["GET"]}}],"collection":[{"href":"https:\/\/fiberoptics24.eu\/et\/wp-json\/wp\/v2\/product"}],"about":[{"href":"https:\/\/fiberoptics24.eu\/et\/wp-json\/wp\/v2\/types\/product"}],"replies":[{"embeddable":true,"href":"https:\/\/fiberoptics24.eu\/et\/wp-json\/wp\/v2\/comments?post=4871"}],"wp:featuredmedia":[{"embeddable":true,"href":"https:\/\/fiberoptics24.eu\/et\/wp-json\/wp\/v2\/media\/5466"}],"wp:attachment":[{"href":"https:\/\/fiberoptics24.eu\/et\/wp-json\/wp\/v2\/media?parent=4871"}],"wp:term":[{"taxonomy":"product_brand","embeddable":true,"href":"https:\/\/fiberoptics24.eu\/et\/wp-json\/wp\/v2\/product_brand?post=4871"},{"taxonomy":"product_cat","embeddable":true,"href":"https:\/\/fiberoptics24.eu\/et\/wp-json\/wp\/v2\/product_cat?post=4871"},{"taxonomy":"product_tag","embeddable":true,"href":"https:\/\/fiberoptics24.eu\/et\/wp-json\/wp\/v2\/product_tag?post=4871"}],"curies":[{"name":"wp","href":"https:\/\/api.w.org\/{rel}","templated":true}]}}