{"id":4876,"date":"2018-12-04T13:00:35","date_gmt":"2018-12-04T11:00:35","guid":{"rendered":"https:\/\/fiberoptics24-eu.vserver.zonevs.eu\/?post_type=product&#038;p=4876"},"modified":"2020-01-23T11:07:34","modified_gmt":"2020-01-23T09:07:34","slug":"fiber-wash-pen-fw2190","status":"publish","type":"product","link":"https:\/\/fiberoptics24.eu\/et\/toode\/fiber-wash-pen-fw2190\/","title":{"rendered":"Puhastuspliiats FW2190"},"content":{"rendered":"<p class=\"product-title\"><strong>Fiberwash AQ Fiiberoptika puhastuspliiats<\/strong><\/p>\n<p class=\"product-title\">FOCCUS<sup>\u2122<\/sup>\u00a0Fiberwash<sup>\u2122<\/sup>\u00a0AQ Precision Fiiberoptika puhastuspliiats sisaldab mitte p\u00f5levat, vee baasil lahustit, mis kiiresti ja ohutult puhastab k\u00f5ik fiiberoptiliste pistikute otspinnad. Samuti v\u00e4hendab see staatilist elektrit. Puhastuslahusti on v\u00e4hese l\u00f5hnaga, plastikule ohutu, ja ei j\u00e4ta j\u00e4lgi. Kuna ta on vee baasil siis omab ta keskonna s\u00f5brlikum, madal VOC ja GWP (Global Warming Potential). Transportimisel on pliiats ohutu kuna ei oma survestatud keret. Parim atulemuse saavutamiseks kasutage koos  QbE\u00ae<sup>\u00ae<\/sup>\u00a0puhastiga v\u00f5i CCT\u2122 puhastust\u00f6\u00f6riistaga kombineeritud  Combination Cleaning<sup>\u2122<\/sup>puhastusena<\/p>","protected":false},"excerpt":{"rendered":"<p><a href=\"https:\/\/www.chemtronics.com\/\">CHEMTRONICS<\/a><\/p>\n<p><strong>OMADUSED JA EELISED<\/strong><\/p>\n<ul class=\"features-list\">\n<li>Mittep\u00f5lev vesilahuseline puhasti<\/li>\n<li>Eemaldab laias valikus mustust: tolmu, \u00f5lisid, erinevaid pinnase saastet, soolasid ja teisi saasteid<\/li>\n<li>Kuivades ei j\u00e4ta j\u00e4lgi, madal VOC, madal globaase soojenemise ohustaja (GWP)<\/li>\n<li>Puhastab \u00fcksi v\u00f5i kombinatsioonis puhastus platformidega, CCT\u2122 t\u00f6\u00f6riistadega v\u00f5i puhastustikkudega<\/li>\n<li>Puhastab ja ellimineerib staatiliseelektri j\u00e4\u00e4ke<\/li>\n<li>Kaasaskantav, kontrollitud puhastuslahuse v\u00e4ljutus<\/li>\n<\/ul>","protected":false},"featured_media":5328,"comment_status":"closed","ping_status":"closed","template":"","meta":{"jetpack_post_was_ever_published":false,"jetpack_publicize_message":"","jetpack_publicize_feature_enabled":true,"jetpack_social_post_already_shared":false,"jetpack_social_options":{"image_generator_settings":{"template":"highway","default_image_id":0,"font":"","enabled":false},"version":2}},"product_brand":[],"product_cat":[114],"product_tag":[16],"class_list":{"0":"post-4876","1":"product","2":"type-product","3":"status-publish","4":"has-post-thumbnail","6":"product_cat-fiber-optic-cleaning","7":"product_tag-fiber-optics","9":"first","10":"instock","11":"taxable","12":"shipping-taxable","13":"purchasable","14":"product-type-simple"},"jetpack_publicize_connections":[],"jetpack_sharing_enabled":true,"_links":{"self":[{"href":"https:\/\/fiberoptics24.eu\/et\/wp-json\/wp\/v2\/product\/4876","targetHints":{"allow":["GET"]}}],"collection":[{"href":"https:\/\/fiberoptics24.eu\/et\/wp-json\/wp\/v2\/product"}],"about":[{"href":"https:\/\/fiberoptics24.eu\/et\/wp-json\/wp\/v2\/types\/product"}],"replies":[{"embeddable":true,"href":"https:\/\/fiberoptics24.eu\/et\/wp-json\/wp\/v2\/comments?post=4876"}],"wp:featuredmedia":[{"embeddable":true,"href":"https:\/\/fiberoptics24.eu\/et\/wp-json\/wp\/v2\/media\/5328"}],"wp:attachment":[{"href":"https:\/\/fiberoptics24.eu\/et\/wp-json\/wp\/v2\/media?parent=4876"}],"wp:term":[{"taxonomy":"product_brand","embeddable":true,"href":"https:\/\/fiberoptics24.eu\/et\/wp-json\/wp\/v2\/product_brand?post=4876"},{"taxonomy":"product_cat","embeddable":true,"href":"https:\/\/fiberoptics24.eu\/et\/wp-json\/wp\/v2\/product_cat?post=4876"},{"taxonomy":"product_tag","embeddable":true,"href":"https:\/\/fiberoptics24.eu\/et\/wp-json\/wp\/v2\/product_tag?post=4876"}],"curies":[{"name":"wp","href":"https:\/\/api.w.org\/{rel}","templated":true}]}}