{"id":4917,"date":"2019-08-07T15:01:01","date_gmt":"2019-08-07T13:01:01","guid":{"rendered":"https:\/\/fiberoptics24-eu.vserver.zonevs.eu\/?post_type=product&#038;p=4917"},"modified":"2020-07-16T15:12:59","modified_gmt":"2020-07-16T13:12:59","slug":"fo-kliendikarp-fn-4-1xsc-86x86x24","status":"publish","type":"product","link":"https:\/\/fiberoptics24.eu\/et\/toode\/fo-kliendikarp-fn-4-1xsc-86x86x24\/","title":{"rendered":"FO Kliendikarp FN-4 1xSC"},"content":{"rendered":"<p>Otsastuskarp sisetingimustesse. Seina kinnitusega kerga ja kompaktne.<br \/>\nM\u00f5\u00f5dud on 86x86x27 mm. Sobib SC simplex v\u00f5i LC duplex adapteritele (1tk).<\/p>","protected":false},"excerpt":{"rendered":"<ul>\n<li>Small and light-weight.<\/li>\n<li>Durable\u00a0 and reliable.<\/li>\n<li>Lihtne kasutada.<\/li>\n<li>Simple maintenance.<\/li>\n<\/ul>","protected":false},"featured_media":8842,"comment_status":"closed","ping_status":"closed","template":"","meta":{"jetpack_post_was_ever_published":false,"jetpack_publicize_message":"","jetpack_publicize_feature_enabled":true,"jetpack_social_post_already_shared":true,"jetpack_social_options":{"image_generator_settings":{"template":"highway","default_image_id":0,"font":"","enabled":false},"version":2}},"product_brand":[],"product_cat":[526],"product_tag":[531],"class_list":{"0":"post-4917","1":"product","2":"type-product","3":"status-publish","4":"has-post-thumbnail","6":"product_cat-terminal-boxes","7":"product_tag-fiber-optic","9":"first","10":"instock","11":"taxable","12":"shipping-taxable","13":"purchasable","14":"product-type-simple"},"jetpack_publicize_connections":[],"jetpack_sharing_enabled":true,"_links":{"self":[{"href":"https:\/\/fiberoptics24.eu\/et\/wp-json\/wp\/v2\/product\/4917","targetHints":{"allow":["GET"]}}],"collection":[{"href":"https:\/\/fiberoptics24.eu\/et\/wp-json\/wp\/v2\/product"}],"about":[{"href":"https:\/\/fiberoptics24.eu\/et\/wp-json\/wp\/v2\/types\/product"}],"replies":[{"embeddable":true,"href":"https:\/\/fiberoptics24.eu\/et\/wp-json\/wp\/v2\/comments?post=4917"}],"wp:featuredmedia":[{"embeddable":true,"href":"https:\/\/fiberoptics24.eu\/et\/wp-json\/wp\/v2\/media\/8842"}],"wp:attachment":[{"href":"https:\/\/fiberoptics24.eu\/et\/wp-json\/wp\/v2\/media?parent=4917"}],"wp:term":[{"taxonomy":"product_brand","embeddable":true,"href":"https:\/\/fiberoptics24.eu\/et\/wp-json\/wp\/v2\/product_brand?post=4917"},{"taxonomy":"product_cat","embeddable":true,"href":"https:\/\/fiberoptics24.eu\/et\/wp-json\/wp\/v2\/product_cat?post=4917"},{"taxonomy":"product_tag","embeddable":true,"href":"https:\/\/fiberoptics24.eu\/et\/wp-json\/wp\/v2\/product_tag?post=4917"}],"curies":[{"name":"wp","href":"https:\/\/api.w.org\/{rel}","templated":true}]}}