{"id":5409,"date":"2018-12-05T12:17:08","date_gmt":"2018-12-05T10:17:08","guid":{"rendered":"https:\/\/fiberoptics24-eu.vserver.zonevs.eu\/?post_type=product&#038;p=5409"},"modified":"2020-01-23T10:46:07","modified_gmt":"2020-01-23T08:46:07","slug":"fusion-splice-wipes","status":"publish","type":"product","link":"https:\/\/fiberoptics24.eu\/et\/toode\/fusion-splice-wipes\/","title":{"rendered":"Fusion Splice Wipes"},"content":{"rendered":"<h1 class=\"product-title\">FSW Fusion Splice Wipe<\/h1>\n<div class=\"full-description\">\n<p>Versatile dry wipe in a convenient hand-sized tub. Use dry or wetted with preferred cleaning solvent. Wipes are non-scratching,<br \/>\nnon-linting, soft andabsorbent. Wipes feature aperture pockets to collect grittyparticles. Compact size ideal fortool kits,<br \/>\ncleaning kitsand tight work spaces.<\/p>\n<\/div>\n<p>100 salvr\u00e4tikut tuubis<\/p>\n<p>&nbsp;<\/p>\n<p>&nbsp;<\/p>","protected":false},"excerpt":{"rendered":"<p>CHEMTRONICS<\/p>\n<ul class=\"features-list\">\n<li>Kaasakantavas tuubis, kuivad salvr\u00e4tikud, ideaalne t\u00f6\u00f6riistakasti v\u00f5i puhastuskomplekti<\/li>\n<li>V\u00f5ib niisutada vee baasil puhastusvahendite v\u00f5i lahustitega puhastusj\u00f5udluse suurendamiseks<\/li>\n<\/ul>","protected":false},"featured_media":5410,"comment_status":"closed","ping_status":"closed","template":"","meta":{"jetpack_post_was_ever_published":false,"jetpack_publicize_message":"","jetpack_publicize_feature_enabled":true,"jetpack_social_post_already_shared":false,"jetpack_social_options":{"image_generator_settings":{"template":"highway","default_image_id":0,"font":"","enabled":false},"version":2}},"product_brand":[],"product_cat":[114],"product_tag":[16],"class_list":{"0":"post-5409","1":"product","2":"type-product","3":"status-publish","4":"has-post-thumbnail","6":"product_cat-fiber-optic-cleaning","7":"product_tag-fiber-optics","9":"first","10":"instock","11":"taxable","12":"shipping-taxable","13":"purchasable","14":"product-type-simple"},"jetpack_publicize_connections":[],"jetpack_sharing_enabled":true,"_links":{"self":[{"href":"https:\/\/fiberoptics24.eu\/et\/wp-json\/wp\/v2\/product\/5409","targetHints":{"allow":["GET"]}}],"collection":[{"href":"https:\/\/fiberoptics24.eu\/et\/wp-json\/wp\/v2\/product"}],"about":[{"href":"https:\/\/fiberoptics24.eu\/et\/wp-json\/wp\/v2\/types\/product"}],"replies":[{"embeddable":true,"href":"https:\/\/fiberoptics24.eu\/et\/wp-json\/wp\/v2\/comments?post=5409"}],"wp:featuredmedia":[{"embeddable":true,"href":"https:\/\/fiberoptics24.eu\/et\/wp-json\/wp\/v2\/media\/5410"}],"wp:attachment":[{"href":"https:\/\/fiberoptics24.eu\/et\/wp-json\/wp\/v2\/media?parent=5409"}],"wp:term":[{"taxonomy":"product_brand","embeddable":true,"href":"https:\/\/fiberoptics24.eu\/et\/wp-json\/wp\/v2\/product_brand?post=5409"},{"taxonomy":"product_cat","embeddable":true,"href":"https:\/\/fiberoptics24.eu\/et\/wp-json\/wp\/v2\/product_cat?post=5409"},{"taxonomy":"product_tag","embeddable":true,"href":"https:\/\/fiberoptics24.eu\/et\/wp-json\/wp\/v2\/product_tag?post=5409"}],"curies":[{"name":"wp","href":"https:\/\/api.w.org\/{rel}","templated":true}]}}