{"id":5412,"date":"2018-12-05T12:21:54","date_gmt":"2018-12-05T10:21:54","guid":{"rendered":"https:\/\/fiberoptics24-eu.vserver.zonevs.eu\/?post_type=product&#038;p=5412"},"modified":"2022-09-14T14:41:24","modified_gmt":"2022-09-14T12:41:24","slug":"ultrajet-way-duster","status":"publish","type":"product","link":"https:\/\/fiberoptics24.eu\/et\/toode\/ultrajet-way-duster\/","title":{"rendered":"Ultrajet All-Way Duster"},"content":{"rendered":"<p>Ultrajet\u00ae All-Way Duster on uus innovaatiline k\u00f5ikjale sobiv suurima j\u00f5udlusega surugaas puhastamaks k\u00f5ike.<br \/>\nTurvaliseks elektroonika puhastamiseks saab seda surgaasi kasutada igas asendis.<br \/>\nT\u00f6\u00f6tab nii p\u00fcstise kui tagurpidi asendis.<\/p>\n<p><strong>OMADUSED JA EELISED<\/strong><\/p>\n<ul>\n<li>S\u00fcttimattu<\/li>\n<li>\u00dclitugev puhastusj\u00f5ud<\/li>\n<li>Null VOC<\/li>\n<li>Filtreeritud kuni 0,2 mikronini<\/li>\n<li>Ei j\u00e4ta j\u00e4lgi ega m\u00e4\u00e4ri<\/li>\n<li>100% \u00fclipuhas HFC-143a<\/li>\n<li>T\u00e4iesti s\u00fctimattu<\/li>\n<li>Ohutu plastikutele<\/li>\n<\/ul>","protected":false},"excerpt":{"rendered":"<p>CHEMTRONICS<\/p>\n<ul>\n<li>Puhastab fiiberopitlise kaabli pistikuid ja adaptereid<\/li>\n<li>Eemaldab tahked osakesed peegelpindadelt<\/li>\n<li>Eemaldab saasted tundlikelt pindadelt<\/li>\n<\/ul>","protected":false},"featured_media":5413,"comment_status":"closed","ping_status":"closed","template":"","meta":{"jetpack_post_was_ever_published":false,"jetpack_publicize_message":"","jetpack_publicize_feature_enabled":true,"jetpack_social_post_already_shared":false,"jetpack_social_options":{"image_generator_settings":{"template":"highway","default_image_id":0,"font":"","enabled":false},"version":2}},"product_brand":[],"product_cat":[114],"product_tag":[16],"class_list":{"0":"post-5412","1":"product","2":"type-product","3":"status-publish","4":"has-post-thumbnail","6":"product_cat-fiber-optic-cleaning","7":"product_tag-fiber-optics","9":"first","10":"outofstock","11":"taxable","12":"shipping-taxable","13":"purchasable","14":"product-type-simple"},"jetpack_publicize_connections":[],"jetpack_sharing_enabled":true,"_links":{"self":[{"href":"https:\/\/fiberoptics24.eu\/et\/wp-json\/wp\/v2\/product\/5412","targetHints":{"allow":["GET"]}}],"collection":[{"href":"https:\/\/fiberoptics24.eu\/et\/wp-json\/wp\/v2\/product"}],"about":[{"href":"https:\/\/fiberoptics24.eu\/et\/wp-json\/wp\/v2\/types\/product"}],"replies":[{"embeddable":true,"href":"https:\/\/fiberoptics24.eu\/et\/wp-json\/wp\/v2\/comments?post=5412"}],"wp:featuredmedia":[{"embeddable":true,"href":"https:\/\/fiberoptics24.eu\/et\/wp-json\/wp\/v2\/media\/5413"}],"wp:attachment":[{"href":"https:\/\/fiberoptics24.eu\/et\/wp-json\/wp\/v2\/media?parent=5412"}],"wp:term":[{"taxonomy":"product_brand","embeddable":true,"href":"https:\/\/fiberoptics24.eu\/et\/wp-json\/wp\/v2\/product_brand?post=5412"},{"taxonomy":"product_cat","embeddable":true,"href":"https:\/\/fiberoptics24.eu\/et\/wp-json\/wp\/v2\/product_cat?post=5412"},{"taxonomy":"product_tag","embeddable":true,"href":"https:\/\/fiberoptics24.eu\/et\/wp-json\/wp\/v2\/product_tag?post=5412"}],"curies":[{"name":"wp","href":"https:\/\/api.w.org\/{rel}","templated":true}]}}