{"id":5414,"date":"2018-12-05T12:26:22","date_gmt":"2018-12-05T10:26:22","guid":{"rendered":"https:\/\/fiberoptics24-eu.vserver.zonevs.eu\/?post_type=product&#038;p=5414"},"modified":"2020-01-23T11:28:04","modified_gmt":"2020-01-23T09:28:04","slug":"cct-mpo-mtp-mpo","status":"publish","type":"product","link":"https:\/\/fiberoptics24.eu\/et\/toode\/cct-mpo-mtp-mpo\/","title":{"rendered":"CCT-MPO MTP\/MPO"},"content":{"rendered":"<p>Puhastust\u00f6\u00f6rist MPO pistikutele<\/p>","protected":false},"excerpt":{"rendered":"<p><a href=\"https:\/\/www.chemtronics.com\/\" target=\"_blank\" rel=\"noopener noreferrer\"><span style=\"color: #00ccff;\">CHEMTRONICS<\/span><\/a><\/p>\n<p><strong>OMADUSED JA EELISED<\/strong><\/p>\n<ul class=\"features-list\">\n<li>\u00a0Puhastab nii paneelis kui h\u00fcppekaablites olevad pistikud<\/li>\n<li>\u00a0Kombineeritud puhastusprotsess nii esmakordsel kui igal puhastusel<\/li>\n<li>\u00a0Efektiivne suurima hulga erineva saaste vastu<\/li>\n<li>\u00a0V\u00e4ga lihtsasti saavutatav kiire ja usaldusv\u00e4\u00e4rne puhastus<\/li>\n<li>\u00a0Rugged and durable, great for all work sites<\/li>\n<li>Cleans UPC and APC connectors<\/li>\n<li>Up to 800 cleanings per kit &#8212; <b>- 33% rohkem kui teiste seadmetega<\/b><\/li>\n<\/ul>","protected":false},"featured_media":5415,"comment_status":"closed","ping_status":"closed","template":"","meta":{"jetpack_post_was_ever_published":false,"jetpack_publicize_message":"","jetpack_publicize_feature_enabled":true,"jetpack_social_post_already_shared":false,"jetpack_social_options":{"image_generator_settings":{"template":"highway","default_image_id":0,"font":"","enabled":false},"version":2}},"product_brand":[],"product_cat":[114],"product_tag":[16],"class_list":{"0":"post-5414","1":"product","2":"type-product","3":"status-publish","4":"has-post-thumbnail","6":"product_cat-fiber-optic-cleaning","7":"product_tag-fiber-optics","9":"first","10":"instock","11":"taxable","12":"shipping-taxable","13":"purchasable","14":"product-type-simple"},"jetpack_publicize_connections":[],"jetpack_sharing_enabled":true,"_links":{"self":[{"href":"https:\/\/fiberoptics24.eu\/et\/wp-json\/wp\/v2\/product\/5414","targetHints":{"allow":["GET"]}}],"collection":[{"href":"https:\/\/fiberoptics24.eu\/et\/wp-json\/wp\/v2\/product"}],"about":[{"href":"https:\/\/fiberoptics24.eu\/et\/wp-json\/wp\/v2\/types\/product"}],"replies":[{"embeddable":true,"href":"https:\/\/fiberoptics24.eu\/et\/wp-json\/wp\/v2\/comments?post=5414"}],"wp:featuredmedia":[{"embeddable":true,"href":"https:\/\/fiberoptics24.eu\/et\/wp-json\/wp\/v2\/media\/5415"}],"wp:attachment":[{"href":"https:\/\/fiberoptics24.eu\/et\/wp-json\/wp\/v2\/media?parent=5414"}],"wp:term":[{"taxonomy":"product_brand","embeddable":true,"href":"https:\/\/fiberoptics24.eu\/et\/wp-json\/wp\/v2\/product_brand?post=5414"},{"taxonomy":"product_cat","embeddable":true,"href":"https:\/\/fiberoptics24.eu\/et\/wp-json\/wp\/v2\/product_cat?post=5414"},{"taxonomy":"product_tag","embeddable":true,"href":"https:\/\/fiberoptics24.eu\/et\/wp-json\/wp\/v2\/product_tag?post=5414"}],"curies":[{"name":"wp","href":"https:\/\/api.w.org\/{rel}","templated":true}]}}