{"id":5418,"date":"2018-12-05T12:30:00","date_gmt":"2018-12-05T10:30:00","guid":{"rendered":"https:\/\/fiberoptics24-eu.vserver.zonevs.eu\/?post_type=product&#038;p=5418"},"modified":"2020-01-23T11:13:02","modified_gmt":"2020-01-23T09:13:02","slug":"fiberfash-nf-precision","status":"publish","type":"product","link":"https:\/\/fiberoptics24.eu\/et\/toode\/fiberfash-nf-precision\/","title":{"rendered":"Fiberwash NF Precision  Fiber Optic pen"},"content":{"rendered":"<p><strong>FO puhastuspliiats<\/strong><\/p>\n<p class=\"translation-block\">FOCCUS\u2122 Fiberwash\u2122 NF Precision Fiber Optic puhastuspliiats sisaldab mittep\u00f5levat puhastusainet, mis kiiresti ja turvaliselt puhastab pistikute ferrulite otspinnad. Samamoodi v\u00e4hendab see staatilistelektrit, mis t\u00f5mbab ligi \u00f5hus olevat saastet ferruli otspinnale. Puhastus lahus hajub kiiresti ja v\u00e4hese l\u00f5hnaga, see on ohutu plastile ja ei j\u00e4tta kuivades j\u00e4lgi. Sellel on ka madalad VOC omadused. See ilma surveta kest on kergesti transporditav. Parima tulemuse saavutamiseks kasuta seda kobinatsioonis koos QbE\u00ae Cleaning Platform v\u00f5i CCT\u2122 Clean Connect Tool-iga.<\/p>\n<p><strong>Rakendused<\/strong><\/p>\n<ul class=\"features-list\">\n<li>Puhastab UPC ja APC 2.5mm SC (t\u00fc\u00fcp), 1.25mm LC (t\u00fc\u00fcp), MT-t\u00fc\u00fcp ja k\u00f5ik militaarvallas kasutatavad otspinna \u00fchendused<\/li>\n<li>Koost\u00f6\u00f6s Coventry\u00ae brand eelniisutatud lapitega eemaldab edukalt k\u00e4isitsemisest ja keskkonnast tuleneva saaste opitilistelt \u00fchendustelt ja tr\u00fckkplaatidelt<\/li>\n<li>Eemaldab mustuse saatjatelt, v\u00f5imenditelt ja transiiveritelt<\/li>\n<\/ul>","protected":false},"excerpt":{"rendered":"<p><a href=\"https:\/\/www.chemtronics.com\/\">CHEMTRONICS<\/a><\/p>\n<p><strong>OMADUSED JA EELISED<\/strong><\/p>\n<ul class=\"features-list\">\n<li>Mittep\u00f5lev puhastusaine<\/li>\n<li>Eemaldab laias valikus mustust: tolmu, \u00f5lisid, erinevaid pinnase saastet, soolasid ja teisi saasteid<\/li>\n<li>Kuivades ei j\u00e4ta j\u00e4lgi, madal VOC, madal globaase soojenemise ohustaja (GWP)<\/li>\n<li>Puhastab \u00fcksi v\u00f5i kombinatsioonis puhastus platformidega, CCT\u2122 t\u00f6\u00f6riistadega v\u00f5i puhastustikkudega<\/li>\n<li>Puhastab ja ellimineerib staatiliseelektri j\u00e4\u00e4ke<\/li>\n<li>Kaasaskantav, kontrollitud puhastuslahuse v\u00e4ljutus<\/li>\n<\/ul>","protected":false},"featured_media":5419,"comment_status":"closed","ping_status":"closed","template":"","meta":{"jetpack_post_was_ever_published":false,"jetpack_publicize_message":"","jetpack_publicize_feature_enabled":true,"jetpack_social_post_already_shared":false,"jetpack_social_options":{"image_generator_settings":{"template":"highway","default_image_id":0,"font":"","enabled":false},"version":2}},"product_brand":[],"product_cat":[114],"product_tag":[16],"class_list":{"0":"post-5418","1":"product","2":"type-product","3":"status-publish","4":"has-post-thumbnail","6":"product_cat-fiber-optic-cleaning","7":"product_tag-fiber-optics","9":"first","10":"instock","11":"taxable","12":"shipping-taxable","13":"purchasable","14":"product-type-simple"},"jetpack_publicize_connections":[],"jetpack_sharing_enabled":true,"_links":{"self":[{"href":"https:\/\/fiberoptics24.eu\/et\/wp-json\/wp\/v2\/product\/5418","targetHints":{"allow":["GET"]}}],"collection":[{"href":"https:\/\/fiberoptics24.eu\/et\/wp-json\/wp\/v2\/product"}],"about":[{"href":"https:\/\/fiberoptics24.eu\/et\/wp-json\/wp\/v2\/types\/product"}],"replies":[{"embeddable":true,"href":"https:\/\/fiberoptics24.eu\/et\/wp-json\/wp\/v2\/comments?post=5418"}],"wp:featuredmedia":[{"embeddable":true,"href":"https:\/\/fiberoptics24.eu\/et\/wp-json\/wp\/v2\/media\/5419"}],"wp:attachment":[{"href":"https:\/\/fiberoptics24.eu\/et\/wp-json\/wp\/v2\/media?parent=5418"}],"wp:term":[{"taxonomy":"product_brand","embeddable":true,"href":"https:\/\/fiberoptics24.eu\/et\/wp-json\/wp\/v2\/product_brand?post=5418"},{"taxonomy":"product_cat","embeddable":true,"href":"https:\/\/fiberoptics24.eu\/et\/wp-json\/wp\/v2\/product_cat?post=5418"},{"taxonomy":"product_tag","embeddable":true,"href":"https:\/\/fiberoptics24.eu\/et\/wp-json\/wp\/v2\/product_tag?post=5418"}],"curies":[{"name":"wp","href":"https:\/\/api.w.org\/{rel}","templated":true}]}}