{"id":5426,"date":"2018-12-05T12:42:32","date_gmt":"2018-12-05T10:42:32","guid":{"rendered":"https:\/\/fiberoptics24-eu.vserver.zonevs.eu\/?post_type=product&#038;p=5426"},"modified":"2019-04-23T12:25:34","modified_gmt":"2019-04-23T10:25:34","slug":"neoclean-m","status":"publish","type":"product","link":"https:\/\/fiberoptics24.eu\/et\/toode\/neoclean-m\/","title":{"rendered":"NEOCLEAN-M"},"content":{"rendered":"<p>NEOCLEAN-M ATC-NE-M1<\/p>\n<p>Paljud probleemid fiiberoptilistes \u00fchendustes tulenevad optiliste pistikute otspindade m\u00e4\u00e4rdumisest.<\/p>\n<p class=\"translation-block\">NEOCLEAN-M seeria, MPO\/MTP pistikute puhastajad, on loodud spetsiaalselt optiliste pistikute puhastamiseks, et eemaldada ka k\u00f5ige v\u00e4iksemad silmale n\u00e4htamatud osakesed.<\/p>\n<p class=\"translation-block\">Kuna kasutusele on v\u00f5etud MPO tavaline 1 rida 12 kiudu ja 2 rida 24 kiudu pistikud ning laiendatud MPO -16 1 reas 16 kiudu pistikud, on seoses sellega  ka t\u00f5usnud  puhastuse t\u00e4htsus.<\/p>\n<p class=\"translation-block\">NEOCLEAN-M 12 kiu s\u00fcsteemi ja NECLEAN-M2 16 kiu s\u00fcsteemi puhastid vastavad k\u00f5ikidele ferulli otspinna puhastuse vajadustele.<\/p>","protected":false},"excerpt":{"rendered":"<p>NTT AT<\/p>\n<ul>\n<li>T\u00f6\u00f6 \u00fche vajutusega, ei vaja eriv\u00e4lja\u00f5pet<\/li>\n<li>Kompaktne disain ja kasutusmugavus<\/li>\n<li>Sobib nii pistikutele kui adapteritele \u00fches seadmes<\/li>\n<li>Vastab RoHS direktiividele<\/li>\n<\/ul>","protected":false},"featured_media":5427,"comment_status":"closed","ping_status":"closed","template":"","meta":{"jetpack_post_was_ever_published":false,"jetpack_publicize_message":"","jetpack_publicize_feature_enabled":true,"jetpack_social_post_already_shared":false,"jetpack_social_options":{"image_generator_settings":{"template":"highway","default_image_id":0,"font":"","enabled":false},"version":2}},"product_brand":[],"product_cat":[114],"product_tag":[16],"class_list":{"0":"post-5426","1":"product","2":"type-product","3":"status-publish","4":"has-post-thumbnail","6":"product_cat-fiber-optic-cleaning","7":"product_tag-fiber-optics","9":"first","10":"instock","11":"taxable","12":"shipping-taxable","13":"purchasable","14":"product-type-simple"},"jetpack_publicize_connections":[],"jetpack_sharing_enabled":true,"_links":{"self":[{"href":"https:\/\/fiberoptics24.eu\/et\/wp-json\/wp\/v2\/product\/5426","targetHints":{"allow":["GET"]}}],"collection":[{"href":"https:\/\/fiberoptics24.eu\/et\/wp-json\/wp\/v2\/product"}],"about":[{"href":"https:\/\/fiberoptics24.eu\/et\/wp-json\/wp\/v2\/types\/product"}],"replies":[{"embeddable":true,"href":"https:\/\/fiberoptics24.eu\/et\/wp-json\/wp\/v2\/comments?post=5426"}],"wp:featuredmedia":[{"embeddable":true,"href":"https:\/\/fiberoptics24.eu\/et\/wp-json\/wp\/v2\/media\/5427"}],"wp:attachment":[{"href":"https:\/\/fiberoptics24.eu\/et\/wp-json\/wp\/v2\/media?parent=5426"}],"wp:term":[{"taxonomy":"product_brand","embeddable":true,"href":"https:\/\/fiberoptics24.eu\/et\/wp-json\/wp\/v2\/product_brand?post=5426"},{"taxonomy":"product_cat","embeddable":true,"href":"https:\/\/fiberoptics24.eu\/et\/wp-json\/wp\/v2\/product_cat?post=5426"},{"taxonomy":"product_tag","embeddable":true,"href":"https:\/\/fiberoptics24.eu\/et\/wp-json\/wp\/v2\/product_tag?post=5426"}],"curies":[{"name":"wp","href":"https:\/\/api.w.org\/{rel}","templated":true}]}}