{"id":5454,"date":"2018-12-05T15:53:55","date_gmt":"2018-12-05T13:53:55","guid":{"rendered":"https:\/\/fiberoptics24-eu.vserver.zonevs.eu\/?post_type=product&#038;p=5454"},"modified":"2019-02-15T09:06:50","modified_gmt":"2019-02-15T07:06:50","slug":"kevlar-shears-ripley-ks-1","status":"publish","type":"product","link":"https:\/\/fiberoptics24.eu\/et\/toode\/kevlar-shears-ripley-ks-1\/","title":{"rendered":"Kevlar k\u00e4\u00e4rid Ripley KS-1"},"content":{"rendered":"<p>FO Kevlar k\u00e4\u00e4rid<\/p>\n<ul>\n<li>Vastupidavad, kerged ja ergonoomilised k\u00e4\u00e4rid Kevlar\u00ae tugevdatud fiibri ja teiste materjalide l\u00f5ikamiseks.<\/li>\n<li>Hamastatud terad v\u00e4hendavad materjali libisemist ja tagavad iga kord puhta l\u00f5ike .<\/li>\n<li>Terad on toodetud k\u00f5rge s\u00fcsiniku sisaldusega mol\u00fcbdeeni ja vanaadiumi terasest, et tagada pikaealisus.<\/li>\n<\/ul>","protected":false},"excerpt":{"rendered":"<p>Miller\u00ae<\/p>","protected":false},"featured_media":5455,"comment_status":"closed","ping_status":"closed","template":"","meta":{"jetpack_post_was_ever_published":false,"jetpack_publicize_message":"","jetpack_publicize_feature_enabled":true,"jetpack_social_post_already_shared":false,"jetpack_social_options":{"image_generator_settings":{"template":"highway","default_image_id":0,"font":"","enabled":false},"version":2}},"product_brand":[],"product_cat":[115],"product_tag":[16],"class_list":{"0":"post-5454","1":"product","2":"type-product","3":"status-publish","4":"has-post-thumbnail","6":"product_cat-fiber-optic-tools","7":"product_tag-fiber-optics","9":"first","10":"outofstock","11":"taxable","12":"shipping-taxable","13":"product-type-simple"},"jetpack_publicize_connections":[],"jetpack_sharing_enabled":true,"_links":{"self":[{"href":"https:\/\/fiberoptics24.eu\/et\/wp-json\/wp\/v2\/product\/5454","targetHints":{"allow":["GET"]}}],"collection":[{"href":"https:\/\/fiberoptics24.eu\/et\/wp-json\/wp\/v2\/product"}],"about":[{"href":"https:\/\/fiberoptics24.eu\/et\/wp-json\/wp\/v2\/types\/product"}],"replies":[{"embeddable":true,"href":"https:\/\/fiberoptics24.eu\/et\/wp-json\/wp\/v2\/comments?post=5454"}],"wp:featuredmedia":[{"embeddable":true,"href":"https:\/\/fiberoptics24.eu\/et\/wp-json\/wp\/v2\/media\/5455"}],"wp:attachment":[{"href":"https:\/\/fiberoptics24.eu\/et\/wp-json\/wp\/v2\/media?parent=5454"}],"wp:term":[{"taxonomy":"product_brand","embeddable":true,"href":"https:\/\/fiberoptics24.eu\/et\/wp-json\/wp\/v2\/product_brand?post=5454"},{"taxonomy":"product_cat","embeddable":true,"href":"https:\/\/fiberoptics24.eu\/et\/wp-json\/wp\/v2\/product_cat?post=5454"},{"taxonomy":"product_tag","embeddable":true,"href":"https:\/\/fiberoptics24.eu\/et\/wp-json\/wp\/v2\/product_tag?post=5454"}],"curies":[{"name":"wp","href":"https:\/\/api.w.org\/{rel}","templated":true}]}}